{"id":30475,"date":"2025-02-20T23:32:18","date_gmt":"2025-02-20T22:32:18","guid":{"rendered":"http:\/\/olemosaic.com\/producto\/iman-de-metal-panoramica-barcelona-negro-8-cm-2\/"},"modified":"2025-07-25T18:55:34","modified_gmt":"2025-07-25T16:55:34","slug":"aimant-metal-panoramique-barcelone-noir-8-cm-2","status":"publish","type":"product","link":"https:\/\/olemosaic.com\/fr\/produit\/aimant-metal-panoramique-barcelone-noir-8-cm-2\/","title":{"rendered":"Aimant en m\u00e9tal. Panoramique. Casa Batll\u00f3. Barcelone. Noir. 8 cm."},"content":{"rendered":"<p>Cet aimant m\u00e9tallique avec une vue panoramique vibrante de Barcelone est une pi\u00e8ce l\u00e9g\u00e8re et attrayante qui capture l&rsquo;essence de la cit\u00e9 comtale. D&rsquo;une taille de 8 cm, cet aimant se distingue par son design color\u00e9 de style mosa\u00efque, illustrant les monuments embl\u00e9matiques de Barcelone sur un fond noir qui rehausse l&rsquo;intensit\u00e9 de ses couleurs. On y appr\u00e9cie des repr\u00e9sentations artistiques du c\u00e9l\u00e8bre dragon du Parc G\u00fcell, de la majestueuse Casa Batll\u00f3 et de l&rsquo;iconique Sagrada Familia, tous r\u00e9unis dans une image unique et captivante qui c\u00e9l\u00e8bre l&rsquo;architecture moderniste et la cr\u00e9ativit\u00e9 d&rsquo;Antoni Gaud\u00ed.<\/p>\n<p>Ce souvenir n&rsquo;est pas seulement un excellent rappel de la beaut\u00e9 architecturale de la ville, mais aussi un \u00e9l\u00e9ment d\u00e9coratif parfait pour toute surface m\u00e9tallique, id\u00e9al pour la maison ou le bureau. L&rsquo;aimant de Barcelone devient un souvenir culturel significatif, repr\u00e9sentant le riche h\u00e9ritage artistique de la r\u00e9gion.<\/p>\n<p>Chez Ol\u00e9 Mosaic, nous sommes sp\u00e9cialistes de la distribution de souvenirs en gros. Cet aimant de la vue panoramique de Barcelone est un choix parfait pour les boutiques de cadeaux touristiques \u00e0 la recherche de produits authentiques et charg\u00e9s de pertinence culturelle. En tant que grossistes d&rsquo;aimants, nous garantissons la qualit\u00e9 et l&rsquo;originalit\u00e9 de chaque pi\u00e8ce, faisant de cet aimant un cadeau parfait pour les touristes qui souhaitent emporter un morceau de Barcelone.<\/p>\n","protected":false},"excerpt":{"rendered":"<p>Aimant m\u00e9tallique avec une vue panoramique vibrante de Barcelone, mettant en valeur ses monuments embl\u00e9matiques dans un design color\u00e9 de style mosa\u00efque. D&rsquo;une taille de 8 cm, il pr\u00e9sente une repr\u00e9sentation artistique du c\u00e9l\u00e8bre dragon du Parc G\u00fcell, de la Casa Batll\u00f3 et de la Sagrada Familia, le tout sur un fond noir qui fait ressortir les couleurs intenses. Ce souvenir est id\u00e9al pour se souvenir de la beaut\u00e9 architecturale de la cit\u00e9 comtale et d\u00e9corer toute surface m\u00e9tallique.<\/p>\n","protected":false},"featured_media":11420,"template":"","meta":{"_acf_changed":false},"product_brand":[],"product_cat":[697],"product_tag":[],"class_list":{"0":"post-30475","1":"product","2":"type-product","3":"status-publish","4":"has-post-thumbnail","6":"product_cat-aimants","7":"pa_ciudad-barcelona","8":"pa_motivo-panoramas","9":"pa_pais-espana","11":"first","12":"instock","13":"shipping-taxable","14":"product-type-simple"},"acf":[],"_links":{"self":[{"href":"https:\/\/olemosaic.com\/fr\/wp-json\/wp\/v2\/product\/30475","targetHints":{"allow":["GET"]}}],"collection":[{"href":"https:\/\/olemosaic.com\/fr\/wp-json\/wp\/v2\/product"}],"about":[{"href":"https:\/\/olemosaic.com\/fr\/wp-json\/wp\/v2\/types\/product"}],"wp:featuredmedia":[{"embeddable":true,"href":"https:\/\/olemosaic.com\/fr\/wp-json\/wp\/v2\/media\/11420"}],"wp:attachment":[{"href":"https:\/\/olemosaic.com\/fr\/wp-json\/wp\/v2\/media?parent=30475"}],"wp:term":[{"taxonomy":"product_brand","embeddable":true,"href":"https:\/\/olemosaic.com\/fr\/wp-json\/wp\/v2\/product_brand?post=30475"},{"taxonomy":"product_cat","embeddable":true,"href":"https:\/\/olemosaic.com\/fr\/wp-json\/wp\/v2\/product_cat?post=30475"},{"taxonomy":"product_tag","embeddable":true,"href":"https:\/\/olemosaic.com\/fr\/wp-json\/wp\/v2\/product_tag?post=30475"}],"curies":[{"name":"wp","href":"https:\/\/api.w.org\/{rel}","templated":true}]}}