{"id":30471,"date":"2025-02-20T23:32:18","date_gmt":"2025-02-20T22:32:18","guid":{"rendered":"http:\/\/olemosaic.com\/producto\/iman-de-metal-panoramica-barcelona-8-cm-6\/"},"modified":"2025-07-25T19:14:43","modified_gmt":"2025-07-25T17:14:43","slug":"aimant-metal-panoramique-mosaique-batiments-gaudi-barcelone-8-cm","status":"publish","type":"product","link":"https:\/\/olemosaic.com\/fr\/produit\/aimant-metal-panoramique-mosaique-batiments-gaudi-barcelone-8-cm\/","title":{"rendered":"Aimant en m\u00e9tal. Panoramique. Mosa\u00efque. B\u00e2timents Gaud\u00ed. Barcelone. 8 cm."},"content":{"rendered":"<p>Cet aimant m\u00e9tallique avec une vue panoramique vibrante de Barcelone est le souvenir parfait pour ceux qui souhaitent emporter un morceau de cette ville embl\u00e9matique. Avec une taille de 8 cm, ce n&rsquo;est pas seulement un accessoire d\u00e9coratif, mais aussi une fen\u00eatre sur le riche h\u00e9ritage culturel de la capitale catalane. Son design color\u00e9 et attrayant inclut des ic\u00f4nes embl\u00e9matiques telles que la majestueuse Sagrada Familia avec ses tours complexes, la forme singuli\u00e8re de la Casa Mil\u00e0 et l&rsquo;exub\u00e9rant Parc G\u00fcell, le tout repr\u00e9sent\u00e9 dans un style qui \u00e9voque la c\u00e9l\u00e8bre mosa\u00efque de Gaud\u00ed, connue pour son g\u00e9nie artistique et son utilisation de la couleur.<\/p>\n<p>La phrase \u00ab\u00a0I \u2665 Barcelona\u00a0\u00bb souligne la passion que chaque visiteur ressent pour cette ville, transformant l&rsquo;aimant en un symbole d&rsquo;amour et d&rsquo;admiration. Id\u00e9al pour d\u00e9corer n&rsquo;importe quel r\u00e9frig\u00e9rateur, ce souvenir rappellera non seulement des moments sp\u00e9ciaux \u00e0 Barcelone, mais servira \u00e9galement de magnifique sujet de conversation. Chez Ol\u00e9 Mosaic, nous proposons des souvenirs authentiques qui refl\u00e8tent l&rsquo;essence de chaque r\u00e9gion, et cet aimant de Barcelone est une excellente option pour les boutiques de cadeaux touristiques recherchant des produits qui cr\u00e9ent un lien \u00e9motionnel avec les visiteurs. En tant que distributeurs de souvenirs, nous garantissons la qualit\u00e9 et l&rsquo;authenticit\u00e9 que chaque voyageur souhaite ramener chez lui.<\/p>\n","protected":false},"excerpt":{"rendered":"<p>Aimant m\u00e9tallique avec une vue panoramique vibrante de Barcelone, de 8 cm. Cet aimant attrayant pr\u00e9sente un design color\u00e9 qui inclut des ic\u00f4nes embl\u00e9matiques de la ville, comme la Sagrada Familia et le Parc G\u00fcell, avec un style rappelant la mosa\u00efque, \u00e9voquant le caract\u00e8re artistiquement riche de la capitale catalane. Avec le texte \u00ab\u00a0I \u2665 Barcelona\u00a0\u00bb, il capture l&rsquo;essence de la ville dans un format compact et d\u00e9coratif, id\u00e9al pour se souvenir de moments sp\u00e9ciaux.<\/p>\n","protected":false},"featured_media":11415,"template":"","meta":{"_acf_changed":false},"product_brand":[],"product_cat":[697],"product_tag":[],"class_list":{"0":"post-30471","1":"product","2":"type-product","3":"status-publish","4":"has-post-thumbnail","6":"product_cat-aimants","7":"pa_ciudad-barcelona","8":"pa_motivo-panoramas","9":"pa_pais-espana","11":"first","12":"instock","13":"shipping-taxable","14":"product-type-simple"},"acf":[],"_links":{"self":[{"href":"https:\/\/olemosaic.com\/fr\/wp-json\/wp\/v2\/product\/30471","targetHints":{"allow":["GET"]}}],"collection":[{"href":"https:\/\/olemosaic.com\/fr\/wp-json\/wp\/v2\/product"}],"about":[{"href":"https:\/\/olemosaic.com\/fr\/wp-json\/wp\/v2\/types\/product"}],"wp:featuredmedia":[{"embeddable":true,"href":"https:\/\/olemosaic.com\/fr\/wp-json\/wp\/v2\/media\/11415"}],"wp:attachment":[{"href":"https:\/\/olemosaic.com\/fr\/wp-json\/wp\/v2\/media?parent=30471"}],"wp:term":[{"taxonomy":"product_brand","embeddable":true,"href":"https:\/\/olemosaic.com\/fr\/wp-json\/wp\/v2\/product_brand?post=30471"},{"taxonomy":"product_cat","embeddable":true,"href":"https:\/\/olemosaic.com\/fr\/wp-json\/wp\/v2\/product_cat?post=30471"},{"taxonomy":"product_tag","embeddable":true,"href":"https:\/\/olemosaic.com\/fr\/wp-json\/wp\/v2\/product_tag?post=30471"}],"curies":[{"name":"wp","href":"https:\/\/api.w.org\/{rel}","templated":true}]}}