{"id":30469,"date":"2025-02-20T22:32:17","date_gmt":"2025-02-20T22:32:17","guid":{"rendered":"http:\/\/olemosaic.com\/producto\/iman-de-metal-panoramica-sevilla-negro-8-cm\/"},"modified":"2025-07-25T23:38:29","modified_gmt":"2025-07-25T21:38:29","slug":"aimant-en-metal-panoramique-seville-noir-8-cm","status":"publish","type":"product","link":"https:\/\/olemosaic.com\/fr\/produit\/aimant-en-metal-panoramique-seville-noir-8-cm\/","title":{"rendered":"Aimant en m\u00e9tal. Panoramique. S\u00e9ville. Noir. 8 cm."},"content":{"rendered":"<p>Cet aimant m\u00e9tallique avec une vue panoramique de S\u00e9ville est un souvenir vibrant et captivant qui capture l&rsquo;essence de la capitale andalouse. D&rsquo;une taille de 8 cm, cet aimant pr\u00e9sente un design m\u00e9ticuleusement d\u00e9taill\u00e9 qui met en valeur l&rsquo;architecture embl\u00e9matique de S\u00e9ville, notamment la c\u00e9l\u00e8bre Giralda et d&rsquo;autres monuments significatifs. Le fond noir de l&rsquo;aimant sert de toile parfaite qui rehausse les couleurs brillantes et vives de l&rsquo;illustration, cr\u00e9ant un contraste qui attire le regard. Le nom \u00ab\u00a0SEVILLA\u00a0\u00bb est affich\u00e9 en lettres frappantes, ajoutant une touche moderne et attrayante \u00e0 cette pi\u00e8ce d\u00e9corative.<\/p>\n<p>La repr\u00e9sentation panoramique encapsule non seulement la beaut\u00e9 de la ville, mais aussi sa riche histoire et sa culture, ce qui en fait un souvenir id\u00e9al pour ceux qui cherchent \u00e0 ramener chez eux un petit morceau de S\u00e9ville. Cet aimant n&rsquo;est pas seulement un article fonctionnel pour d\u00e9corer la maison, mais il agit \u00e9galement comme un rappel tangible des merveilleuses exp\u00e9riences v\u00e9cues dans cette ville historique.<\/p>\n<p>Chez Ol\u00e9 Mosaic, nous proposons cet aimant de S\u00e9ville dans le cadre de notre s\u00e9lection de souvenirs authentiques, parfaits pour les boutiques de cadeaux touristiques qui cherchent \u00e0 offrir \u00e0 leurs clients une repr\u00e9sentation fid\u00e8le et attrayante de la culture espagnole. Cet aimant est une option de premier plan parmi les souvenirs de S\u00e9ville, soulignant la richesse culturelle et le design exceptionnel qui caract\u00e9risent l&rsquo;artisanat de notre r\u00e9gion.<\/p>\n","protected":false},"excerpt":{"rendered":"<p>Aimant m\u00e9tallique avec une vue panoramique de S\u00e9ville. Cet aimant de 8 cm pr\u00e9sente un design vibrant et color\u00e9 qui compl\u00e8te une repr\u00e9sentation d\u00e9taill\u00e9e de l&rsquo;architecture s\u00e9villane, mettant en valeur des \u00e9l\u00e9ments iconiques tels que la Giralda et d&rsquo;autres monuments embl\u00e9matiques. Le fond noir fait ressortir les couleurs brillantes du design, tandis que le nom \u00ab\u00a0SEVILLA\u00a0\u00bb est affich\u00e9 en lettres frappantes, en faisant un souvenir attrayant et distinctif de la capitale andalouse.<\/p>\n","protected":false},"featured_media":7109,"template":"","meta":{"_acf_changed":false},"product_brand":[],"product_cat":[697],"product_tag":[],"class_list":{"0":"post-30469","1":"product","2":"type-product","3":"status-publish","4":"has-post-thumbnail","6":"product_cat-aimants","7":"pa_ciudad-sevilla","8":"pa_motivo-panoramas","9":"pa_pais-espana","11":"first","12":"instock","13":"shipping-taxable","14":"product-type-simple"},"acf":[],"_links":{"self":[{"href":"https:\/\/olemosaic.com\/fr\/wp-json\/wp\/v2\/product\/30469","targetHints":{"allow":["GET"]}}],"collection":[{"href":"https:\/\/olemosaic.com\/fr\/wp-json\/wp\/v2\/product"}],"about":[{"href":"https:\/\/olemosaic.com\/fr\/wp-json\/wp\/v2\/types\/product"}],"wp:featuredmedia":[{"embeddable":true,"href":"https:\/\/olemosaic.com\/fr\/wp-json\/wp\/v2\/media\/7109"}],"wp:attachment":[{"href":"https:\/\/olemosaic.com\/fr\/wp-json\/wp\/v2\/media?parent=30469"}],"wp:term":[{"taxonomy":"product_brand","embeddable":true,"href":"https:\/\/olemosaic.com\/fr\/wp-json\/wp\/v2\/product_brand?post=30469"},{"taxonomy":"product_cat","embeddable":true,"href":"https:\/\/olemosaic.com\/fr\/wp-json\/wp\/v2\/product_cat?post=30469"},{"taxonomy":"product_tag","embeddable":true,"href":"https:\/\/olemosaic.com\/fr\/wp-json\/wp\/v2\/product_tag?post=30469"}],"curies":[{"name":"wp","href":"https:\/\/api.w.org\/{rel}","templated":true}]}}