{"id":30466,"date":"2025-02-20T22:32:17","date_gmt":"2025-02-20T22:32:17","guid":{"rendered":"http:\/\/olemosaic.com\/producto\/iman-de-metal-panoramica-segovia-8-cm\/"},"modified":"2025-07-25T19:04:21","modified_gmt":"2025-07-25T17:04:21","slug":"aimant-en-metal-panoramique-segovie-8-cm","status":"publish","type":"product","link":"https:\/\/olemosaic.com\/fr\/produit\/aimant-en-metal-panoramique-segovie-8-cm\/","title":{"rendered":"Aimant en m\u00e9tal. Panoramique. S\u00e9govie. 8 cm."},"content":{"rendered":"<p>Cet aimant m\u00e9tallique, avec une vue panoramique color\u00e9e du c\u00e9l\u00e8bre Aqueduc de S\u00e9govie, est un authentique souvenir de cette ville historique espagnole. Avec ses 8 cm, son design vibrant capture la majest\u00e9 de l&rsquo;aqueduc, d\u00e9clar\u00e9 Patrimoine de la Humanit\u00e9 par l&rsquo;UNESCO, mettant en valeur son imposante structure dans un style mosa\u00efque qui \u00e9voque la beaut\u00e9 architecturale de l&rsquo;Antiquit\u00e9. Le fond bleu intense contraste merveilleusement avec les tons chauds et terreux de la pierre de l&rsquo;aqueduc, tandis que l&rsquo;architecture charmante de la vieille ville se devine en arri\u00e8re-plan, cr\u00e9ant une composition visuelle captivante.<\/p>\n<p>L&rsquo;aimant inclut le texte \u00ab\u00a0SEGOVIA\u00a0\u00bb en lettres d\u00e9tach\u00e9es, ce qui ajoute non seulement une touche d&rsquo;authenticit\u00e9, mais en fait \u00e9galement un excellent souvenir pour ceux qui recherchent un rappel symbolisant leur visite dans cette ville embl\u00e9matique. Ce produit est id\u00e9al pour les touristes qui souhaitent emporter un petit morceau de la culture et de l&rsquo;histoire de S\u00e9govie, \u00e9tant par ailleurs une option parfaite pour les boutiques de cadeaux touristiques \u00e0 la recherche de souvenirs repr\u00e9sentatifs.<\/p>\n<p>Chez Ol\u00e9 Mosaic, nous nous consacrons \u00e0 la distribution de souvenirs en gros, offrant des articles authentiques qui refl\u00e8tent la richesse culturelle de l&rsquo;Espagne. Cet aimant n&rsquo;est pas seulement un excellent choix pour les touristes, mais repr\u00e9sente \u00e9galement une offre int\u00e9ressante pour les grossistes en souvenirs, garantissant que chaque d\u00e9tail \u00e9veille l&rsquo;int\u00e9r\u00eat des visiteurs pour la beaut\u00e9 et l&rsquo;histoire de S\u00e9govie.<\/p>\n","protected":false},"excerpt":{"rendered":"<p>Aimant m\u00e9tallique avec une vue panoramique color\u00e9e du c\u00e9l\u00e8bre Aqueduc de S\u00e9govie. D&rsquo;une taille de 8 cm, cet aimant pr\u00e9sente une illustration vibrante en style mosa\u00efque qui capture la majest\u00e9 de l&rsquo;aqueduc, entour\u00e9 par l&rsquo;architecture charmante de la vieille ville. Le fond bleu intense contraste merveilleusement avec les tons chauds de la pierre, et inclut le mot \u00ab\u00a0SEGOVIA\u00a0\u00bb en lettres d\u00e9tach\u00e9es, ce qui en fait un excellent souvenir de cette ville historique.<\/p>\n","protected":false},"featured_media":10453,"template":"","meta":{"_acf_changed":false},"product_brand":[],"product_cat":[697],"product_tag":[],"class_list":{"0":"post-30466","1":"product","2":"type-product","3":"status-publish","4":"has-post-thumbnail","6":"product_cat-aimants","7":"pa_ciudad-segovia","8":"pa_motivo-panoramas","9":"pa_pais-espana","11":"first","12":"instock","13":"shipping-taxable","14":"product-type-simple"},"acf":[],"_links":{"self":[{"href":"https:\/\/olemosaic.com\/fr\/wp-json\/wp\/v2\/product\/30466","targetHints":{"allow":["GET"]}}],"collection":[{"href":"https:\/\/olemosaic.com\/fr\/wp-json\/wp\/v2\/product"}],"about":[{"href":"https:\/\/olemosaic.com\/fr\/wp-json\/wp\/v2\/types\/product"}],"wp:featuredmedia":[{"embeddable":true,"href":"https:\/\/olemosaic.com\/fr\/wp-json\/wp\/v2\/media\/10453"}],"wp:attachment":[{"href":"https:\/\/olemosaic.com\/fr\/wp-json\/wp\/v2\/media?parent=30466"}],"wp:term":[{"taxonomy":"product_brand","embeddable":true,"href":"https:\/\/olemosaic.com\/fr\/wp-json\/wp\/v2\/product_brand?post=30466"},{"taxonomy":"product_cat","embeddable":true,"href":"https:\/\/olemosaic.com\/fr\/wp-json\/wp\/v2\/product_cat?post=30466"},{"taxonomy":"product_tag","embeddable":true,"href":"https:\/\/olemosaic.com\/fr\/wp-json\/wp\/v2\/product_tag?post=30466"}],"curies":[{"name":"wp","href":"https:\/\/api.w.org\/{rel}","templated":true}]}}