{"id":30465,"date":"2025-02-20T22:32:17","date_gmt":"2025-02-20T22:32:17","guid":{"rendered":"http:\/\/olemosaic.com\/producto\/iman-de-metal-panoramica-toledo-plata-8-cm\/"},"modified":"2025-07-25T18:36:47","modified_gmt":"2025-07-25T16:36:47","slug":"aimant-en-metal-panoramique-tolede-argent-8-cm","status":"publish","type":"product","link":"https:\/\/olemosaic.com\/fr\/produit\/aimant-en-metal-panoramique-tolede-argent-8-cm\/","title":{"rendered":"Aimant en m\u00e9tal. Panoramique. Tol\u00e8de. Argent. 8 cm."},"content":{"rendered":"<p>Cet aimant m\u00e9tallique, avec une vue panoramique color\u00e9e de Tol\u00e8de, est la repr\u00e9sentation parfaite de la majest\u00e9 de cette ville historique. D&rsquo;une taille de 8 cm, ce souvenir attrayant pr\u00e9sente un design inspir\u00e9 des mosa\u00efques qui c\u00e9l\u00e8bre le riche h\u00e9ritage architectural de Tol\u00e8de, l&rsquo;une des villes les plus embl\u00e9matiques d&rsquo;Espagne. L&rsquo;aimant met en avant l&rsquo;iconique Cath\u00e9drale, avec ses tours impressionnantes et ses d\u00e9tails gothiques, aux c\u00f4t\u00e9s du majestueux Alc\u00e1zar, symbole de l&rsquo;histoire militaire de la r\u00e9gion. Le mot \u00ab\u00a0TOLEDO\u00a0\u00bb, imprim\u00e9 en lettres vibrantes, est fi\u00e8rement positionn\u00e9 en haut, tandis qu&rsquo;une bordure multicolore entoure la vue panoramique, \u00e9voquant la tradition culturelle de la r\u00e9gion et ajoutant une touche de modernit\u00e9.<\/p>\n<p>Ce souvenir n&rsquo;est pas seulement un aimant d\u00e9coratif, mais un rappel tangible de la beaut\u00e9 et de la richesse culturelle de Tol\u00e8de, id\u00e9al pour ceux qui souhaitent ramener un morceau d&rsquo;histoire chez eux. Ol\u00e9 Mosaic est fier de proposer ce type de souvenirs authentiques qui repr\u00e9sentent l&rsquo;essence de l&rsquo;Espagne. Parfait pour les boutiques de cadeaux touristiques, cet aimant encapsule la magie de Tol\u00e8de, devenant une option id\u00e9ale tant pour les touristes que pour les collectionneurs. Chaque aimant est un t\u00e9moignage de l&rsquo;artisanat local et de la passion pour la culture, faisant de cet aimant de Tol\u00e8de un excellent choix pour ceux qui appr\u00e9cient les souvenirs de qualit\u00e9.<\/p>\n","protected":false},"excerpt":{"rendered":"<p>Aimant en m\u00e9tal avec une vue panoramique color\u00e9e de Tol\u00e8de, mettant en valeur la majest\u00e9 de ses monuments dans un design inspir\u00e9 des mosa\u00efques. D&rsquo;une taille de 8 cm, il pr\u00e9sente des d\u00e9tails artistiques repr\u00e9sentant l&rsquo;architecture distinctive de la ville, notamment l&rsquo;iconique Cath\u00e9drale et l&rsquo;Alc\u00e1zar. Le mot \u00ab\u00a0TOLEDO\u00a0\u00bb est imprim\u00e9 en lettres vibrantes, encadr\u00e9 par une bordure multicolore \u00e9voquant la tradition culturelle de la r\u00e9gion. Un souvenir id\u00e9al pour se souvenir de la beaut\u00e9 de cette destination historique.<\/p>\n","protected":false},"featured_media":9901,"template":"","meta":{"_acf_changed":false},"product_brand":[],"product_cat":[697],"product_tag":[],"class_list":{"0":"post-30465","1":"product","2":"type-product","3":"status-publish","4":"has-post-thumbnail","6":"product_cat-aimants","7":"pa_ciudad-toledo","8":"pa_motivo-panoramas","9":"pa_pais-espana","11":"first","12":"instock","13":"shipping-taxable","14":"product-type-simple"},"acf":[],"_links":{"self":[{"href":"https:\/\/olemosaic.com\/fr\/wp-json\/wp\/v2\/product\/30465","targetHints":{"allow":["GET"]}}],"collection":[{"href":"https:\/\/olemosaic.com\/fr\/wp-json\/wp\/v2\/product"}],"about":[{"href":"https:\/\/olemosaic.com\/fr\/wp-json\/wp\/v2\/types\/product"}],"wp:featuredmedia":[{"embeddable":true,"href":"https:\/\/olemosaic.com\/fr\/wp-json\/wp\/v2\/media\/9901"}],"wp:attachment":[{"href":"https:\/\/olemosaic.com\/fr\/wp-json\/wp\/v2\/media?parent=30465"}],"wp:term":[{"taxonomy":"product_brand","embeddable":true,"href":"https:\/\/olemosaic.com\/fr\/wp-json\/wp\/v2\/product_brand?post=30465"},{"taxonomy":"product_cat","embeddable":true,"href":"https:\/\/olemosaic.com\/fr\/wp-json\/wp\/v2\/product_cat?post=30465"},{"taxonomy":"product_tag","embeddable":true,"href":"https:\/\/olemosaic.com\/fr\/wp-json\/wp\/v2\/product_tag?post=30465"}],"curies":[{"name":"wp","href":"https:\/\/api.w.org\/{rel}","templated":true}]}}