{"id":30453,"date":"2025-02-20T22:32:16","date_gmt":"2025-02-20T22:32:16","guid":{"rendered":"http:\/\/olemosaic.com\/producto\/iman-de-metal-panoramica-madrid-8-cm\/"},"modified":"2025-07-25T20:38:00","modified_gmt":"2025-07-25T18:38:00","slug":"aimant-metal-panoramique-madrid-8-cm","status":"publish","type":"product","link":"https:\/\/olemosaic.com\/fr\/produit\/aimant-metal-panoramique-madrid-8-cm\/","title":{"rendered":"Aimant en m\u00e9tal. Panoramique. Madrid. 8 cm."},"content":{"rendered":"<p>Cet aimant m\u00e9tallique, avec une vue panoramique color\u00e9e de Madrid, est le souvenir parfait pour ceux qui veulent emporter un souvenir embl\u00e9matique de la capitale espagnole. D&rsquo;une taille de 8 cm, cet aimant attrayant pr\u00e9sente une repr\u00e9sentation artistique en mosa\u00efque de l&rsquo;iconique Puerta de Alcal\u00e1, un monument qui symbolise l&rsquo;histoire et la grandeur de la ville. L&rsquo;illustration capture non seulement la majest\u00e9 de la porte, mais aussi d&rsquo;autres \u00e9l\u00e9ments embl\u00e9matiques tels que les lions et un char, le tout sur un fond bleu vibrant qui fait ressortir les couleurs \u00e9clatantes et le design moderne de l&rsquo;aimant.<\/p>\n<p>Les d\u00e9tails m\u00e9ticuleusement soign\u00e9s, des textures de la pierre de la Puerta de Alcal\u00e1 aux motifs d\u00e9licats de la d\u00e9coration, font de cette pi\u00e8ce un objet de grande valeur esth\u00e9tique et culturelle. Cet aimant n&rsquo;est pas seulement un accessoire pratique pour la maison, mais aussi un rappel visuel du riche h\u00e9ritage de Madrid, id\u00e9al pour les collectionneurs et comme cadeau significatif pour les amis et la famille.<\/p>\n<p>Chez Ol\u00e9 Mosaic, nous proposons cet aimant, ainsi qu&rsquo;une vari\u00e9t\u00e9 de souvenirs de Madrid de haute qualit\u00e9, parfaits pour les boutiques de cadeaux touristiques \u00e0 la recherche d&rsquo;articles authentiques et repr\u00e9sentatifs de la culture espagnole. Cet aimant avec la vue panoramique de Madrid est un ajout brillant \u00e0 toute collection de souvenirs de Madrid, soulignant sa pertinence culturelle et son authenticit\u00e9 comme souvenir d&rsquo;un voyage inoubliable.<\/p>\n","protected":false},"excerpt":{"rendered":"<p>Aimant m\u00e9tallique avec une vue panoramique color\u00e9e de Madrid, de 8 cm. Cet aimant attrayant pr\u00e9sente une repr\u00e9sentation en mosa\u00efque de l&rsquo;iconique Puerta de Alcal\u00e1, accompagn\u00e9e d&rsquo;\u00e9l\u00e9ments embl\u00e9matiques tels que des lions et un char, sur un fond bleu vibrant. Ses teintes \u00e9clatantes et son design artistique lui conf\u00e8rent une touche moderne et attrayante, id\u00e9ale pour se souvenir de la beaut\u00e9 de la capitale espagnole. Un souvenir parfait pour les collectionneurs ou pour offrir.<\/p>\n","protected":false},"featured_media":9900,"template":"","meta":{"_acf_changed":false},"product_brand":[],"product_cat":[697],"product_tag":[],"class_list":{"0":"post-30453","1":"product","2":"type-product","3":"status-publish","4":"has-post-thumbnail","6":"product_cat-aimants","7":"pa_ciudad-madrid","8":"pa_motivo-panoramas","9":"pa_pais-espana","11":"first","12":"instock","13":"shipping-taxable","14":"product-type-simple"},"acf":[],"_links":{"self":[{"href":"https:\/\/olemosaic.com\/fr\/wp-json\/wp\/v2\/product\/30453","targetHints":{"allow":["GET"]}}],"collection":[{"href":"https:\/\/olemosaic.com\/fr\/wp-json\/wp\/v2\/product"}],"about":[{"href":"https:\/\/olemosaic.com\/fr\/wp-json\/wp\/v2\/types\/product"}],"wp:featuredmedia":[{"embeddable":true,"href":"https:\/\/olemosaic.com\/fr\/wp-json\/wp\/v2\/media\/9900"}],"wp:attachment":[{"href":"https:\/\/olemosaic.com\/fr\/wp-json\/wp\/v2\/media?parent=30453"}],"wp:term":[{"taxonomy":"product_brand","embeddable":true,"href":"https:\/\/olemosaic.com\/fr\/wp-json\/wp\/v2\/product_brand?post=30453"},{"taxonomy":"product_cat","embeddable":true,"href":"https:\/\/olemosaic.com\/fr\/wp-json\/wp\/v2\/product_cat?post=30453"},{"taxonomy":"product_tag","embeddable":true,"href":"https:\/\/olemosaic.com\/fr\/wp-json\/wp\/v2\/product_tag?post=30453"}],"curies":[{"name":"wp","href":"https:\/\/api.w.org\/{rel}","templated":true}]}}