{"id":30450,"date":"2025-02-20T23:32:16","date_gmt":"2025-02-20T22:32:16","guid":{"rendered":"http:\/\/olemosaic.com\/producto\/iman-de-metal-panoramica-barcelona-plata-8-cm-2\/"},"modified":"2025-07-25T18:58:27","modified_gmt":"2025-07-25T16:58:27","slug":"aimant-metal-panoramique-barcelone-argent-8-cm-fr","status":"publish","type":"product","link":"https:\/\/olemosaic.com\/fr\/produit\/aimant-metal-panoramique-barcelone-argent-8-cm-fr\/","title":{"rendered":"Aimant en m\u00e9tal. Panoramique. Collserola. Barcelone. Argent. 8 cm."},"content":{"rendered":"<p>Cet aimant m\u00e9tallique, avec une vue panoramique color\u00e9e de Barcelone, est un souvenir vibrant et captivant qui capture l&rsquo;essence de cette ville embl\u00e9matique. D&rsquo;une dimension de 8 cm, son design de style mosa\u00efque pr\u00e9sente des ic\u00f4nes inoubliables telles que la majestueuse Sagrada Familia, la tour de Collserola et la colonne historique de Colomb, le tout \u00e9l\u00e9gamment dispos\u00e9 dans un paysage urbain qui souligne la diversit\u00e9 architecturale de Barcelone. Utilisant une palette de couleurs vives, cet aimant transforme l&rsquo;exp\u00e9rience visuelle en un hommage \u00e0 la cr\u00e9ativit\u00e9 et \u00e0 l&rsquo;art qui caract\u00e9risent la capitale catalane.<\/p>\n<p>Le texte \u00ab\u00a0I \u2665 Barcelona\u00a0\u00bb ajoute une touche attachante et m\u00e9morable, faisant de ce produit un excellent cadeau ou un objet de collection id\u00e9al pour ceux qui souhaitent emporter un morceau de la culture barcelonaise. Cet aimant ne fonctionne pas seulement comme un accessoire pratique pour la maison, mais sert \u00e9galement de symbole constant du souvenir des aventures v\u00e9cues dans cette ville vibrante.<\/p>\n<p>Chez Ol\u00e9 Mosaic, nous sommes des distributeurs de souvenirs de haute qualit\u00e9 et cet aimant de Barcelone est un choix parfait pour les boutiques de cadeaux touristiques qui cherchent \u00e0 offrir d&rsquo;authentiques souvenirs de la ville. Sa pertinence culturelle et esth\u00e9tique en fait un excellent objet pour les touristes et les amateurs de souvenirs embl\u00e9matiques de Barcelone.<\/p>\n","protected":false},"excerpt":{"rendered":"<p>Aimant m\u00e9tallique avec une vue panoramique color\u00e9e de Barcelone, de 8 cm. Cet aimant attrayant pr\u00e9sente un design vibrant en mosa\u00efque, mettant en avant des \u00e9l\u00e9ments embl\u00e9matiques tels que la Sagrada Familia, la tour de Collserola et la colonne de Colomb. Les couleurs vives et les d\u00e9tails graphiques soulignent la singularit\u00e9 de la ville, tandis que le texte \u00ab\u00a0I \u2665 Barcelona\u00a0\u00bb ajoute une touche m\u00e9morable. Id\u00e9al pour se souvenir de votre voyage ou pour offrir.<\/p>\n","protected":false},"featured_media":11417,"template":"","meta":{"_acf_changed":false},"product_brand":[],"product_cat":[697],"product_tag":[],"class_list":{"0":"post-30450","1":"product","2":"type-product","3":"status-publish","4":"has-post-thumbnail","6":"product_cat-aimants","7":"pa_ciudad-barcelona","8":"pa_motivo-panoramas","9":"pa_pais-espana","11":"first","12":"instock","13":"shipping-taxable","14":"product-type-simple"},"acf":[],"_links":{"self":[{"href":"https:\/\/olemosaic.com\/fr\/wp-json\/wp\/v2\/product\/30450","targetHints":{"allow":["GET"]}}],"collection":[{"href":"https:\/\/olemosaic.com\/fr\/wp-json\/wp\/v2\/product"}],"about":[{"href":"https:\/\/olemosaic.com\/fr\/wp-json\/wp\/v2\/types\/product"}],"wp:featuredmedia":[{"embeddable":true,"href":"https:\/\/olemosaic.com\/fr\/wp-json\/wp\/v2\/media\/11417"}],"wp:attachment":[{"href":"https:\/\/olemosaic.com\/fr\/wp-json\/wp\/v2\/media?parent=30450"}],"wp:term":[{"taxonomy":"product_brand","embeddable":true,"href":"https:\/\/olemosaic.com\/fr\/wp-json\/wp\/v2\/product_brand?post=30450"},{"taxonomy":"product_cat","embeddable":true,"href":"https:\/\/olemosaic.com\/fr\/wp-json\/wp\/v2\/product_cat?post=30450"},{"taxonomy":"product_tag","embeddable":true,"href":"https:\/\/olemosaic.com\/fr\/wp-json\/wp\/v2\/product_tag?post=30450"}],"curies":[{"name":"wp","href":"https:\/\/api.w.org\/{rel}","templated":true}]}}