{"id":30444,"date":"2025-02-20T23:32:16","date_gmt":"2025-02-20T22:32:16","guid":{"rendered":"http:\/\/olemosaic.com\/producto\/iman-de-metal-panoramica-barcelona-8-cm-5\/"},"modified":"2025-07-25T20:18:45","modified_gmt":"2025-07-25T18:18:45","slug":"aimant-en-metal-panoramique-barcelone-8-cm-colomb","status":"publish","type":"product","link":"https:\/\/olemosaic.com\/fr\/produit\/aimant-en-metal-panoramique-barcelone-8-cm-colomb\/","title":{"rendered":"Aimant en m\u00e9tal. Panoramique. Monument \u00e0 Colomb. Barcelone. 8 cm."},"content":{"rendered":"<p>Cet aimant m\u00e9tallique, avec une vue panoramique color\u00e9e de Barcelone, est un souvenir incontournable pour tout amoureux de cette ville vibrante. Avec sa taille de 8 cm, l&rsquo;aimant pr\u00e9sente une repr\u00e9sentation artistique de l&#8217;embl\u00e9matique Sagrada Familia et de la c\u00e9l\u00e8bre mosa\u00efque du Parc G\u00fcell, deux chefs-d&rsquo;\u0153uvre du g\u00e9nie architectural Antoni Gaud\u00ed. Le choix de couleurs vives et de d\u00e9tails complexes, tels que les mosa\u00efques du parc et les tours de la cath\u00e9drale, procure une sensation de mouvement et de vie qui capture parfaitement l&rsquo;essence de Barcelone. Le texte \u00ab\u00a0Barcelona\u00a0\u00bb en lettres voyantes met encore plus en valeur l&rsquo;aimant, en faisant non seulement un objet fonctionnel, mais une pi\u00e8ce d\u00e9corative qui \u00e9voque des souvenirs des merveilles de la ville.<\/p>\n<p>Cet aimant n&rsquo;est pas seulement un souvenir, mais une c\u00e9l\u00e9bration du patrimoine culturel de Barcelone, id\u00e9al pour ceux qui souhaitent emporter un petit morceau de la ville en rentrant chez eux. Chez Ol\u00e9 Mosaic, nous sommes fiers d&rsquo;\u00eatre des distributeurs de souvenirs authentiques et pertinents pour les touristes, offrant une large gamme de produits qui soulignent la magie de lieux embl\u00e9matiques. Cet aimant m\u00e9tallique est un excellent choix pour les boutiques de cadeaux touristiques souhaitant proposer des souvenirs authentiques de Barcelone, parfaits pour se souvenir de la visite de cette ville charmante.<\/p>\n","protected":false},"excerpt":{"rendered":"<p>Aimant m\u00e9tallique avec une vue panoramique color\u00e9e de Barcelone, de 8 cm. Cet aimant attrayant pr\u00e9sente une repr\u00e9sentation vibrante de la Sagrada Familia et de la c\u00e9l\u00e8bre mosa\u00efque du Parc G\u00fcell, mettant en avant le style architectural d&rsquo;Antoni Gaud\u00ed. Les d\u00e9tails en c\u00e9ramique et l&rsquo;utilisation de tons vifs, combin\u00e9s au mot \u00ab\u00a0Barcelona\u00a0\u00bb en lettres voyantes, font de ce produit un souvenir id\u00e9al qui capture l&rsquo;essence de la ville.<\/p>\n","protected":false},"featured_media":11403,"template":"","meta":{"_acf_changed":false},"product_brand":[],"product_cat":[697],"product_tag":[],"class_list":{"0":"post-30444","1":"product","2":"type-product","3":"status-publish","4":"has-post-thumbnail","6":"product_cat-aimants","7":"pa_ciudad-barcelona","8":"pa_motivo-panoramas","9":"pa_pais-espana","11":"first","12":"instock","13":"shipping-taxable","14":"product-type-simple"},"acf":[],"_links":{"self":[{"href":"https:\/\/olemosaic.com\/fr\/wp-json\/wp\/v2\/product\/30444","targetHints":{"allow":["GET"]}}],"collection":[{"href":"https:\/\/olemosaic.com\/fr\/wp-json\/wp\/v2\/product"}],"about":[{"href":"https:\/\/olemosaic.com\/fr\/wp-json\/wp\/v2\/types\/product"}],"wp:featuredmedia":[{"embeddable":true,"href":"https:\/\/olemosaic.com\/fr\/wp-json\/wp\/v2\/media\/11403"}],"wp:attachment":[{"href":"https:\/\/olemosaic.com\/fr\/wp-json\/wp\/v2\/media?parent=30444"}],"wp:term":[{"taxonomy":"product_brand","embeddable":true,"href":"https:\/\/olemosaic.com\/fr\/wp-json\/wp\/v2\/product_brand?post=30444"},{"taxonomy":"product_cat","embeddable":true,"href":"https:\/\/olemosaic.com\/fr\/wp-json\/wp\/v2\/product_cat?post=30444"},{"taxonomy":"product_tag","embeddable":true,"href":"https:\/\/olemosaic.com\/fr\/wp-json\/wp\/v2\/product_tag?post=30444"}],"curies":[{"name":"wp","href":"https:\/\/api.w.org\/{rel}","templated":true}]}}