{"id":30443,"date":"2025-02-20T23:32:15","date_gmt":"2025-02-20T22:32:15","guid":{"rendered":"http:\/\/olemosaic.com\/producto\/iman-de-metal-panoramica-barcelona-8-cm-4\/"},"modified":"2025-07-25T20:35:25","modified_gmt":"2025-07-25T18:35:25","slug":"aimant-en-metal-panoramique-barcelone-8-cm-modernisme","status":"publish","type":"product","link":"https:\/\/olemosaic.com\/fr\/produit\/aimant-en-metal-panoramique-barcelone-8-cm-modernisme\/","title":{"rendered":"Aimant en m\u00e9tal. Panoramique. Modernisme catalan. Barcelone. 8 cm."},"content":{"rendered":"<p>Cet aimant m\u00e9tallique avec une vue panoramique color\u00e9e de Barcelone est un v\u00e9ritable hommage \u00e0 l&rsquo;art et \u00e0 l&rsquo;architecture de la cit\u00e9 comtale. Avec des dimensions de 8 cm, son design vibrant s&rsquo;inspire des cr\u00e9ations de l&rsquo;architecte embl\u00e9matique Antoni Gaud\u00ed, repr\u00e9sentant des \u00e9l\u00e9ments embl\u00e9matiques tels que le Parc G\u00fcell et la majestueuse Sagrada Familia. Le m\u00e9lange de tons bleus, rouges et jaunes apporte un air festif et joyeux, tandis que le fond textur\u00e9 simule une mosa\u00efque, \u00e9voquant les c\u00e9l\u00e8bres \u0153uvres en c\u00e9ramique que l&rsquo;on trouve dans toute la ville.<\/p>\n<p>Ce souvenir n&rsquo;est pas seulement un objet decoratif, mais une fen\u00eatre sur l&rsquo;esprit artistique de Barcelone, id\u00e9al pour se rem\u00e9morer des moments inoubliables v\u00e9cus dans ses rues anim\u00e9es. Son authenticit\u00e9 et la qualit\u00e9 du mat\u00e9riau en font un excellent choix pour ceux qui souhaitent ramener chez eux un morceau du riche h\u00e9ritage culturel de cette r\u00e9gion. Chez Ol\u00e9 Mosaic, nous nous consacrons \u00e0 la distribution de souvenirs en gros, et cet aimant de Barcelone est une option parfaite pour les boutiques de cadeaux touristiques souhaitant proposer des articles qui soulignent la vitalit\u00e9 et la singularit\u00e9 de la ville. Un souvenir qui non seulement d\u00e9core la maison, mais raconte aussi l&rsquo;histoire de l&rsquo;une des plus belles villes d&rsquo;Espagne.<\/p>\n","protected":false},"excerpt":{"rendered":"<p>Aimant m\u00e9tallique avec une vue panoramique color\u00e9e de Barcelone, de 8 cm. Cet aimant pr\u00e9sente un design vibrant inspir\u00e9 de l&rsquo;\u0153uvre du c\u00e9l\u00e8bre architecte Antoni Gaud\u00ed, avec des \u00e9l\u00e9ments embl\u00e9matiques tels que le Parc G\u00fcell et la Sagrada Familia. L&rsquo;utilisation de tons bleus, rouges et jaunes lui donne un air festif, et le fond textur\u00e9 simule une mosa\u00efque. Un souvenir parfait qui capture l&rsquo;essence et l&rsquo;esprit artistique de la ville.<\/p>\n","protected":false},"featured_media":11423,"template":"","meta":{"_acf_changed":false},"product_brand":[],"product_cat":[697],"product_tag":[],"class_list":{"0":"post-30443","1":"product","2":"type-product","3":"status-publish","4":"has-post-thumbnail","6":"product_cat-aimants","7":"pa_ciudad-barcelona","8":"pa_motivo-panoramas","9":"pa_pais-espana","11":"first","12":"instock","13":"shipping-taxable","14":"product-type-simple"},"acf":[],"_links":{"self":[{"href":"https:\/\/olemosaic.com\/fr\/wp-json\/wp\/v2\/product\/30443","targetHints":{"allow":["GET"]}}],"collection":[{"href":"https:\/\/olemosaic.com\/fr\/wp-json\/wp\/v2\/product"}],"about":[{"href":"https:\/\/olemosaic.com\/fr\/wp-json\/wp\/v2\/types\/product"}],"wp:featuredmedia":[{"embeddable":true,"href":"https:\/\/olemosaic.com\/fr\/wp-json\/wp\/v2\/media\/11423"}],"wp:attachment":[{"href":"https:\/\/olemosaic.com\/fr\/wp-json\/wp\/v2\/media?parent=30443"}],"wp:term":[{"taxonomy":"product_brand","embeddable":true,"href":"https:\/\/olemosaic.com\/fr\/wp-json\/wp\/v2\/product_brand?post=30443"},{"taxonomy":"product_cat","embeddable":true,"href":"https:\/\/olemosaic.com\/fr\/wp-json\/wp\/v2\/product_cat?post=30443"},{"taxonomy":"product_tag","embeddable":true,"href":"https:\/\/olemosaic.com\/fr\/wp-json\/wp\/v2\/product_tag?post=30443"}],"curies":[{"name":"wp","href":"https:\/\/api.w.org\/{rel}","templated":true}]}}