{"id":30442,"date":"2025-02-20T23:32:15","date_gmt":"2025-02-20T22:32:15","guid":{"rendered":"http:\/\/olemosaic.com\/producto\/iman-de-metal-panoramica-barcelona-11-cm-2\/"},"modified":"2025-07-25T19:47:30","modified_gmt":"2025-07-25T17:47:30","slug":"aimant-en-metal-panoramique-barcelone-11-cm","status":"publish","type":"product","link":"https:\/\/olemosaic.com\/fr\/produit\/aimant-en-metal-panoramique-barcelone-11-cm\/","title":{"rendered":"Aimant en m\u00e9tal. Panoramique. Sagrada Familia. Barcelone. 11 cm."},"content":{"rendered":"<p>Cet aimant m\u00e9tallique avec une vue panoramique color\u00e9e de Barcelone est le souvenir parfait pour se rappeler l&rsquo;essence vibrante de cette ville embl\u00e9matique. Avec des dimensions de 11 cm, l&rsquo;aimant pr\u00e9sente une magnifique repr\u00e9sentation de la silhouette barcelonaise, mettant en avant la reconnaissable Sagrada Familia et l&rsquo;unique Tour Agbar, deux symboles de l&rsquo;architecture moderne qui ont d\u00e9fini le paysage urbain de Barcelone. Le fond est orn\u00e9 d&rsquo;une mosa\u00efque dynamique de couleurs vives, refl\u00e9tant la riche diversit\u00e9 culturelle qu&rsquo;offre la ville, tandis qu&rsquo;une voiture stylis\u00e9e glisse sur la partie inf\u00e9rieure, ajoutant une touche contemporaine qui c\u00e9l\u00e8bre le mouvement et la vie urbaine.<\/p>\n<p>L&rsquo;inclusion de rayons lumineux \u00e9mergeant de la partie sup\u00e9rieure enrichit non seulement le design visuel, mais symbolise \u00e9galement l&rsquo;\u00e9nergie incessante de Barcelone, connue pour son atmosph\u00e8re cosmopolite et son esprit cr\u00e9atif. Le texte \u00ab\u00a0Barcelona\u00a0\u00bb, dans une typographie frappante, compl\u00e8te le design et capte l&rsquo;attention de tout visiteur.<\/p>\n<p>Cet aimant est une excellente option tant comme souvenir personnel de votre visite \u00e0 Barcelone que comme cadeau id\u00e9al pour vos amis et votre famille. Chez Ol\u00e9 Mosaic, nous nous sp\u00e9cialisons dans la distribution de souvenirs en gros, et cet aimant panoramique de Barcelone repr\u00e9sente une excellente opportunit\u00e9 pour les boutiques de cadeaux touristiques cherchant \u00e0 offrir des produits authentiques et culturels. Attirez les touristes qui souhaitent ramener un morceau de la magie de Barcelone chez eux avec cet aimant authentique, une repr\u00e9sentation parfaite du patrimoine et de la modernit\u00e9 qui d\u00e9finissent la ville.<\/p>\n","protected":false},"excerpt":{"rendered":"<p>Aimant m\u00e9tallique avec une vue panoramique color\u00e9e de Barcelone, de 11 cm. Cet aimant pr\u00e9sente une repr\u00e9sentation vibrante de la silhouette de la ville, avec des monuments embl\u00e9matiques tels que la Sagrada Familia et la Tour Agbar mis en avant sur un fond dynamique de mosa\u00efques brillantes. L&rsquo;inclusion d&rsquo;une voiture et de rayons lumineux color\u00e9s ajoute une touche moderne, tandis que le texte \u00ab\u00a0Barcelona\u00a0\u00bb souligne l&rsquo;essence du lieu. Id\u00e9al pour se souvenir de votre visite ou comme cadeau.<\/p>\n","protected":false},"featured_media":8996,"template":"","meta":{"_acf_changed":false},"product_brand":[],"product_cat":[697],"product_tag":[],"class_list":{"0":"post-30442","1":"product","2":"type-product","3":"status-publish","4":"has-post-thumbnail","6":"product_cat-aimants","7":"pa_ciudad-barcelona","8":"pa_motivo-panoramas","9":"pa_pais-espana","11":"first","12":"instock","13":"shipping-taxable","14":"product-type-simple"},"acf":[],"_links":{"self":[{"href":"https:\/\/olemosaic.com\/fr\/wp-json\/wp\/v2\/product\/30442","targetHints":{"allow":["GET"]}}],"collection":[{"href":"https:\/\/olemosaic.com\/fr\/wp-json\/wp\/v2\/product"}],"about":[{"href":"https:\/\/olemosaic.com\/fr\/wp-json\/wp\/v2\/types\/product"}],"wp:featuredmedia":[{"embeddable":true,"href":"https:\/\/olemosaic.com\/fr\/wp-json\/wp\/v2\/media\/8996"}],"wp:attachment":[{"href":"https:\/\/olemosaic.com\/fr\/wp-json\/wp\/v2\/media?parent=30442"}],"wp:term":[{"taxonomy":"product_brand","embeddable":true,"href":"https:\/\/olemosaic.com\/fr\/wp-json\/wp\/v2\/product_brand?post=30442"},{"taxonomy":"product_cat","embeddable":true,"href":"https:\/\/olemosaic.com\/fr\/wp-json\/wp\/v2\/product_cat?post=30442"},{"taxonomy":"product_tag","embeddable":true,"href":"https:\/\/olemosaic.com\/fr\/wp-json\/wp\/v2\/product_tag?post=30442"}],"curies":[{"name":"wp","href":"https:\/\/api.w.org\/{rel}","templated":true}]}}