{"id":30441,"date":"2025-02-20T22:32:15","date_gmt":"2025-02-20T22:32:15","guid":{"rendered":"http:\/\/olemosaic.com\/producto\/iman-de-metal-toro-malaga-8-cm\/"},"modified":"2025-07-25T18:46:56","modified_gmt":"2025-07-25T16:46:56","slug":"aimant-en-metal-taureau-malaga-8-cm","status":"publish","type":"product","link":"https:\/\/olemosaic.com\/fr\/produit\/aimant-en-metal-taureau-malaga-8-cm\/","title":{"rendered":"Aimant en m\u00e9tal. Taureau. Malaga. 8 cm."},"content":{"rendered":"<p>Cet aimant m\u00e9tallique, au design vibrant d&rsquo;un taureau, est un authentique symbole de la culture espagnole, inspir\u00e9 par la ville embl\u00e9matique de Malaga. D&rsquo;une taille de 8 cm, cet aimant pr\u00e9sente une mosa\u00efque color\u00e9e qui combine des tons rouges et jaunes frappants sur le corps du taureau, cr\u00e9ant une repr\u00e9sentation visuelle percutante et pleine de vie. Sur un fond bleu c\u00e9leste, la figure du taureau ressort, refl\u00e9tant la force et le caract\u00e8re de l&rsquo;esprit andalou, tandis que le mot \u00ab\u00a0MALAGA\u00a0\u00bb appara\u00eet en grandes lettres distinctives, assurant sa forte connexion culturelle.<\/p>\n<p>Ce souvenir est une excellente option pour ceux qui souhaitent emporter un souvenir repr\u00e9sentatif de Malaga, une ville c\u00e9l\u00e8bre pour sa riche tradition taurine et son art vibrant. La qualit\u00e9 du mat\u00e9riau m\u00e9tallique garantit sa durabilit\u00e9, en faisant un article parfait tant pour un usage personnel \u00e0 la maison que pour \u00eatre expos\u00e9 dans des boutiques de cadeaux touristiques. Chez Ol\u00e9 Mosaic, nous nous sp\u00e9cialisons dans la distribution de souvenirs authentiques en gros, offrant des produits qui capturent l&rsquo;essence de l&rsquo;Espagne. Cet aimant de taureau est un souvenir significatif qui c\u00e9l\u00e8bre la culture et la tradition de Malaga, \u00e9tant une option id\u00e9ale pour les touristes et un excellent ajout au catalogue de tout distributeur de souvenirs.<\/p>\n","protected":false},"excerpt":{"rendered":"<p>Aimant en m\u00e9tal au design vibrant d&rsquo;un taureau, embl\u00e8me de la culture espagnole, inspir\u00e9 par la ville de Malaga. Cet aimant de 8 cm pr\u00e9sente une mosa\u00efque color\u00e9e combinant des tons rouges et jaunes sur le corps du taureau, sur un fond bleu c\u00e9leste. Le mot \u00ab\u00a0MALAGA\u00a0\u00bb appara\u00eet en lettres grandes et voyantes, compl\u00e9tant la sc\u00e8ne avec sa r\u00e9f\u00e9rence culturelle claire. Un souvenir parfait pour se souvenir de la tradition et de l&rsquo;art andalou.<\/p>\n","protected":false},"featured_media":9983,"template":"","meta":{"_acf_changed":false},"product_brand":[],"product_cat":[697],"product_tag":[530],"class_list":{"0":"post-30441","1":"product","2":"type-product","3":"status-publish","4":"has-post-thumbnail","6":"product_cat-aimants","7":"product_tag-animaux","8":"pa_ciudad-malaga","9":"pa_motivo-taureaux","10":"pa_pais-espana","12":"first","13":"instock","14":"shipping-taxable","15":"product-type-simple"},"acf":[],"_links":{"self":[{"href":"https:\/\/olemosaic.com\/fr\/wp-json\/wp\/v2\/product\/30441","targetHints":{"allow":["GET"]}}],"collection":[{"href":"https:\/\/olemosaic.com\/fr\/wp-json\/wp\/v2\/product"}],"about":[{"href":"https:\/\/olemosaic.com\/fr\/wp-json\/wp\/v2\/types\/product"}],"wp:featuredmedia":[{"embeddable":true,"href":"https:\/\/olemosaic.com\/fr\/wp-json\/wp\/v2\/media\/9983"}],"wp:attachment":[{"href":"https:\/\/olemosaic.com\/fr\/wp-json\/wp\/v2\/media?parent=30441"}],"wp:term":[{"taxonomy":"product_brand","embeddable":true,"href":"https:\/\/olemosaic.com\/fr\/wp-json\/wp\/v2\/product_brand?post=30441"},{"taxonomy":"product_cat","embeddable":true,"href":"https:\/\/olemosaic.com\/fr\/wp-json\/wp\/v2\/product_cat?post=30441"},{"taxonomy":"product_tag","embeddable":true,"href":"https:\/\/olemosaic.com\/fr\/wp-json\/wp\/v2\/product_tag?post=30441"}],"curies":[{"name":"wp","href":"https:\/\/api.w.org\/{rel}","templated":true}]}}