{"id":30428,"date":"2025-02-20T22:32:15","date_gmt":"2025-02-20T22:32:15","guid":{"rendered":"http:\/\/olemosaic.com\/producto\/iman-de-metal-bailaora-negro-11-cm\/"},"modified":"2025-07-25T20:37:41","modified_gmt":"2025-07-25T18:37:41","slug":"aimant-metal-danseuse-flamenco-noir-11-cm","status":"publish","type":"product","link":"https:\/\/olemosaic.com\/fr\/produit\/aimant-metal-danseuse-flamenco-noir-11-cm\/","title":{"rendered":"Aimant en m\u00e9tal. Danseuse de flamenco. Noir. 11 cm."},"content":{"rendered":"<p>Cet aimant m\u00e9tallique, au design vibrant de quatre danseuses de flamenco, est un souvenir repr\u00e9sentatif de la culture espagnole, id\u00e9al pour ceux qui recherchent un souvenir original et color\u00e9 de leur visite en Espagne. Avec sa taille de 11 cm, cet aimant se distingue par son illustration qui capture l&rsquo;essence du folklore espagnol. Les danseuses, v\u00eatues de robes \u00e0 volants dans une palette de couleurs \u00e9clatantes sur fond noir, transmettent le mouvement et l&rsquo;\u00e9l\u00e9gance de cette danse typique. Chaque figure est orn\u00e9e de d\u00e9tails complexes, refl\u00e9tant la joie et le dynamisme du flamenco.<\/p>\n<p>Le mot \u00ab\u00a0ESPA\u00d1A\u00a0\u00bb, \u00e9crit en lettres color\u00e9es, compl\u00e8te la sc\u00e8ne et la rend encore plus attrayante, faisant de cet aimant un excellent souvenir qui peut d\u00e9corer n&rsquo;importe quelle surface m\u00e9tallique, que ce soit \u00e0 la maison ou au bureau. Ce produit n&rsquo;est pas seulement un aimant fonctionnel, mais aussi un souvenir culturel qui c\u00e9l\u00e8bre la richesse de l&rsquo;art flamenco. Chez Ol\u00e9 Mosaic, nous sommes fiers de proposer des souvenirs authentiques qui relient les touristes \u00e0 la tradition et au folklore espagnol. Cet aimant de danseuses est une excellente option pour les boutiques de cadeaux touristiques \u00e0 la recherche d&rsquo;articles m\u00e9morables et riches en culture.<\/p>\n","protected":false},"excerpt":{"rendered":"<p>Aimant m\u00e9tallique au design vibrant de quatre danseuses de flamenco, repr\u00e9sent\u00e9es dans une palette de couleurs vives sur fond noir. D&rsquo;une taille de 11 cm, cet aimant \u00e9voque l&rsquo;essence du folklore espagnol et inclut \u00e9galement le mot \u00ab\u00a0ESPA\u00d1A\u00a0\u00bb en lettres color\u00e9es. Id\u00e9al pour d\u00e9corer n&rsquo;importe quelle surface m\u00e9tallique, son illustration capture le mouvement et l&rsquo;\u00e9l\u00e9gance des danseuses, avec leurs costumes traditionnels \u00e0 volants et des d\u00e9tails joyeux sur chaque figure.<\/p>\n","protected":false},"featured_media":8112,"template":"","meta":{"_acf_changed":false},"product_brand":[],"product_cat":[697],"product_tag":[],"class_list":{"0":"post-30428","1":"product","2":"type-product","3":"status-publish","4":"has-post-thumbnail","6":"product_cat-aimants","7":"pa_motivo-danseurs","9":"first","10":"instock","11":"shipping-taxable","12":"product-type-simple"},"acf":[],"_links":{"self":[{"href":"https:\/\/olemosaic.com\/fr\/wp-json\/wp\/v2\/product\/30428","targetHints":{"allow":["GET"]}}],"collection":[{"href":"https:\/\/olemosaic.com\/fr\/wp-json\/wp\/v2\/product"}],"about":[{"href":"https:\/\/olemosaic.com\/fr\/wp-json\/wp\/v2\/types\/product"}],"wp:featuredmedia":[{"embeddable":true,"href":"https:\/\/olemosaic.com\/fr\/wp-json\/wp\/v2\/media\/8112"}],"wp:attachment":[{"href":"https:\/\/olemosaic.com\/fr\/wp-json\/wp\/v2\/media?parent=30428"}],"wp:term":[{"taxonomy":"product_brand","embeddable":true,"href":"https:\/\/olemosaic.com\/fr\/wp-json\/wp\/v2\/product_brand?post=30428"},{"taxonomy":"product_cat","embeddable":true,"href":"https:\/\/olemosaic.com\/fr\/wp-json\/wp\/v2\/product_cat?post=30428"},{"taxonomy":"product_tag","embeddable":true,"href":"https:\/\/olemosaic.com\/fr\/wp-json\/wp\/v2\/product_tag?post=30428"}],"curies":[{"name":"wp","href":"https:\/\/api.w.org\/{rel}","templated":true}]}}