{"id":30427,"date":"2025-02-20T22:32:15","date_gmt":"2025-02-20T22:32:15","guid":{"rendered":"http:\/\/olemosaic.com\/producto\/iman-de-metal-toro-madrid-negro-8-cm\/"},"modified":"2025-07-25T19:47:16","modified_gmt":"2025-07-25T17:47:16","slug":"aimant-metal-taureau-madrid-noir-8-cm","status":"publish","type":"product","link":"https:\/\/olemosaic.com\/fr\/produit\/aimant-metal-taureau-madrid-noir-8-cm\/","title":{"rendered":"Aimant en m\u00e9tal. Taureau. Madrid. Noir. 8 cm."},"content":{"rendered":"<p>Cet aimant m\u00e9tallique au design vibrant de taureau est un souvenir embl\u00e9matique de Madrid, parfait pour les touristes souhaitant ramener un morceau de la culture espagnole chez eux. D&rsquo;une dimension de 8 cm, cet aimant se distingue par sa mosa\u00efque color\u00e9e, utilisant des tons vifs tels que le bleu, le jaune, le rouge et le vert, cr\u00e9ant un contraste saisissant sur un fond noir qui fait ressortir la figure du taureau, symbole national de force et de tradition. Le mot \u00ab\u00a0MADRID\u00a0\u00bb est imprim\u00e9 en gras, ajoutant une touche moderne qui compl\u00e8te la repr\u00e9sentation artistique de l&rsquo;animal.<\/p>\n<p>Le taureau n&rsquo;est pas seulement une ic\u00f4ne de Madrid, il est aussi profond\u00e9ment enracin\u00e9 dans la culture espagnole, associ\u00e9 \u00e0 la tauromachie et aux festivit\u00e9s locales. Cet aimant n&rsquo;est pas seulement un objet d\u00e9coratif ; c&rsquo;est un lien tangible avec l&rsquo;exp\u00e9rience unique de la visite de la capitale espagnole, repr\u00e9sentant la vitalit\u00e9 de son h\u00e9ritage. Chez Ol\u00e9 Mosaic, nous sommes sp\u00e9cialistes de la distribution de souvenirs en gros, et cet aimant de taureau est une excellente option pour les boutiques de cadeaux touristiques cherchant \u00e0 proposer des produits authentiques et repr\u00e9sentatifs. Sans aucun doute, un souvenir qui ravira ceux qui cherchent \u00e0 se souvenir de leur visite \u00e0 Madrid avec un objet qui encapsule son essence culturelle.<\/p>\n","protected":false},"excerpt":{"rendered":"<p>Aimant m\u00e9tallique au design vibrant de taureau, symbole iconique de Madrid. D&rsquo;une dimension de 8 cm, cet aimant pr\u00e9sente une mosa\u00efque color\u00e9e qui se d\u00e9tache dans des tons vifs comme le bleu, le jaune, le rouge et le vert, sur un fond noir, cr\u00e9ant un contraste frappant. Le mot \u00ab\u00a0MADRID\u00a0\u00bb est imprim\u00e9 en gras, compl\u00e9tant la repr\u00e9sentation artistique de cet animal embl\u00e9matique. Id\u00e9al pour se souvenir d&rsquo;une exp\u00e9rience unique dans la capitale espagnole.<\/p>\n","protected":false},"featured_media":6966,"template":"","meta":{"_acf_changed":false},"product_brand":[],"product_cat":[697],"product_tag":[530],"class_list":{"0":"post-30427","1":"product","2":"type-product","3":"status-publish","4":"has-post-thumbnail","6":"product_cat-aimants","7":"product_tag-animaux","8":"pa_ciudad-madrid","9":"pa_motivo-taureaux","10":"pa_pais-espana","12":"first","13":"instock","14":"shipping-taxable","15":"product-type-simple"},"acf":[],"_links":{"self":[{"href":"https:\/\/olemosaic.com\/fr\/wp-json\/wp\/v2\/product\/30427","targetHints":{"allow":["GET"]}}],"collection":[{"href":"https:\/\/olemosaic.com\/fr\/wp-json\/wp\/v2\/product"}],"about":[{"href":"https:\/\/olemosaic.com\/fr\/wp-json\/wp\/v2\/types\/product"}],"wp:featuredmedia":[{"embeddable":true,"href":"https:\/\/olemosaic.com\/fr\/wp-json\/wp\/v2\/media\/6966"}],"wp:attachment":[{"href":"https:\/\/olemosaic.com\/fr\/wp-json\/wp\/v2\/media?parent=30427"}],"wp:term":[{"taxonomy":"product_brand","embeddable":true,"href":"https:\/\/olemosaic.com\/fr\/wp-json\/wp\/v2\/product_brand?post=30427"},{"taxonomy":"product_cat","embeddable":true,"href":"https:\/\/olemosaic.com\/fr\/wp-json\/wp\/v2\/product_cat?post=30427"},{"taxonomy":"product_tag","embeddable":true,"href":"https:\/\/olemosaic.com\/fr\/wp-json\/wp\/v2\/product_tag?post=30427"}],"curies":[{"name":"wp","href":"https:\/\/api.w.org\/{rel}","templated":true}]}}