{"id":30426,"date":"2025-02-20T22:32:14","date_gmt":"2025-02-20T22:32:14","guid":{"rendered":"http:\/\/olemosaic.com\/producto\/iman-de-metal-panoramica-barcelona-plata-8-cm\/"},"modified":"2025-07-25T19:00:04","modified_gmt":"2025-07-25T17:00:04","slug":"aimant-metal-panoramique-barcelone-argent-8-cm","status":"publish","type":"product","link":"https:\/\/olemosaic.com\/fr\/produit\/aimant-metal-panoramique-barcelone-argent-8-cm\/","title":{"rendered":"Aimant en m\u00e9tal. Panoramique. Barcelone. Argent. 8 cm."},"content":{"rendered":"<p>Cet aimant m\u00e9tallique avec la vue panoramique de Barcelone est une repr\u00e9sentation vibrante de la ville. Il mesure 8 cm et est con\u00e7u pour capturer l&rsquo;essence de l&rsquo;art moderniste catalan. L&rsquo;aimant pr\u00e9sente une mosa\u00efque raffin\u00e9e qui met en valeur l&#8217;embl\u00e9matique Sagrada Familia, chef-d&rsquo;\u0153uvre d&rsquo;Antoni Gaud\u00ed, ainsi que le c\u00e9l\u00e8bre dragon en mosa\u00efque du Parc G\u00fcell. Ces deux symboles iconiques s&rsquo;entrelacent sur un fond de couleurs \u00e9clatantes, cr\u00e9ant un effet visuel captivant qui souligne la beaut\u00e9 architecturale de Barcelone.<\/p>\n<p>La combinaison de tons chauds et froids apporte non seulement une touche artistique, mais refl\u00e8te \u00e9galement le riche h\u00e9ritage culturel de la ville. Cet aimant est un souvenir parfait qui repr\u00e9sente les traditions et l&rsquo;histoire vibrante de Barcelone, id\u00e9al pour ceux qui souhaitent ramener un fragment de la ville chez eux. Son design en argent et ses d\u00e9tails m\u00e9ticuleusement \u00e9labor\u00e9s font de ce produit un excellent \u00e9l\u00e9ment d\u00e9coratif pour n&rsquo;importe quel espace, que ce soit sur le r\u00e9frig\u00e9rateur ou dans le cadre d&rsquo;une collection.<\/p>\n<p>Chez Ol\u00e9 Mosaic, nous proposons cet aimant de Barcelone dans le cadre de notre s\u00e9lection exclusive de souvenirs de haute qualit\u00e9. C&rsquo;est un choix parfait pour les d\u00e9taillants \u00e0 la recherche de souvenirs authentiques et repr\u00e9sentatifs de la culture espagnole, mettant en avant la passion pour l&rsquo;art et l&rsquo;architecture qui caract\u00e9rise la r\u00e9gion. En tant que grossistes de souvenirs, nous garantissons l&rsquo;authenticit\u00e9 et un design unique pour chaque pi\u00e8ce.<\/p>\n","protected":false},"excerpt":{"rendered":"<p>Aimant m\u00e9tallique avec une vue panoramique attrayante de Barcelone, de 8 cm. Cet aimant color\u00e9 pr\u00e9sente un design en mosa\u00efque qui capture l&rsquo;essence de la ville, mettant en valeur l&#8217;embl\u00e9matique Sagrada Familia et le c\u00e9l\u00e8bre dragon du Parc G\u00fcell. Les tons de couleurs \u00e9clatants s&rsquo;entrelacent sur un fond argent\u00e9, cr\u00e9ant un effet visuel vibrant qui refl\u00e8te l&rsquo;architecture moderniste de la r\u00e9gion. Id\u00e9al pour ajouter une touche d&rsquo;art et de culture \u00e0 n&rsquo;importe quel espace.<\/p>\n","protected":false},"featured_media":11402,"template":"","meta":{"_acf_changed":false},"product_brand":[],"product_cat":[697],"product_tag":[],"class_list":{"0":"post-30426","1":"product","2":"type-product","3":"status-publish","4":"has-post-thumbnail","6":"product_cat-aimants","7":"pa_ciudad-barcelona","8":"pa_motivo-panoramas","9":"pa_pais-espana","11":"first","12":"instock","13":"shipping-taxable","14":"product-type-simple"},"acf":[],"_links":{"self":[{"href":"https:\/\/olemosaic.com\/fr\/wp-json\/wp\/v2\/product\/30426","targetHints":{"allow":["GET"]}}],"collection":[{"href":"https:\/\/olemosaic.com\/fr\/wp-json\/wp\/v2\/product"}],"about":[{"href":"https:\/\/olemosaic.com\/fr\/wp-json\/wp\/v2\/types\/product"}],"wp:featuredmedia":[{"embeddable":true,"href":"https:\/\/olemosaic.com\/fr\/wp-json\/wp\/v2\/media\/11402"}],"wp:attachment":[{"href":"https:\/\/olemosaic.com\/fr\/wp-json\/wp\/v2\/media?parent=30426"}],"wp:term":[{"taxonomy":"product_brand","embeddable":true,"href":"https:\/\/olemosaic.com\/fr\/wp-json\/wp\/v2\/product_brand?post=30426"},{"taxonomy":"product_cat","embeddable":true,"href":"https:\/\/olemosaic.com\/fr\/wp-json\/wp\/v2\/product_cat?post=30426"},{"taxonomy":"product_tag","embeddable":true,"href":"https:\/\/olemosaic.com\/fr\/wp-json\/wp\/v2\/product_tag?post=30426"}],"curies":[{"name":"wp","href":"https:\/\/api.w.org\/{rel}","templated":true}]}}