{"id":30411,"date":"2025-02-20T22:32:14","date_gmt":"2025-02-20T22:32:14","guid":{"rendered":"http:\/\/olemosaic.com\/producto\/iman-de-metal-bulldog-barcelona-negro-8-cm\/"},"modified":"2025-07-25T19:36:31","modified_gmt":"2025-07-25T17:36:31","slug":"aimant-metal-bouledogue-barcelone-noir-8-cm","status":"publish","type":"product","link":"https:\/\/olemosaic.com\/fr\/produit\/aimant-metal-bouledogue-barcelone-noir-8-cm\/","title":{"rendered":"Aimant en m\u00e9tal. Bouledogue. Barcelone. Noir. 8 cm."},"content":{"rendered":"<p>Cet aimant m\u00e9tallique, avec la figure d&rsquo;un bouledogue, est un souvenir captivant qui capture l&rsquo;essence vibrante de Barcelone. Avec ses 8 cm, cet aimant se distingue par son design contemporain en forme de mosa\u00efque multicolore, \u00e9voquant la c\u00e9l\u00e8bre \u0153uvre du modernisme catalan. L&rsquo;image du bouledogue, symbole de loyaut\u00e9 et d&rsquo;affection, est pr\u00e9sent\u00e9e sur un \u00e9l\u00e9gant fond noir, qui fait ressortir davantage les couleurs vives et les formes g\u00e9om\u00e9triques de la mosa\u00efque, cr\u00e9ant un effet visuel moderne et artistique.<\/p>\n<p>Ce souvenir n&rsquo;encapsule pas seulement la riche tradition artistique de Barcelone, mais devient \u00e9galement un rappel constant de ses rues charg\u00e9es d&rsquo;histoire et de culture. La connexion culturelle de cet aimant r\u00e9side dans la fusion entre une ic\u00f4ne actuelle et l&rsquo;h\u00e9ritage artistique de la ville, ce qui le rend id\u00e9al pour les touristes \u00e0 la recherche de quelque chose d&rsquo;authentique et de significatif, en plus d&rsquo;\u00eatre une option distinctive pour les collectionneurs.<\/p>\n<p>Chez Ol\u00e9 Mosaic, nous nous sp\u00e9cialisons dans la distribution de souvenirs en gros, offrant des produits qui c\u00e9l\u00e8brent l&rsquo;authenticit\u00e9 et la diversit\u00e9 culturelle de l&rsquo;Espagne. Cet aimant de bouledogue est un excellent choix pour les boutiques de cadeaux touristiques, garantissant non seulement la qualit\u00e9, mais aussi un design qui attire l&rsquo;attention et l&rsquo;int\u00e9r\u00eat des visiteurs.<\/p>\n","protected":false},"excerpt":{"rendered":"<p>Aimant m\u00e9tallique avec la figure d&rsquo;un bouledogue, repr\u00e9sent\u00e9 dans un design vibrant de mosa\u00efque multicolore. Avec une taille de 8 cm, cet aimant capture l&rsquo;essence de Barcelone \u00e0 travers un style artistique contemporain. La figure du bouledogue ressort sur un fond noir, rehaussant les couleurs vives et les formes g\u00e9om\u00e9triques de la mosa\u00efque. C&rsquo;est un souvenir id\u00e9al qui combine modernit\u00e9 et esprit de la ville.<\/p>\n","protected":false},"featured_media":12856,"template":"","meta":{"_acf_changed":false},"product_brand":[],"product_cat":[697],"product_tag":[],"class_list":{"0":"post-30411","1":"product","2":"type-product","3":"status-publish","4":"has-post-thumbnail","6":"product_cat-aimants","7":"pa_ciudad-barcelona","8":"pa_motivo-bulldogs","9":"pa_pais-espana","11":"first","12":"instock","13":"shipping-taxable","14":"product-type-simple"},"acf":[],"_links":{"self":[{"href":"https:\/\/olemosaic.com\/fr\/wp-json\/wp\/v2\/product\/30411","targetHints":{"allow":["GET"]}}],"collection":[{"href":"https:\/\/olemosaic.com\/fr\/wp-json\/wp\/v2\/product"}],"about":[{"href":"https:\/\/olemosaic.com\/fr\/wp-json\/wp\/v2\/types\/product"}],"wp:featuredmedia":[{"embeddable":true,"href":"https:\/\/olemosaic.com\/fr\/wp-json\/wp\/v2\/media\/12856"}],"wp:attachment":[{"href":"https:\/\/olemosaic.com\/fr\/wp-json\/wp\/v2\/media?parent=30411"}],"wp:term":[{"taxonomy":"product_brand","embeddable":true,"href":"https:\/\/olemosaic.com\/fr\/wp-json\/wp\/v2\/product_brand?post=30411"},{"taxonomy":"product_cat","embeddable":true,"href":"https:\/\/olemosaic.com\/fr\/wp-json\/wp\/v2\/product_cat?post=30411"},{"taxonomy":"product_tag","embeddable":true,"href":"https:\/\/olemosaic.com\/fr\/wp-json\/wp\/v2\/product_tag?post=30411"}],"curies":[{"name":"wp","href":"https:\/\/api.w.org\/{rel}","templated":true}]}}