{"id":30406,"date":"2025-02-20T22:32:13","date_gmt":"2025-02-20T22:32:13","guid":{"rendered":"http:\/\/olemosaic.com\/producto\/iman-de-metal-toro-alicante-negro-8-cm\/"},"modified":"2025-07-25T19:09:15","modified_gmt":"2025-07-25T17:09:15","slug":"aimant-metal-taureau-alicante-noir-8-cm","status":"publish","type":"product","link":"https:\/\/olemosaic.com\/fr\/produit\/aimant-metal-taureau-alicante-noir-8-cm\/","title":{"rendered":"Aimant en m\u00e9tal. Taureau. Alicante. Noir. 8 cm."},"content":{"rendered":"<p>Cet aimant m\u00e9tallique en forme de taureau, inspir\u00e9 par la culture vibrante d&rsquo;Alicante, est un souvenir authentique qui capture l&rsquo;essence de cette r\u00e9gion espagnole. D&rsquo;une taille de 8 cm, son design frappant se distingue par l&rsquo;utilisation d&rsquo;une mosa\u00efque color\u00e9e qui rehausse la figure du taureau, symbole de la tradition espagnole. La repr\u00e9sentation du taureau est \u00e9labor\u00e9e avec diverses nuances qui \u00e9voquent la joie et l&rsquo;art d&rsquo;Alicante, contrastant de mani\u00e8re spectaculaire sur un fond noir qui renforce sa visibilit\u00e9.<\/p>\n<p>Le mot \u00ab\u00a0Alicante\u00a0\u00bb est pr\u00e9sent\u00e9 en lettres pro\u00e9minentes et color\u00e9es sur un c\u00f4t\u00e9 de l&rsquo;image, ajoutant une touche distinctive et renfor\u00e7ant le lien avec la r\u00e9gion. Ce d\u00e9tail en fait non seulement un objet d\u00e9coratif, mais aussi un souvenir significatif de la riche culture et du patrimoine qui caract\u00e9risent Alicante.<\/p>\n<p>Cet aimant est une excellente option pour les touristes qui recherchent des souvenirs de qualit\u00e9 refl\u00e9tant la v\u00e9ritable essence de l&rsquo;Espagne. Chez Ol\u00e9 Mosaic, en tant que grossiste de souvenirs, nous proposons des produits authentiques qui c\u00e9l\u00e8brent la tradition locale, faisant de cet aimant de taureau un souvenir id\u00e9al pour ceux qui souhaitent ramener un petit morceau d&rsquo;Alicante chez eux. Parfait pour les boutiques de cadeaux touristiques qui souhaitent \u00e9largir leur offre avec des articles qui ne sont pas seulement beaux, mais qui racontent aussi des histoires.<\/p>\n","protected":false},"excerpt":{"rendered":"<p>Aimant m\u00e9tallique en forme de taureau, inspir\u00e9 de la culture d&rsquo;Alicante. Cet aimant de 8 cm pr\u00e9sente un design color\u00e9 et vibrant, \u00e9voquant l&rsquo;essence de l&rsquo;art de la mosa\u00efque. Le taureau, symbole de la tradition espagnole, est \u00e9labor\u00e9 dans des tons vari\u00e9s qui ressortent sur un fond noir, tandis que le mot \u00ab Alicante \u00bb, en lettres pro\u00e9minentes, ajoute une touche distinctive. Id\u00e9al pour se souvenir et partager la beaut\u00e9 de la r\u00e9gion.<\/p>\n","protected":false},"featured_media":10017,"template":"","meta":{"_acf_changed":false},"product_brand":[],"product_cat":[697],"product_tag":[530],"class_list":{"0":"post-30406","1":"product","2":"type-product","3":"status-publish","4":"has-post-thumbnail","6":"product_cat-aimants","7":"product_tag-animaux","8":"pa_ciudad-alicante","9":"pa_motivo-taureaux","10":"pa_pais-espana","12":"first","13":"instock","14":"shipping-taxable","15":"product-type-simple"},"acf":[],"_links":{"self":[{"href":"https:\/\/olemosaic.com\/fr\/wp-json\/wp\/v2\/product\/30406","targetHints":{"allow":["GET"]}}],"collection":[{"href":"https:\/\/olemosaic.com\/fr\/wp-json\/wp\/v2\/product"}],"about":[{"href":"https:\/\/olemosaic.com\/fr\/wp-json\/wp\/v2\/types\/product"}],"wp:featuredmedia":[{"embeddable":true,"href":"https:\/\/olemosaic.com\/fr\/wp-json\/wp\/v2\/media\/10017"}],"wp:attachment":[{"href":"https:\/\/olemosaic.com\/fr\/wp-json\/wp\/v2\/media?parent=30406"}],"wp:term":[{"taxonomy":"product_brand","embeddable":true,"href":"https:\/\/olemosaic.com\/fr\/wp-json\/wp\/v2\/product_brand?post=30406"},{"taxonomy":"product_cat","embeddable":true,"href":"https:\/\/olemosaic.com\/fr\/wp-json\/wp\/v2\/product_cat?post=30406"},{"taxonomy":"product_tag","embeddable":true,"href":"https:\/\/olemosaic.com\/fr\/wp-json\/wp\/v2\/product_tag?post=30406"}],"curies":[{"name":"wp","href":"https:\/\/api.w.org\/{rel}","templated":true}]}}