{"id":30399,"date":"2025-02-20T22:32:13","date_gmt":"2025-02-20T22:32:13","guid":{"rendered":"http:\/\/olemosaic.com\/producto\/iman-de-metal-toro-malaga-negro-8-cm\/"},"modified":"2025-07-25T18:50:22","modified_gmt":"2025-07-25T16:50:22","slug":"aimant-en-metal-taureau-malaga-noir-8-cm","status":"publish","type":"product","link":"https:\/\/olemosaic.com\/fr\/produit\/aimant-en-metal-taureau-malaga-noir-8-cm\/","title":{"rendered":"Aimant en m\u00e9tal. Taureau. Malaga. Noir. 8 cm."},"content":{"rendered":"<p>Cet aimant m\u00e9tallique en forme de taureau est un souvenir vibrant et authentique de Malaga, id\u00e9al pour ceux qui souhaitent emporter un morceau de la riche culture andalouse. D&rsquo;une dimension de 8 cm, l&rsquo;aimant se distingue par son design color\u00e9 inspir\u00e9 des mosa\u00efques, repr\u00e9sentant un taureau dans une pose imposante. Le fond noir rehausse les tons brillants du design, o\u00f9 chaque fragment de couleur semble prendre vie, \u00e9voquant la vitalit\u00e9 et l&rsquo;\u00e9nergie du folklore andalou.<\/p>\n<p>Le taureau, symbole de force et d&rsquo;identit\u00e9 dans la culture espagnole, refl\u00e8te la connexion profonde entre Malaga et ses traditions taurines. L&rsquo;inscription \u00ab\u00a0M\u00c1LAGA\u00a0\u00bb sur un c\u00f4t\u00e9 ajoute une touche distinctive qui en fait un authentique souvenir de la ville. Cet aimant n&rsquo;est pas seulement une d\u00e9coration fonctionnelle pour la maison, mais il agit \u00e9galement comme un rappel des traditions et de l&rsquo;art qui caract\u00e9risent l&rsquo;Andalousie.<\/p>\n<p>Chez Ol\u00e9 Mosaic, nous nous sp\u00e9cialisons dans la distribution de souvenirs en gros, et cet aimant de taureau est une excellente option pour les boutiques de cadeaux touristiques qui recherchent des produits repr\u00e9sentant l&rsquo;essence de Malaga. Un souvenir incontournable pour les touristes \u00e0 la recherche de pi\u00e8ces artisanales c\u00e9l\u00e9brant la richesse culturelle de la r\u00e9gion.<\/p>\n","protected":false},"excerpt":{"rendered":"<p>Aimant en m\u00e9tal en forme de taureau, de 8 cm, inspir\u00e9 par la culture andalouse et embl\u00e9matique de Malaga. Cet aimant color\u00e9 pr\u00e9sente un design de mosa\u00efque dans des tons brillants repr\u00e9sentant un taureau dans une pose imposante, se d\u00e9tachant sur un fond noir qui rehausse ses couleurs vives. Le mot \u00ab\u00a0M\u00c1LAGA\u00a0\u00bb est imprim\u00e9 sur un c\u00f4t\u00e9, ajoutant une touche distinctive \u00e0 ce souvenir parfait pour se rappeler l&rsquo;essence de l&rsquo;Andalousie.<\/p>\n","protected":false},"featured_media":10002,"template":"","meta":{"_acf_changed":false},"product_brand":[],"product_cat":[697],"product_tag":[530],"class_list":{"0":"post-30399","1":"product","2":"type-product","3":"status-publish","4":"has-post-thumbnail","6":"product_cat-aimants","7":"product_tag-animaux","8":"pa_ciudad-malaga","9":"pa_motivo-taureaux","10":"pa_pais-espana","12":"first","13":"instock","14":"shipping-taxable","15":"product-type-simple"},"acf":[],"_links":{"self":[{"href":"https:\/\/olemosaic.com\/fr\/wp-json\/wp\/v2\/product\/30399","targetHints":{"allow":["GET"]}}],"collection":[{"href":"https:\/\/olemosaic.com\/fr\/wp-json\/wp\/v2\/product"}],"about":[{"href":"https:\/\/olemosaic.com\/fr\/wp-json\/wp\/v2\/types\/product"}],"wp:featuredmedia":[{"embeddable":true,"href":"https:\/\/olemosaic.com\/fr\/wp-json\/wp\/v2\/media\/10002"}],"wp:attachment":[{"href":"https:\/\/olemosaic.com\/fr\/wp-json\/wp\/v2\/media?parent=30399"}],"wp:term":[{"taxonomy":"product_brand","embeddable":true,"href":"https:\/\/olemosaic.com\/fr\/wp-json\/wp\/v2\/product_brand?post=30399"},{"taxonomy":"product_cat","embeddable":true,"href":"https:\/\/olemosaic.com\/fr\/wp-json\/wp\/v2\/product_cat?post=30399"},{"taxonomy":"product_tag","embeddable":true,"href":"https:\/\/olemosaic.com\/fr\/wp-json\/wp\/v2\/product_tag?post=30399"}],"curies":[{"name":"wp","href":"https:\/\/api.w.org\/{rel}","templated":true}]}}