{"id":30398,"date":"2025-02-20T22:32:12","date_gmt":"2025-02-20T22:32:12","guid":{"rendered":"http:\/\/olemosaic.com\/producto\/iman-de-metal-toro\/"},"modified":"2025-07-25T20:00:31","modified_gmt":"2025-07-25T18:00:31","slug":"aimant-en-metal-taureau","status":"publish","type":"product","link":"https:\/\/olemosaic.com\/fr\/produit\/aimant-en-metal-taureau\/","title":{"rendered":"Aimant en m\u00e9tal. Taureau."},"content":{"rendered":"<p>Cet aimant m\u00e9tallique en forme de taureau est un souvenir attrayant qui capture l&rsquo;essence de la culture espagnole. Avec un design vibrant de style mosa\u00efque, l&rsquo;aimant pr\u00e9sente une palette de couleurs \u00e9clatantes comprenant des nuances de bleu, rouge, jaune et vert, \u00e9voquant la vitalit\u00e9 et l&rsquo;esprit festif de l&rsquo;Espagne. La figure du taureau, un symbole profond\u00e9ment enracin\u00e9 dans la tradition espagnole, repr\u00e9sente la bravoure et la force, en plus d&rsquo;\u00eatre une ic\u00f4ne d&rsquo;\u00e9v\u00e9nements culturels tels que les corridas et les ferias.<\/p>\n<p>Le mot \u00ab\u00a0ESPA\u00d1A\u00a0\u00bb est \u00e9l\u00e9gamment imprim\u00e9 avec une typographie distinctive qui compl\u00e8te le design color\u00e9, apportant une touche d&rsquo;authenticit\u00e9 et de reconnaissance. Cet aimant n&rsquo;est pas seulement un excellent objet d\u00e9coratif pour le r\u00e9frig\u00e9rateur, mais aussi un rappel du riche h\u00e9ritage culturel de l&rsquo;Espagne, parfait pour ceux qui souhaitent ramener un petit morceau du pays chez eux.<\/p>\n<p>Chez Ol\u00e9 Mosaic, nous nous sp\u00e9cialisons dans la distribution de souvenirs en gros, et cet aimant de taureau est une option exceptionnelle pour les boutiques de cadeaux touristiques. Il repr\u00e9sente parfaitement les souvenirs d&rsquo;Espagne et offre une connexion authentique avec le patrimoine culturel espagnol. Id\u00e9al pour ceux qui recherchent des souvenirs distinctifs et color\u00e9s, cet aimant de taureau sera un succ\u00e8s aupr\u00e8s des touristes et des collectionneurs.<\/p>\n","protected":false},"excerpt":{"rendered":"<p>Aimant m\u00e9tallique en forme de taureau, repr\u00e9sentant une ic\u00f4ne culturelle de l&rsquo;Espagne. Cet aimant color\u00e9 pr\u00e9sente un design de style mosa\u00efque, avec des tons vibrants de bleu, rouge, jaune et vert qui mettent en valeur la figure du taureau. Le mot \u00ab\u00a0ESPA\u00d1A\u00a0\u00bb est imprim\u00e9 dans une typographie \u00e9l\u00e9gante, ajoutant une touche distinctive. Id\u00e9al pour \u00e9voquer l&rsquo;essence et la tradition espagnoles, c&rsquo;est un souvenir parfait pour tout amateur de culture.<\/p>\n","protected":false},"featured_media":6322,"template":"","meta":{"_acf_changed":false},"product_brand":[],"product_cat":[697],"product_tag":[530],"class_list":{"0":"post-30398","1":"product","2":"type-product","3":"status-publish","4":"has-post-thumbnail","6":"product_cat-aimants","7":"product_tag-animaux","8":"pa_motivo-taureaux","10":"first","11":"instock","12":"shipping-taxable","13":"product-type-simple"},"acf":[],"_links":{"self":[{"href":"https:\/\/olemosaic.com\/fr\/wp-json\/wp\/v2\/product\/30398","targetHints":{"allow":["GET"]}}],"collection":[{"href":"https:\/\/olemosaic.com\/fr\/wp-json\/wp\/v2\/product"}],"about":[{"href":"https:\/\/olemosaic.com\/fr\/wp-json\/wp\/v2\/types\/product"}],"wp:featuredmedia":[{"embeddable":true,"href":"https:\/\/olemosaic.com\/fr\/wp-json\/wp\/v2\/media\/6322"}],"wp:attachment":[{"href":"https:\/\/olemosaic.com\/fr\/wp-json\/wp\/v2\/media?parent=30398"}],"wp:term":[{"taxonomy":"product_brand","embeddable":true,"href":"https:\/\/olemosaic.com\/fr\/wp-json\/wp\/v2\/product_brand?post=30398"},{"taxonomy":"product_cat","embeddable":true,"href":"https:\/\/olemosaic.com\/fr\/wp-json\/wp\/v2\/product_cat?post=30398"},{"taxonomy":"product_tag","embeddable":true,"href":"https:\/\/olemosaic.com\/fr\/wp-json\/wp\/v2\/product_tag?post=30398"}],"curies":[{"name":"wp","href":"https:\/\/api.w.org\/{rel}","templated":true}]}}