{"id":30397,"date":"2025-02-20T22:32:12","date_gmt":"2025-02-20T22:32:12","guid":{"rendered":"http:\/\/olemosaic.com\/producto\/iman-de-metal-salamandra-mojacar-plata-8-cm\/"},"modified":"2025-07-25T19:32:33","modified_gmt":"2025-07-25T17:32:33","slug":"aimant-en-metal-salamandre-mojacar-argent-8-cm","status":"publish","type":"product","link":"https:\/\/olemosaic.com\/fr\/produit\/aimant-en-metal-salamandre-mojacar-argent-8-cm\/","title":{"rendered":"Aimant en m\u00e9tal. Salamandre. Moj\u00e1car. Argent. 8 cm."},"content":{"rendered":"<p>Cet aimant m\u00e9tallique en forme de salamandre est une pi\u00e8ce charmante qui capture l&rsquo;essence vibrante de Moj\u00e1car, un pittoresque village c\u00f4tier espagnol. Fabriqu\u00e9 avec un design soign\u00e9 de 8 cm, cet aimant attrayant pr\u00e9sente une salamandre d\u00e9cor\u00e9e dans des tons vifs de bleu, vert et jaune, \u00e9voquant la riche tradition des mosa\u00efques qui caract\u00e9rise cette localit\u00e9. Son fond blanc textur\u00e9 simule l&rsquo;effet des carreaux, ajoutant une touche artisanale qui souligne l&rsquo;art populaire de la r\u00e9gion. Sur la partie sup\u00e9rieure, le nom \u00ab\u00a0MOJ\u00c1CAR\u00a0\u00bb s&rsquo;affiche en lettres color\u00e9es, impr\u00e9gnant le produit d&rsquo;un air festif et joyeux, auquel s&rsquo;ajoute un petit d\u00e9tail graphique d&rsquo;une autre salamandre, qui compl\u00e8te parfaitement la composition.<\/p>\n<p>Le symbolisme de la salamandre, qui repr\u00e9sente la transformation et l&rsquo;\u00e9nergie dans la culture locale, fait de cet aimant un souvenir significatif et authentique. Ce souvenir n&rsquo;est pas seulement une option id\u00e9ale pour ceux qui cherchent \u00e0 ramener un petit morceau de la beaut\u00e9 de Moj\u00e1car chez eux, mais c&rsquo;est aussi un excellent article pour les boutiques de cadeaux touristiques qui souhaitent offrir \u00e0 leurs clients un pr\u00e9sent repr\u00e9sentatif du riche h\u00e9ritage culturel de l&rsquo;Espagne. Chez Ol\u00e9 Mosaic, nous sommes sp\u00e9cialistes de la distribution de souvenirs en gros et cet aimant de salamandre est un produit qui se distingue par son design unique et sa connexion avec le folklore local, devenant une pi\u00e8ce ma\u00eetresse pour toute collection de souvenirs de Moj\u00e1car.<\/p>\n","protected":false},"excerpt":{"rendered":"<p>Aimant m\u00e9tallique en forme de salamandre, inspir\u00e9 par la mosa\u00efque color\u00e9e de Moj\u00e1car. Cet aimant attrayant de 8 cm pr\u00e9sente une salamandre con\u00e7ue dans des tons vibrants de bleu, vert et jaune, qui se d\u00e9tache sur un fond blanc textur\u00e9 simulant l&rsquo;effet des carreaux. Sur la partie sup\u00e9rieure, le texte \u00ab MOJ\u00c1CAR \u00bb appara\u00eet en lettres color\u00e9es, compl\u00e9t\u00e9 par un petit d\u00e9tail graphique d&rsquo;une autre salamandre. Id\u00e9al pour se souvenir de la beaut\u00e9 et du folklore de cette charmante localit\u00e9 espagnole.<\/p>\n","protected":false},"featured_media":12891,"template":"","meta":{"_acf_changed":false},"product_brand":[],"product_cat":[697],"product_tag":[530],"class_list":{"0":"post-30397","1":"product","2":"type-product","3":"status-publish","4":"has-post-thumbnail","6":"product_cat-aimants","7":"product_tag-animaux","8":"pa_ciudad-mojacar","9":"pa_motivo-salamandres","10":"pa_pais-espana","12":"first","13":"instock","14":"shipping-taxable","15":"product-type-simple"},"acf":[],"_links":{"self":[{"href":"https:\/\/olemosaic.com\/fr\/wp-json\/wp\/v2\/product\/30397","targetHints":{"allow":["GET"]}}],"collection":[{"href":"https:\/\/olemosaic.com\/fr\/wp-json\/wp\/v2\/product"}],"about":[{"href":"https:\/\/olemosaic.com\/fr\/wp-json\/wp\/v2\/types\/product"}],"wp:featuredmedia":[{"embeddable":true,"href":"https:\/\/olemosaic.com\/fr\/wp-json\/wp\/v2\/media\/12891"}],"wp:attachment":[{"href":"https:\/\/olemosaic.com\/fr\/wp-json\/wp\/v2\/media?parent=30397"}],"wp:term":[{"taxonomy":"product_brand","embeddable":true,"href":"https:\/\/olemosaic.com\/fr\/wp-json\/wp\/v2\/product_brand?post=30397"},{"taxonomy":"product_cat","embeddable":true,"href":"https:\/\/olemosaic.com\/fr\/wp-json\/wp\/v2\/product_cat?post=30397"},{"taxonomy":"product_tag","embeddable":true,"href":"https:\/\/olemosaic.com\/fr\/wp-json\/wp\/v2\/product_tag?post=30397"}],"curies":[{"name":"wp","href":"https:\/\/api.w.org\/{rel}","templated":true}]}}