{"id":30384,"date":"2025-02-20T22:32:12","date_gmt":"2025-02-20T22:32:12","guid":{"rendered":"http:\/\/olemosaic.com\/producto\/iman-de-metal-salamandra-mojacar-8-cm\/"},"modified":"2025-07-25T23:53:20","modified_gmt":"2025-07-25T21:53:20","slug":"aimant-en-metal-salamandre-mojacar-8-cm","status":"publish","type":"product","link":"https:\/\/olemosaic.com\/fr\/produit\/aimant-en-metal-salamandre-mojacar-8-cm\/","title":{"rendered":"Aimant en m\u00e9tal. Salamandre. Moj\u00e1car. 8 cm."},"content":{"rendered":"<p>Cet aimant m\u00e9tallique en forme de salamandre est un souvenir joyeux et vibrant de Moj\u00e1car, con\u00e7u pour les amoureux de la culture andalouse. Avec des dimensions de 8 cm, cet aimant se distingue par son design color\u00e9, utilisant des tons bleus, verts, jaunes et rouges. La salamandre, symbole associ\u00e9 \u00e0 la richesse culturelle de la r\u00e9gion, est repr\u00e9sent\u00e9e avec des d\u00e9tails complexes \u00e9voquant les mosa\u00efques andalouses traditionnelles. Son fond, qui simule les carreaux typiques de l&rsquo;architecture locale, ajoute une texture unique, rendant ce souvenir \u00e0 la fois esth\u00e9tiquement attrayant et culturellement significatif.<\/p>\n<p>Le nom \u00ab\u00a0Moj\u00e1car\u00a0\u00bb appara\u00eet en lettres frappantes sur la partie sup\u00e9rieure de l&rsquo;aimant, soulignant son origine et faisant de cette pi\u00e8ce un excellent souvenir pour ceux qui ont visit\u00e9 ce charmant village c\u00f4tier d&rsquo;Almer\u00eda. La salamandre, en plus d&rsquo;\u00eatre un \u00e9l\u00e9ment d\u00e9coratif, fait partie de la riche tradition folklorique de Moj\u00e1car, refl\u00e9tant la connexion de la communaut\u00e9 avec son environnement naturel et architectural.<\/p>\n<p>Chez Ol\u00e9 Mosaic, nous proposons une s\u00e9lection soign\u00e9e de souvenirs que c\u00e9l\u00e8brent l&rsquo;authenticit\u00e9 des traditions locales, et cet aimant de salamandre est une option id\u00e9ale pour les boutiques de cadeaux touristiques \u00e0 la recherche de produits mettant en valeur la culture espagnole. C&rsquo;est un souvenir qui non seulement embellit n&rsquo;importe quel r\u00e9frig\u00e9rateur, mais raconte aussi une histoire culturelle, devenant ainsi un objet d&rsquo;int\u00e9r\u00eat pour les touristes souhaitant emporter un morceau de l&rsquo;essence andalouse.<\/p>\n","protected":false},"excerpt":{"rendered":"<p>Aimant m\u00e9tallique en forme de salamandre, inspir\u00e9 par la culture embl\u00e9matique de Moj\u00e1car. Cet aimant color\u00e9 de 8 cm pr\u00e9sente un design vibrant dans des tons bleus, verts, jaunes et rouges, \u00e9voquant la c\u00e9l\u00e8bre mosa\u00efque andalouse. La salamandre est orn\u00e9e de d\u00e9tails complexes sur un fond textur\u00e9 rappelant les carreaux traditionnels, et le nom \u00ab Moj\u00e1car \u00bb se d\u00e9tache avec des lettres frappantes sur la partie sup\u00e9rieure, en faisant un souvenir unique et attrayant.<\/p>\n","protected":false},"featured_media":12892,"template":"","meta":{"_acf_changed":false},"product_brand":[],"product_cat":[697],"product_tag":[530],"class_list":{"0":"post-30384","1":"product","2":"type-product","3":"status-publish","4":"has-post-thumbnail","6":"product_cat-aimants","7":"product_tag-animaux","8":"pa_ciudad-mojacar","9":"pa_motivo-salamandres","10":"pa_pais-espana","12":"first","13":"instock","14":"shipping-taxable","15":"product-type-simple"},"acf":[],"_links":{"self":[{"href":"https:\/\/olemosaic.com\/fr\/wp-json\/wp\/v2\/product\/30384","targetHints":{"allow":["GET"]}}],"collection":[{"href":"https:\/\/olemosaic.com\/fr\/wp-json\/wp\/v2\/product"}],"about":[{"href":"https:\/\/olemosaic.com\/fr\/wp-json\/wp\/v2\/types\/product"}],"wp:featuredmedia":[{"embeddable":true,"href":"https:\/\/olemosaic.com\/fr\/wp-json\/wp\/v2\/media\/12892"}],"wp:attachment":[{"href":"https:\/\/olemosaic.com\/fr\/wp-json\/wp\/v2\/media?parent=30384"}],"wp:term":[{"taxonomy":"product_brand","embeddable":true,"href":"https:\/\/olemosaic.com\/fr\/wp-json\/wp\/v2\/product_brand?post=30384"},{"taxonomy":"product_cat","embeddable":true,"href":"https:\/\/olemosaic.com\/fr\/wp-json\/wp\/v2\/product_cat?post=30384"},{"taxonomy":"product_tag","embeddable":true,"href":"https:\/\/olemosaic.com\/fr\/wp-json\/wp\/v2\/product_tag?post=30384"}],"curies":[{"name":"wp","href":"https:\/\/api.w.org\/{rel}","templated":true}]}}