{"id":30369,"date":"2025-02-20T23:32:11","date_gmt":"2025-02-20T22:32:11","guid":{"rendered":"http:\/\/olemosaic.com\/producto\/iman-de-metal-toro-marbella-plata-8-cm-2\/"},"modified":"2025-07-25T20:48:07","modified_gmt":"2025-07-25T18:48:07","slug":"aimant-metal-taureau-marbella-argent-8-cm-2","status":"publish","type":"product","link":"https:\/\/olemosaic.com\/fr\/produit\/aimant-metal-taureau-marbella-argent-8-cm-2\/","title":{"rendered":"Aimant en m\u00e9tal. Taureau. Marbella. Argent. Carreaux espagnols. 8 cm."},"content":{"rendered":"<p>Cet aimant m\u00e9tallique au design de taureau incarne l&rsquo;essence culturelle de Marbella, devenant le souvenir parfait pour ceux qui visitent cette belle ville c\u00f4ti\u00e8re. Mesurant 8 cm, cet aimant se distingue par sa palette de couleurs vibrantes, o\u00f9 un style mosa\u00efque rehausse la figure du taureau dans une vari\u00e9t\u00e9 de tons : bleu, rouge, vert et jaune. Le taureau, symbole embl\u00e9matique de la culture espagnole, est encadr\u00e9 par des couleurs vives qui ajoutent une touche artistique et attrayante, faisant de cet objet un excellent souvenir.<\/p>\n<p>Le design c\u00e9l\u00e8bre la riche tradition taurine andalouse, tout en refl\u00e9tant l&rsquo;art contemporain, fusionnant la technique de la mosa\u00efque avec des \u00e9l\u00e9ments traditionnels, un v\u00e9ritable t\u00e9moignage du patrimoine culturel espagnol. Cet aimant n&rsquo;est pas seulement une pi\u00e8ce d\u00e9corative, mais un rappel tangible de Marbella et de ses traditions. Id\u00e9al pour les touristes \u00e0 la recherche de souvenirs authentiques et significatifs, il adh\u00e8re \u00e0 toute surface magn\u00e9tique, ajoutant une touche de couleur et de culture \u00e0 la maison. Chez Ol\u00e9 Mosaic, votre distributeur de souvenirs en gros, nous proposons cet aimant de taureau, qui se distingue non seulement par son design exclusif, mais aussi par sa pertinence culturelle et son attrait pour les touristes souhaitant emporter un petit morceau de Marbella.<\/p>\n","protected":false},"excerpt":{"rendered":"<p>Aimant m\u00e9tallique au design de taureau, repr\u00e9sentant l&rsquo;essence culturelle de Marbella. Cet aimant de 8 cm se distingue par sa palette de couleurs vibrantes, avec un style mosa\u00efque qui met en valeur la figure du taureau dans des tons bleus, rouges, verts et jaunes. Entour\u00e9 d&rsquo;un cadre aux couleurs \u00e9clatantes, ce souvenir capture la tradition espagnole et est parfait pour ajouter une touche artistique \u00e0 n&rsquo;importe quelle surface magn\u00e9tique.<\/p>\n","protected":false},"featured_media":10009,"template":"","meta":{"_acf_changed":false},"product_brand":[],"product_cat":[697],"product_tag":[530],"class_list":{"0":"post-30369","1":"product","2":"type-product","3":"status-publish","4":"has-post-thumbnail","6":"product_cat-aimants","7":"product_tag-animaux","8":"pa_ciudad-marbella","9":"pa_motivo-taureaux","10":"pa_pais-espana","12":"first","13":"instock","14":"shipping-taxable","15":"product-type-simple"},"acf":[],"_links":{"self":[{"href":"https:\/\/olemosaic.com\/fr\/wp-json\/wp\/v2\/product\/30369","targetHints":{"allow":["GET"]}}],"collection":[{"href":"https:\/\/olemosaic.com\/fr\/wp-json\/wp\/v2\/product"}],"about":[{"href":"https:\/\/olemosaic.com\/fr\/wp-json\/wp\/v2\/types\/product"}],"wp:featuredmedia":[{"embeddable":true,"href":"https:\/\/olemosaic.com\/fr\/wp-json\/wp\/v2\/media\/10009"}],"wp:attachment":[{"href":"https:\/\/olemosaic.com\/fr\/wp-json\/wp\/v2\/media?parent=30369"}],"wp:term":[{"taxonomy":"product_brand","embeddable":true,"href":"https:\/\/olemosaic.com\/fr\/wp-json\/wp\/v2\/product_brand?post=30369"},{"taxonomy":"product_cat","embeddable":true,"href":"https:\/\/olemosaic.com\/fr\/wp-json\/wp\/v2\/product_cat?post=30369"},{"taxonomy":"product_tag","embeddable":true,"href":"https:\/\/olemosaic.com\/fr\/wp-json\/wp\/v2\/product_tag?post=30369"}],"curies":[{"name":"wp","href":"https:\/\/api.w.org\/{rel}","templated":true}]}}