{"id":30366,"date":"2025-02-20T22:32:10","date_gmt":"2025-02-20T22:32:10","guid":{"rendered":"http:\/\/olemosaic.com\/producto\/iman-de-metal-tortuga-azul-11-cm\/"},"modified":"2025-07-25T19:40:46","modified_gmt":"2025-07-25T17:40:46","slug":"aimant-metal-tortue-bleu-11-cm","status":"publish","type":"product","link":"https:\/\/olemosaic.com\/fr\/produit\/aimant-metal-tortue-bleu-11-cm\/","title":{"rendered":"Aimant en m\u00e9tal. Tortue. Bleu. 11 cm."},"content":{"rendered":"<p>Cet aimant m\u00e9tallique au design de tortues marines est une pi\u00e8ce exceptionnelle qui capture la beaut\u00e9 du monde sous-marin, id\u00e9al comme souvenir de la vie marine. D&rsquo;une taille de 11 cm, cet aimant attrayant pr\u00e9sente une illustration vibrante de tortues nageant sur un fond bleu intense. La technique employ\u00e9e pour son design simule une \u00e9l\u00e9gante mosa\u00efque, offrant une texture visuellement captivante. Les tortues, peintes dans des tons orange et jaune, contrastent merveilleusement avec l&rsquo;environnement marin, o\u00f9 coraux et coquillages apportent couleur et vie \u00e0 la sc\u00e8ne.<\/p>\n<p>Cet aimant n&rsquo;est pas seulement un souvenir de qualit\u00e9, il \u00e9voque \u00e9galement la riche biodiversit\u00e9 de l&rsquo;oc\u00e9an, constituant une excellente option pour les amoureux de la nature et de la mer. Son design optimise sa fonctionnalit\u00e9 en tant qu&rsquo;aimant, permettant de garder en vue les souvenirs de moments sp\u00e9ciaux \u00e0 la maison. Avec cet aimant, les touristes peuvent emporter un morceau de la beaut\u00e9 maritime, se rappelant leur visite dans des r\u00e9gions riches en vie marine et en culture.<\/p>\n<p>Chez Ol\u00e9 Mosaic, nous sommes des distributeurs de souvenirs authentiques en gros, et cet aimant de tortues marines est une option parfaite pour les boutiques de cadeaux touristiques cherchant \u00e0 proposer des produits refl\u00e9tant la richesse naturelle de leur environnement. Un souvenir id\u00e9al, non seulement pour d\u00e9corer, mais aussi pour c\u00e9l\u00e9brer la connexion avec l&rsquo;oc\u00e9an.<\/p>\n","protected":false},"excerpt":{"rendered":"<p>Aimant m\u00e9tallique au design de tortues marines sur un fond bleu vibrant, de 11 cm. Cet aimant attrayant pr\u00e9sente une illustration color\u00e9e de tortues nageant parmi les coraux et les coquillages, r\u00e9alis\u00e9e avec une technique simulant une mosa\u00efque. Les tons orange et jaune des tortues contrastent avec le d\u00e9licat environnement marin, faisant de cet aimant un charmant souvenir de la vie oc\u00e9anique. Id\u00e9al pour tout amoureux de la mer et de la nature.<\/p>\n","protected":false},"featured_media":8955,"template":"","meta":{"_acf_changed":false},"product_brand":[],"product_cat":[697],"product_tag":[530],"class_list":{"0":"post-30366","1":"product","2":"type-product","3":"status-publish","4":"has-post-thumbnail","6":"product_cat-aimants","7":"product_tag-animaux","8":"pa_motivo-tortues","10":"first","11":"instock","12":"shipping-taxable","13":"product-type-simple"},"acf":[],"_links":{"self":[{"href":"https:\/\/olemosaic.com\/fr\/wp-json\/wp\/v2\/product\/30366","targetHints":{"allow":["GET"]}}],"collection":[{"href":"https:\/\/olemosaic.com\/fr\/wp-json\/wp\/v2\/product"}],"about":[{"href":"https:\/\/olemosaic.com\/fr\/wp-json\/wp\/v2\/types\/product"}],"wp:featuredmedia":[{"embeddable":true,"href":"https:\/\/olemosaic.com\/fr\/wp-json\/wp\/v2\/media\/8955"}],"wp:attachment":[{"href":"https:\/\/olemosaic.com\/fr\/wp-json\/wp\/v2\/media?parent=30366"}],"wp:term":[{"taxonomy":"product_brand","embeddable":true,"href":"https:\/\/olemosaic.com\/fr\/wp-json\/wp\/v2\/product_brand?post=30366"},{"taxonomy":"product_cat","embeddable":true,"href":"https:\/\/olemosaic.com\/fr\/wp-json\/wp\/v2\/product_cat?post=30366"},{"taxonomy":"product_tag","embeddable":true,"href":"https:\/\/olemosaic.com\/fr\/wp-json\/wp\/v2\/product_tag?post=30366"}],"curies":[{"name":"wp","href":"https:\/\/api.w.org\/{rel}","templated":true}]}}