{"id":30365,"date":"2025-02-20T22:32:10","date_gmt":"2025-02-20T22:32:10","guid":{"rendered":"http:\/\/olemosaic.com\/producto\/iman-de-metal-toro-mijas-plata-8-cm\/"},"modified":"2025-07-25T19:35:31","modified_gmt":"2025-07-25T17:35:31","slug":"aimant-metal-taureau-mijas-argent-8-cm","status":"publish","type":"product","link":"https:\/\/olemosaic.com\/fr\/produit\/aimant-metal-taureau-mijas-argent-8-cm\/","title":{"rendered":"Aimant en m\u00e9tal. Taureau. Mijas. Argent. 8 cm."},"content":{"rendered":"<p>Cet aimant m\u00e9tallique au design de taureau est un v\u00e9ritable symbole de Mijas, l&rsquo;une des destinations les plus embl\u00e9matiques de la Costa del Sol. D&rsquo;une taille de 8 cm, il se distingue par sa mosa\u00efque vibrante de couleurs chaudes, qui rehaussent la figure iconique du taureau, \u00e9l\u00e9ment fondamental de la culture espagnole. Le fond blanc simule un trencad\u00eds, une technique traditionnelle utilisant des morceaux de c\u00e9ramique pour cr\u00e9er d&rsquo;impressionnantes \u0153uvres d&rsquo;art, offrant un contraste attrayant avec les tons intenses du taureau. Ce design capture l&rsquo;essence de l&rsquo;art et de la tradition andalouse, en faisant un souvenir parfait pour ceux qui souhaitent emporter un petit morceau de cette destination vibrante.<\/p>\n<p>Cet aimant n&rsquo;est pas seulement une pi\u00e8ce d\u00e9corative, il repr\u00e9sente \u00e9galement l&rsquo;h\u00e9ritage culturel de l&rsquo;Espagne, particuli\u00e8rement celui de Mijas, c\u00e9l\u00e8bre pour son charme andalou et son h\u00e9ritage taurin. C&rsquo;est un souvenir id\u00e9al pour les touristes \u00e0 la recherche d&rsquo;un souvenir authentique et repr\u00e9sentatif de la r\u00e9gion. Chez Ol\u00e9 Mosaic, en tant que distributeurs de souvenirs en gros, nous proposons cet aimant de taureau, une excellente option pour les boutiques de cadeaux touristiques souhaitant exposer des produits de qualit\u00e9 ayant une signification culturelle. Cet aimant m\u00e9tallique est un cadeau id\u00e9al et un rappel constant de la beaut\u00e9 et de la tradition de la Costa del Sol.<\/p>\n","protected":false},"excerpt":{"rendered":"<p>Aimant m\u00e9tallique au design de taureau repr\u00e9sentant l&rsquo;essence de Mijas, l&rsquo;une des destinations les plus embl\u00e9matiques de la Costa del Sol. Cet aimant de 8 cm arbore une mosa\u00efque vibrante de couleurs chaudes qui rehaussent la figure du taureau, symbole culturel de l&rsquo;Espagne. Avec un fond blanc simulant le trencad\u00eds et des d\u00e9tails captivants, c&rsquo;est un souvenir parfait pour les amateurs d&rsquo;art et de tradition espagnole.<\/p>\n","protected":false},"featured_media":9977,"template":"","meta":{"_acf_changed":false},"product_brand":[],"product_cat":[697],"product_tag":[530],"class_list":{"0":"post-30365","1":"product","2":"type-product","3":"status-publish","4":"has-post-thumbnail","6":"product_cat-aimants","7":"product_tag-animaux","8":"pa_ciudad-mijas","9":"pa_motivo-taureaux","10":"pa_pais-espana","12":"first","13":"instock","14":"shipping-taxable","15":"product-type-simple"},"acf":[],"_links":{"self":[{"href":"https:\/\/olemosaic.com\/fr\/wp-json\/wp\/v2\/product\/30365","targetHints":{"allow":["GET"]}}],"collection":[{"href":"https:\/\/olemosaic.com\/fr\/wp-json\/wp\/v2\/product"}],"about":[{"href":"https:\/\/olemosaic.com\/fr\/wp-json\/wp\/v2\/types\/product"}],"wp:featuredmedia":[{"embeddable":true,"href":"https:\/\/olemosaic.com\/fr\/wp-json\/wp\/v2\/media\/9977"}],"wp:attachment":[{"href":"https:\/\/olemosaic.com\/fr\/wp-json\/wp\/v2\/media?parent=30365"}],"wp:term":[{"taxonomy":"product_brand","embeddable":true,"href":"https:\/\/olemosaic.com\/fr\/wp-json\/wp\/v2\/product_brand?post=30365"},{"taxonomy":"product_cat","embeddable":true,"href":"https:\/\/olemosaic.com\/fr\/wp-json\/wp\/v2\/product_cat?post=30365"},{"taxonomy":"product_tag","embeddable":true,"href":"https:\/\/olemosaic.com\/fr\/wp-json\/wp\/v2\/product_tag?post=30365"}],"curies":[{"name":"wp","href":"https:\/\/api.w.org\/{rel}","templated":true}]}}