{"id":30359,"date":"2025-02-20T22:32:10","date_gmt":"2025-02-20T22:32:10","guid":{"rendered":"http:\/\/olemosaic.com\/producto\/iman-de-metal-toro-negro-8-cm\/"},"modified":"2025-07-25T18:50:18","modified_gmt":"2025-07-25T16:50:18","slug":"aimant-metal-taureau-noir-8-cm","status":"publish","type":"product","link":"https:\/\/olemosaic.com\/fr\/produit\/aimant-metal-taureau-noir-8-cm\/","title":{"rendered":"Aimant en m\u00e9tal. Taureau. Noir. 8 cm."},"content":{"rendered":"<p>Cet aimant m\u00e9tallique au design de taureau est un v\u00e9ritable symbole de la culture espagnole, id\u00e9al pour ceux qui recherchent un souvenir vibrant et repr\u00e9sentatif de l&rsquo;Espagne. D&rsquo;une taille de 8 cm, cet aimant se distingue par sa mosa\u00efque color\u00e9e dans les tons rouges et jaunes, entrelac\u00e9s sur un fond noir, qui souligne la silhouette iconique du taureau dans une repr\u00e9sentation artistique unique. Le mot \u00ab\u00a0ESPA\u00d1A\u00a0\u00bb appara\u00eet en lettres saillantes, apportant une touche vibrante et culturelle qui souligne l&rsquo;essence du pays.<\/p>\n<p>Cet aimant n&rsquo;est pas seulement fonctionnel, il capture \u00e9galement l&rsquo;essence du patrimoine espagnol, faisant r\u00e9f\u00e9rence \u00e0 la riche tradition taurine qui fait partie de l&rsquo;histoire de l&rsquo;Espagne. L&rsquo;image du taureau est synonyme de force et de courage, des valeurs profond\u00e9ment ancr\u00e9es dans la culture espagnole, et sa pr\u00e9sence d\u00e9corative est parfaite pour orner toute surface magn\u00e9tique \u00e0 la maison ou au bureau.<\/p>\n<p>Chez Ol\u00e9 Mosaic, nous distribuons des souvenirs de haute qualit\u00e9, et cet aimant de taureau est une excellente option pour les boutiques de cadeaux touristiques cherchant \u00e0 offrir des produits authentiques et culturellement significatifs. En tant que grossistes de souvenirs, nous garantissons l&rsquo;authenticit\u00e9 et le design attrayant de chaque pi\u00e8ce que nous proposons.<\/p>\n","protected":false},"excerpt":{"rendered":"<p>Aimant m\u00e9tallique au design de taureau, un symbole iconique de l&rsquo;Espagne. Cet aimant de 8 cm pr\u00e9sente une mosa\u00efque color\u00e9e dans les tons rouges et jaunes sur fond noir, mettant en valeur la silhouette du taureau dans une repr\u00e9sentation artistique unique. Le mot \u00ab\u00a0ESPA\u00d1A\u00a0\u00bb est imprim\u00e9 en lettres saillantes, offrant une touche vibrante et culturelle. Id\u00e9al pour orner toute surface magn\u00e9tique et se souvenir de la riche tradition espagnole.<\/p>\n","protected":false},"featured_media":6963,"template":"","meta":{"_acf_changed":false},"product_brand":[],"product_cat":[697],"product_tag":[530],"class_list":{"0":"post-30359","1":"product","2":"type-product","3":"status-publish","4":"has-post-thumbnail","6":"product_cat-aimants","7":"product_tag-animaux","8":"pa_motivo-taureaux","10":"first","11":"instock","12":"shipping-taxable","13":"product-type-simple"},"acf":[],"_links":{"self":[{"href":"https:\/\/olemosaic.com\/fr\/wp-json\/wp\/v2\/product\/30359","targetHints":{"allow":["GET"]}}],"collection":[{"href":"https:\/\/olemosaic.com\/fr\/wp-json\/wp\/v2\/product"}],"about":[{"href":"https:\/\/olemosaic.com\/fr\/wp-json\/wp\/v2\/types\/product"}],"wp:featuredmedia":[{"embeddable":true,"href":"https:\/\/olemosaic.com\/fr\/wp-json\/wp\/v2\/media\/6963"}],"wp:attachment":[{"href":"https:\/\/olemosaic.com\/fr\/wp-json\/wp\/v2\/media?parent=30359"}],"wp:term":[{"taxonomy":"product_brand","embeddable":true,"href":"https:\/\/olemosaic.com\/fr\/wp-json\/wp\/v2\/product_brand?post=30359"},{"taxonomy":"product_cat","embeddable":true,"href":"https:\/\/olemosaic.com\/fr\/wp-json\/wp\/v2\/product_cat?post=30359"},{"taxonomy":"product_tag","embeddable":true,"href":"https:\/\/olemosaic.com\/fr\/wp-json\/wp\/v2\/product_tag?post=30359"}],"curies":[{"name":"wp","href":"https:\/\/api.w.org\/{rel}","templated":true}]}}