{"id":30358,"date":"2025-02-20T22:32:10","date_gmt":"2025-02-20T22:32:10","guid":{"rendered":"http:\/\/olemosaic.com\/producto\/iman-de-metal-salamandra-mallorca-negro-8-cm\/"},"modified":"2025-07-25T18:54:20","modified_gmt":"2025-07-25T16:54:20","slug":"aimant-metal-salamandre-majorque-noir-8-cm","status":"publish","type":"product","link":"https:\/\/olemosaic.com\/fr\/produit\/aimant-metal-salamandre-majorque-noir-8-cm\/","title":{"rendered":"Aimant en m\u00e9tal. Salamandre. Majorque. Noir. 8 cm."},"content":{"rendered":"<p>Cet aimant m\u00e9tallique au design de salamandres est un souvenir incontournable pour les visiteurs de Majorque, capturant l&rsquo;essence vibrante de la faune locale \u00e0 travers un art visuel unique. Il mesure 8 cm et pr\u00e9sente une base noire qui contraste parfaitement avec les couleurs intenses des salamandres, orn\u00e9es d&rsquo;un style mosa\u00efque \u00e9l\u00e9gant qui rend hommage \u00e0 la riche tradition artistique de l&rsquo;\u00eele. Les salamandres sont r\u00e9alis\u00e9es avec une palette de couleurs vives, incluant des tons bleus, verts et rouges \u00e9clatants, cr\u00e9ant un effet visuel captivant qui \u00e9voque la diversit\u00e9 et la beaut\u00e9 naturelle de Majorque. Le mot \u00ab\u00a0MALLORCA\u00a0\u00bb, mis en avant sur la partie sup\u00e9rieure de l&rsquo;aimant, ressort dans des couleurs vibrantes, symbolisant le m\u00e9lange culturel de la r\u00e9gion. Cet aimant n&rsquo;est pas seulement un \u00e9l\u00e9ment d\u00e9coratif attrayant, mais aussi un symbole des traditions et de la faune de cette magnifique \u00eele m\u00e9diterran\u00e9enne. Chez Ol\u00e9 Mosaic, nous sommes fiers de proposer des souvenirs authentiques de Majorque qui mettent en valeur la culture locale et la beaut\u00e9 naturelle ; cet aimant de salamandres est un choix id\u00e9al pour les touristes \u00e0 la recherche de souvenirs authentiques refl\u00e9tant l&rsquo;essence de leur voyage. En tant que grossiste d&rsquo;aimants, nous garantissons des produits de qualit\u00e9 qui renforcent l&rsquo;attrait de toute boutique de cadeaux touristiques.<\/p>\n","protected":false},"excerpt":{"rendered":"<p>Aimant m\u00e9tallique au design de salamandres, inspir\u00e9 par la faune de Majorque. Il mesure 8 cm et pr\u00e9sente une base noire qui rehausse les couleurs vives des salamandres, d\u00e9cor\u00e9es dans un style mosa\u00efque \u00e9voquant la tradition artistique de l&rsquo;\u00eele. Le mot \u00ab\u00a0MALLORCA\u00a0\u00bb appara\u00eet dans des couleurs vibrantes, faisant allusion \u00e0 la diversit\u00e9 culturelle et naturelle du lieu. Un souvenir id\u00e9al pour se rappeler la beaut\u00e9 de Majorque.<\/p>\n","protected":false},"featured_media":13529,"template":"","meta":{"_acf_changed":false},"product_brand":[],"product_cat":[697],"product_tag":[530],"class_list":{"0":"post-30358","1":"product","2":"type-product","3":"status-publish","4":"has-post-thumbnail","6":"product_cat-aimants","7":"product_tag-animaux","8":"pa_ciudad-mallorca","9":"pa_motivo-salamandres","10":"pa_pais-espana","12":"first","13":"instock","14":"shipping-taxable","15":"product-type-simple"},"acf":[],"_links":{"self":[{"href":"https:\/\/olemosaic.com\/fr\/wp-json\/wp\/v2\/product\/30358","targetHints":{"allow":["GET"]}}],"collection":[{"href":"https:\/\/olemosaic.com\/fr\/wp-json\/wp\/v2\/product"}],"about":[{"href":"https:\/\/olemosaic.com\/fr\/wp-json\/wp\/v2\/types\/product"}],"wp:featuredmedia":[{"embeddable":true,"href":"https:\/\/olemosaic.com\/fr\/wp-json\/wp\/v2\/media\/13529"}],"wp:attachment":[{"href":"https:\/\/olemosaic.com\/fr\/wp-json\/wp\/v2\/media?parent=30358"}],"wp:term":[{"taxonomy":"product_brand","embeddable":true,"href":"https:\/\/olemosaic.com\/fr\/wp-json\/wp\/v2\/product_brand?post=30358"},{"taxonomy":"product_cat","embeddable":true,"href":"https:\/\/olemosaic.com\/fr\/wp-json\/wp\/v2\/product_cat?post=30358"},{"taxonomy":"product_tag","embeddable":true,"href":"https:\/\/olemosaic.com\/fr\/wp-json\/wp\/v2\/product_tag?post=30358"}],"curies":[{"name":"wp","href":"https:\/\/api.w.org\/{rel}","templated":true}]}}