{"id":30353,"date":"2025-02-20T22:32:09","date_gmt":"2025-02-20T22:32:09","guid":{"rendered":"http:\/\/olemosaic.com\/producto\/iman-de-metal-la-giralda-sevilla-negro-8-cm\/"},"modified":"2025-07-25T18:43:50","modified_gmt":"2025-07-25T16:43:50","slug":"aimant-en-metal-la-giralda-seville-noir-8-cm","status":"publish","type":"product","link":"https:\/\/olemosaic.com\/fr\/produit\/aimant-en-metal-la-giralda-seville-noir-8-cm\/","title":{"rendered":"Aimant en m\u00e9tal. La Giralda. S\u00e9ville. Noir. 8 cm."},"content":{"rendered":"<p>Cet aimant m\u00e9tallique avec la Giralda est un souvenir embl\u00e9matique de S\u00e9ville, id\u00e9al pour ceux qui recherchent un souvenir authentique capturant l&rsquo;essence de cette vibrante ville andalouse. Avec des dimensions de 8 cm, il pr\u00e9sente un design attrayant inspir\u00e9 des azulejos traditionnels, se distinguant par l&rsquo;utilisation de couleurs vives comme le jaune, le rouge et le vert, sur un \u00e9l\u00e9gant fond noir. La Giralda, la c\u00e9l\u00e8bre tour de la cath\u00e9drale de S\u00e9ville, est repr\u00e9sent\u00e9e avec beaucoup de d\u00e9tails, cr\u00e9ant une esth\u00e9tique visuelle qui \u00e9voque les vues majestueuses de la ville.<\/p>\n<p>Le mot \u00ab\u00a0Sevilla\u00a0\u00bb est harmonieusement int\u00e9gr\u00e9 au design, avec des couleurs vives qui attirent le regard, faisant de cet aimant une pi\u00e8ce d\u00e9corative parfaite pour n&rsquo;importe quel endroit, que ce soit \u00e0 la maison, au bureau ou dans le cadre d&rsquo;une collection de souvenirs. Cet aimant n&rsquo;est pas seulement fonctionnel, mais aussi un excellent hommage \u00e0 l&rsquo;h\u00e9ritage culturel s\u00e9villan et \u00e0 l&rsquo;art de ses azulejos, \u00e9l\u00e9ments fondamentaux qui enrichissent l&rsquo;identit\u00e9 locale.<\/p>\n<p>Chez Ol\u00e9 Mosaic, nous sommes sp\u00e9cialistes de la distribution de souvenirs en gros, et cet aimant de la Giralda est un magnifique exemple de notre engagement envers la qualit\u00e9 et l&rsquo;authenticit\u00e9. C&rsquo;est un choix exceptionnel pour les boutiques de cadeaux touristiques qui souhaitent proposer des produits qui non seulement repr\u00e9sentent S\u00e9ville, mais renforcent \u00e9galement l&rsquo;exp\u00e9rience culturelle de leurs visiteurs.<\/p>\n","protected":false},"excerpt":{"rendered":"<p>Aimant m\u00e9tallique au design de la Giralda, le symbole embl\u00e9matique de S\u00e9ville. Cet aimant mesure 8 cm et pr\u00e9sente un design vibrant inspir\u00e9 des azulejos, montrant la c\u00e9l\u00e8bre tour avec des d\u00e9tails en jaune, rouge et vert, sur un fond noir. Le mot \u00ab\u00a0Sevilla\u00a0\u00bb se d\u00e9tache dans des couleurs vives, ajoutant une touche frappante. Parfait pour se souvenir de la beaut\u00e9 de la ville andalouse et d\u00e9corer n&rsquo;importe quel espace.<\/p>\n","protected":false},"featured_media":7110,"template":"","meta":{"_acf_changed":false},"product_brand":[],"product_cat":[697],"product_tag":[],"class_list":{"0":"post-30353","1":"product","2":"type-product","3":"status-publish","4":"has-post-thumbnail","6":"product_cat-aimants","7":"pa_ciudad-sevilla","8":"pa_motivo-la-giralda","9":"pa_pais-espana","11":"first","12":"instock","13":"shipping-taxable","14":"product-type-simple"},"acf":[],"_links":{"self":[{"href":"https:\/\/olemosaic.com\/fr\/wp-json\/wp\/v2\/product\/30353","targetHints":{"allow":["GET"]}}],"collection":[{"href":"https:\/\/olemosaic.com\/fr\/wp-json\/wp\/v2\/product"}],"about":[{"href":"https:\/\/olemosaic.com\/fr\/wp-json\/wp\/v2\/types\/product"}],"wp:featuredmedia":[{"embeddable":true,"href":"https:\/\/olemosaic.com\/fr\/wp-json\/wp\/v2\/media\/7110"}],"wp:attachment":[{"href":"https:\/\/olemosaic.com\/fr\/wp-json\/wp\/v2\/media?parent=30353"}],"wp:term":[{"taxonomy":"product_brand","embeddable":true,"href":"https:\/\/olemosaic.com\/fr\/wp-json\/wp\/v2\/product_brand?post=30353"},{"taxonomy":"product_cat","embeddable":true,"href":"https:\/\/olemosaic.com\/fr\/wp-json\/wp\/v2\/product_cat?post=30353"},{"taxonomy":"product_tag","embeddable":true,"href":"https:\/\/olemosaic.com\/fr\/wp-json\/wp\/v2\/product_tag?post=30353"}],"curies":[{"name":"wp","href":"https:\/\/api.w.org\/{rel}","templated":true}]}}