{"id":30352,"date":"2025-02-20T22:32:09","date_gmt":"2025-02-20T22:32:09","guid":{"rendered":"http:\/\/olemosaic.com\/producto\/iman-de-metal-sagrada-familia-barcelona-plata-8-cm\/"},"modified":"2025-07-25T20:22:26","modified_gmt":"2025-07-25T18:22:26","slug":"aimant-en-metal-sagrada-familia-barcelone-argent-8-cm","status":"publish","type":"product","link":"https:\/\/olemosaic.com\/fr\/produit\/aimant-en-metal-sagrada-familia-barcelone-argent-8-cm\/","title":{"rendered":"Aimant en m\u00e9tal. Sagrada Familia. Barcelone. Argent. 8 cm."},"content":{"rendered":"<p>Cet aimant m\u00e9tallique, arborant le design de l&#8217;embl\u00e9matique Sagrada Familia de Barcelone, est le souvenir parfait pour ceux qui souhaitent emporter un petit morceau de l&rsquo;architecture catalane. Avec des dimensions de 8 cm, cet aimant attrayant se distingue par son illustration vibrante et d\u00e9taill\u00e9e, qui capture la magnificence de ce c\u00e9l\u00e8bre monument, con\u00e7u par le c\u00e9l\u00e8bre architecte Antoni Gaud\u00ed. Les tons dor\u00e9s et orang\u00e9s pr\u00e9dominent dans sa repr\u00e9sentation, \u00e9voquant les qualit\u00e9s de la lumi\u00e8re m\u00e9diterran\u00e9enne qui baigne la Basilique, et sont compl\u00e9t\u00e9s par un cadre multicolore rappelant le c\u00e9l\u00e8bre trencad\u00eds, une technique de mosa\u00efque utilis\u00e9e par Gaud\u00ed qui symbolise la cr\u00e9ativit\u00e9 et l&rsquo;innovation du modernisme catalan.<\/p>\n<p>Ce souvenir n&rsquo;est pas seulement un \u00e9l\u00e9ment d\u00e9coratif, mais aussi une c\u00e9l\u00e9bration de la richesse culturelle et artistique de Barcelone, id\u00e9al pour les amateurs d&rsquo;art et d&rsquo;architecture \u00e0 la recherche d&rsquo;un souvenir authentique. L&rsquo;aimant de la Sagrada Familia est une excellente id\u00e9e de cadeau pour les touristes qui veulent se souvenir de leur visite dans cette ville embl\u00e9matique. Chez Ol\u00e9 Mosaic, nous sommes des distributeurs de souvenirs de qualit\u00e9 en gros, ce qui nous permet de proposer des produits authentiques et repr\u00e9sentatifs comme cet aimant, con\u00e7u pour capturer l&rsquo;essence de Barcelone et de son patrimoine architectural.<\/p>\n","protected":false},"excerpt":{"rendered":"<p>Aimant m\u00e9tallique avec le design de l&#8217;embl\u00e9matique Sagrada Familia de Barcelone, de 8 cm. Cet aimant attrayant pr\u00e9sente une illustration color\u00e9e et d\u00e9taill\u00e9e du c\u00e9l\u00e8bre monument, mettant en avant ses caract\u00e9ristiques architecturales uniques et ornementales. Les tons dor\u00e9s et orang\u00e9s pr\u00e9dominent, compl\u00e9t\u00e9s par un cadre multicolore \u00e9voquant le c\u00e9l\u00e8bre trencad\u00eds de Gaud\u00ed. Id\u00e9al pour se souvenir de la beaut\u00e9 de Barcelone et comme cadeau pour les amateurs d&rsquo;art et d&rsquo;architecture.<\/p>\n","protected":false},"featured_media":11381,"template":"","meta":{"_acf_changed":false},"product_brand":[],"product_cat":[697],"product_tag":[],"class_list":{"0":"post-30352","1":"product","2":"type-product","3":"status-publish","4":"has-post-thumbnail","6":"product_cat-aimants","7":"pa_ciudad-barcelona","8":"pa_motivo-sagrada-familia","9":"pa_pais-espana","11":"first","12":"instock","13":"shipping-taxable","14":"product-type-simple"},"acf":[],"_links":{"self":[{"href":"https:\/\/olemosaic.com\/fr\/wp-json\/wp\/v2\/product\/30352","targetHints":{"allow":["GET"]}}],"collection":[{"href":"https:\/\/olemosaic.com\/fr\/wp-json\/wp\/v2\/product"}],"about":[{"href":"https:\/\/olemosaic.com\/fr\/wp-json\/wp\/v2\/types\/product"}],"wp:featuredmedia":[{"embeddable":true,"href":"https:\/\/olemosaic.com\/fr\/wp-json\/wp\/v2\/media\/11381"}],"wp:attachment":[{"href":"https:\/\/olemosaic.com\/fr\/wp-json\/wp\/v2\/media?parent=30352"}],"wp:term":[{"taxonomy":"product_brand","embeddable":true,"href":"https:\/\/olemosaic.com\/fr\/wp-json\/wp\/v2\/product_brand?post=30352"},{"taxonomy":"product_cat","embeddable":true,"href":"https:\/\/olemosaic.com\/fr\/wp-json\/wp\/v2\/product_cat?post=30352"},{"taxonomy":"product_tag","embeddable":true,"href":"https:\/\/olemosaic.com\/fr\/wp-json\/wp\/v2\/product_tag?post=30352"}],"curies":[{"name":"wp","href":"https:\/\/api.w.org\/{rel}","templated":true}]}}