{"id":30351,"date":"2025-02-20T22:32:09","date_gmt":"2025-02-20T22:32:09","guid":{"rendered":"http:\/\/olemosaic.com\/producto\/iman-de-metal-gallo-8-cm\/"},"modified":"2025-07-25T19:20:55","modified_gmt":"2025-07-25T17:20:55","slug":"aimant-en-metal-coq-8-cm","status":"publish","type":"product","link":"https:\/\/olemosaic.com\/fr\/produit\/aimant-en-metal-coq-8-cm\/","title":{"rendered":"Aimant en m\u00e9tal. Coq. 8 cm."},"content":{"rendered":"<p>Cet aimant m\u00e9tallique au design de coq est un v\u00e9ritable joyau de la culture portugaise, capturant l&rsquo;essence vibrante et color\u00e9e du folklore du pays. D&rsquo;une taille de 8 cm, cette pi\u00e8ce se distingue par sa brillante repr\u00e9sentation du coq, symbole embl\u00e9matique au Portugal, connu pour son association avec la chance et la joie. Le design est illustr\u00e9 par une mosa\u00efque de couleurs intenses, incluant des tons rouges, bleus et jaunes, cr\u00e9ant un effet visuel \u00e9blouissant. Le coq se dresse sur un fond bleu clair, qui accentue sa beaut\u00e9 et en fait un objet d\u00e9coratif qui illumine n&rsquo;importe quel espace.<\/p>\n<p>En plus d&rsquo;\u00eatre une pi\u00e8ce attrayante, cet aimant refl\u00e8te la riche tradition artisanale du Portugal, \u00e9voquant des paysages pleins de vie et des c\u00e9l\u00e9brations joyeuses. C&rsquo;est un excellent souvenir pour les touristes \u00e0 la recherche d&rsquo;une repr\u00e9sentation authentique de la culture portugaise, ce qui en fait un cadeau parfait pour ceux qui souhaitent ramener un morceau du Portugal chez eux. Chez Ol\u00e9 Mosaic, nous sommes sp\u00e9cialistes de la distribution de souvenirs en gros, proposant des produits qui allient qualit\u00e9 et authenticit\u00e9. Cet aimant de coq est id\u00e9al pour les boutiques de cadeaux touristiques cherchant \u00e0 ajouter \u00e0 leur offre des articles significatifs et color\u00e9s, capturant l&rsquo;essence du folklore portugais. Avec nous, en tant que grossiste de souvenirs, vous garantissez vari\u00e9t\u00e9 et originalit\u00e9 dans chaque pi\u00e8ce.<\/p>\n","protected":false},"excerpt":{"rendered":"<p>Aimant m\u00e9tallique au design vibrant d&rsquo;un coq, se distinguant par ses couleurs brillantes de style mosa\u00efque. D&rsquo;une taille de 8 cm, cet aimant est une repr\u00e9sentation embl\u00e9matique de la culture portugaise, \u00e9voquant la joie et le folklore du pays. La figure color\u00e9e du coq se dresse sur un fond bleu clair qui souligne sa beaut\u00e9, en faisant une pi\u00e8ce d\u00e9corative et un cadeau parfait pour les amateurs d&rsquo;artisanat traditionnel.<\/p>\n","protected":false},"featured_media":11457,"template":"","meta":{"_acf_changed":false},"product_brand":[],"product_cat":[697],"product_tag":[530],"class_list":{"0":"post-30351","1":"product","2":"type-product","3":"status-publish","4":"has-post-thumbnail","6":"product_cat-aimants","7":"product_tag-animaux","8":"pa_motivo-coqs","10":"first","11":"instock","12":"shipping-taxable","13":"product-type-simple"},"acf":[],"_links":{"self":[{"href":"https:\/\/olemosaic.com\/fr\/wp-json\/wp\/v2\/product\/30351","targetHints":{"allow":["GET"]}}],"collection":[{"href":"https:\/\/olemosaic.com\/fr\/wp-json\/wp\/v2\/product"}],"about":[{"href":"https:\/\/olemosaic.com\/fr\/wp-json\/wp\/v2\/types\/product"}],"wp:featuredmedia":[{"embeddable":true,"href":"https:\/\/olemosaic.com\/fr\/wp-json\/wp\/v2\/media\/11457"}],"wp:attachment":[{"href":"https:\/\/olemosaic.com\/fr\/wp-json\/wp\/v2\/media?parent=30351"}],"wp:term":[{"taxonomy":"product_brand","embeddable":true,"href":"https:\/\/olemosaic.com\/fr\/wp-json\/wp\/v2\/product_brand?post=30351"},{"taxonomy":"product_cat","embeddable":true,"href":"https:\/\/olemosaic.com\/fr\/wp-json\/wp\/v2\/product_cat?post=30351"},{"taxonomy":"product_tag","embeddable":true,"href":"https:\/\/olemosaic.com\/fr\/wp-json\/wp\/v2\/product_tag?post=30351"}],"curies":[{"name":"wp","href":"https:\/\/api.w.org\/{rel}","templated":true}]}}