{"id":30328,"date":"2025-02-20T22:32:08","date_gmt":"2025-02-20T22:32:08","guid":{"rendered":"http:\/\/olemosaic.com\/producto\/iman-de-metal-buho-plata-8-cm\/"},"modified":"2025-07-25T20:12:53","modified_gmt":"2025-07-25T18:12:53","slug":"aimant-metal-hibou-argent-8-cm","status":"publish","type":"product","link":"https:\/\/olemosaic.com\/fr\/produit\/aimant-metal-hibou-argent-8-cm\/","title":{"rendered":"Aimant en m\u00e9tal. Hibou. Argent. 8 cm."},"content":{"rendered":"<p>Cet aimant m\u00e9tallique au design de hibou color\u00e9 est un charmant souvenir qui capture l&rsquo;essence de l&rsquo;art de la mosa\u00efque espagnole. Avec des dimensions de 8 cm, il se distingue par ses couleurs vives dans des tons de bleu, jaune, rouge et vert, qui donnent vie \u00e0 la figure d&rsquo;un hibou, symbole universel de sagesse et de connaissance. La technique employ\u00e9e \u00e9mule le vitrail, cr\u00e9ant un fond textur\u00e9 qui rappelle les vitraux traditionnels, apportant profondeur et caract\u00e8re \u00e0 cette pi\u00e8ce.<\/p>\n<p>Le hibou offre une repr\u00e9sentation artistique qui \u00e9voque le riche h\u00e9ritage culturel de la p\u00e9ninsule ib\u00e9rique, id\u00e9al pour ceux qui recherchent un souvenir authentique et plein de sens. Son design vibrant en fait un objet d\u00e9coratif pour toute surface m\u00e9tallique, ainsi qu&rsquo;un petit morceau de la culture espagnole \u00e0 emporter chez soi.<\/p>\n<p>Chez Ol\u00e9 Mosaic, nous nous consacrons \u00e0 la distribution de souvenirs en gros, et cet aimant est une excellente option pour les boutiques de cadeaux touristiques \u00e0 la recherche de produits uniques et de qualit\u00e9. En choisissant cet aimant de hibou comme souvenir, les touristes n&rsquo;acqui\u00e8rent pas seulement un accessoire fonctionnel, mais aussi une pi\u00e8ce qui c\u00e9l\u00e8bre la richesse du patrimoine espagnol, parfaite pour se souvenir de leur visite en Espagne.<\/p>\n","protected":false},"excerpt":{"rendered":"<p>Aimant m\u00e9tallique avec le design d&rsquo;un hibou color\u00e9, inspir\u00e9 de l&rsquo;art de la mosa\u00efque. Cet aimant de 8 cm se distingue par ses couleurs vibrantes dans des tons de bleu, jaune, rouge et vert, qui donnent vie \u00e0 la figure du hibou, symbole de sagesse. La technique \u00e9mule le style des vitraux, avec un fond textur\u00e9 rappelant les vitraux traditionnels. Id\u00e9al pour d\u00e9corer toute surface m\u00e9tallique et ajouter une touche de culture espagnole \u00e0 votre int\u00e9rieur.<\/p>\n","protected":false},"featured_media":11436,"template":"","meta":{"_acf_changed":false},"product_brand":[],"product_cat":[697],"product_tag":[530],"class_list":{"0":"post-30328","1":"product","2":"type-product","3":"status-publish","4":"has-post-thumbnail","6":"product_cat-aimants","7":"product_tag-animaux","8":"pa_motivo-hiboux","10":"first","11":"instock","12":"shipping-taxable","13":"product-type-simple"},"acf":[],"_links":{"self":[{"href":"https:\/\/olemosaic.com\/fr\/wp-json\/wp\/v2\/product\/30328","targetHints":{"allow":["GET"]}}],"collection":[{"href":"https:\/\/olemosaic.com\/fr\/wp-json\/wp\/v2\/product"}],"about":[{"href":"https:\/\/olemosaic.com\/fr\/wp-json\/wp\/v2\/types\/product"}],"wp:featuredmedia":[{"embeddable":true,"href":"https:\/\/olemosaic.com\/fr\/wp-json\/wp\/v2\/media\/11436"}],"wp:attachment":[{"href":"https:\/\/olemosaic.com\/fr\/wp-json\/wp\/v2\/media?parent=30328"}],"wp:term":[{"taxonomy":"product_brand","embeddable":true,"href":"https:\/\/olemosaic.com\/fr\/wp-json\/wp\/v2\/product_brand?post=30328"},{"taxonomy":"product_cat","embeddable":true,"href":"https:\/\/olemosaic.com\/fr\/wp-json\/wp\/v2\/product_cat?post=30328"},{"taxonomy":"product_tag","embeddable":true,"href":"https:\/\/olemosaic.com\/fr\/wp-json\/wp\/v2\/product_tag?post=30328"}],"curies":[{"name":"wp","href":"https:\/\/api.w.org\/{rel}","templated":true}]}}