{"id":30327,"date":"2025-02-20T22:32:08","date_gmt":"2025-02-20T22:32:08","guid":{"rendered":"http:\/\/olemosaic.com\/producto\/iman-de-metal-toro-sevilla-plata-8-cm\/"},"modified":"2025-07-25T18:57:58","modified_gmt":"2025-07-25T16:57:58","slug":"aimant-metal-taureau-seville-argent-8-cm","status":"publish","type":"product","link":"https:\/\/olemosaic.com\/fr\/produit\/aimant-metal-taureau-seville-argent-8-cm\/","title":{"rendered":"Aimant en m\u00e9tal. Taureau. S\u00e9ville. Argent. 8 cm."},"content":{"rendered":"<p>Cet aimant m\u00e9tallique, avec son design color\u00e9 d&rsquo;un taureau, est un souvenir embl\u00e9matique qui capture l&rsquo;essence vibrante de S\u00e9ville et de la culture espagnole. Avec sa taille de 8 cm, cet aimant n&rsquo;est pas seulement fonctionnel, mais aussi une repr\u00e9sentation artistique de l&rsquo;un des symboles les plus iconiques du pays. Le taureau, avec sa finition brillante et ses tonalit\u00e9s variant du bleu au jaune, imite une mosa\u00efque qui \u00e9voque les traditions artistiques et la passion de la r\u00e9gion andalouse. Le fond blanc de l&rsquo;aimant fait ressortir le motif principal, tandis que le mot \u00ab\u00a0SEVILLA\u00a0\u00bb apporte une touche distinctive et reconnaissable.<\/p>\n<p>Cet article n&rsquo;est pas seulement id\u00e9al pour d\u00e9corer votre r\u00e9frig\u00e9rateur ou toute surface m\u00e9tallique, mais il sert \u00e9galement de rappel tangible de votre passage dans cette ville historique. Son design color\u00e9 et moderne en fait un excellent cadeau pour les touristes cherchant \u00e0 emporter un morceau de la tradition andalouse chez eux. Chez Ol\u00e9 Mosaic, nous sommes des distributeurs de souvenirs authentiques et culturels, proposant cet aimant de taureau como une option parfaite pour les boutiques de cadeaux touristiques souhaitant offrir des produits repr\u00e9sentatifs de S\u00e9ville. Cet aimant est un t\u00e9moignage de la riche culture espagnole et un excellent exemple de la fa\u00e7on dont un simple objet peut encapsuler la beaut\u00e9 d&rsquo;une r\u00e9gion.<\/p>\n","protected":false},"excerpt":{"rendered":"<p>Aimant en m\u00e9tal avec un design color\u00e9 de taureau, symbole de la culture espagnole, repr\u00e9sentant l&rsquo;essence de S\u00e9ville. D&rsquo;une taille de 8 cm, il pr\u00e9sente une finition brillante et vibrante dans des tons allant du bleu au jaune, imitant une mosa\u00efque artistique. Le fond blanc souligne le motif principal et le mot \u00ab\u00a0SEVILLA\u00a0\u00bb, apportant une touche distinctive. Id\u00e9al pour emporter un morceau de la tradition andalouse chez soi.<\/p>\n","protected":false},"featured_media":10013,"template":"","meta":{"_acf_changed":false},"product_brand":[],"product_cat":[697],"product_tag":[530],"class_list":{"0":"post-30327","1":"product","2":"type-product","3":"status-publish","4":"has-post-thumbnail","6":"product_cat-aimants","7":"product_tag-animaux","8":"pa_ciudad-sevilla","9":"pa_motivo-taureaux","10":"pa_pais-espana","12":"first","13":"instock","14":"shipping-taxable","15":"product-type-simple"},"acf":[],"_links":{"self":[{"href":"https:\/\/olemosaic.com\/fr\/wp-json\/wp\/v2\/product\/30327","targetHints":{"allow":["GET"]}}],"collection":[{"href":"https:\/\/olemosaic.com\/fr\/wp-json\/wp\/v2\/product"}],"about":[{"href":"https:\/\/olemosaic.com\/fr\/wp-json\/wp\/v2\/types\/product"}],"wp:featuredmedia":[{"embeddable":true,"href":"https:\/\/olemosaic.com\/fr\/wp-json\/wp\/v2\/media\/10013"}],"wp:attachment":[{"href":"https:\/\/olemosaic.com\/fr\/wp-json\/wp\/v2\/media?parent=30327"}],"wp:term":[{"taxonomy":"product_brand","embeddable":true,"href":"https:\/\/olemosaic.com\/fr\/wp-json\/wp\/v2\/product_brand?post=30327"},{"taxonomy":"product_cat","embeddable":true,"href":"https:\/\/olemosaic.com\/fr\/wp-json\/wp\/v2\/product_cat?post=30327"},{"taxonomy":"product_tag","embeddable":true,"href":"https:\/\/olemosaic.com\/fr\/wp-json\/wp\/v2\/product_tag?post=30327"}],"curies":[{"name":"wp","href":"https:\/\/api.w.org\/{rel}","templated":true}]}}