{"id":30325,"date":"2025-02-20T22:32:08","date_gmt":"2025-02-20T22:32:08","guid":{"rendered":"http:\/\/olemosaic.com\/producto\/iman-de-metal-panoramica-barcelona-8-cm-2\/"},"modified":"2025-07-25T20:34:00","modified_gmt":"2025-07-25T18:34:00","slug":"aimant-metal-panoramique-barcelone-8-cm-2","status":"publish","type":"product","link":"https:\/\/olemosaic.com\/fr\/produit\/aimant-metal-panoramique-barcelone-8-cm-2\/","title":{"rendered":"Aimant en m\u00e9tal. Panoramique. Barcelone. 8 cm."},"content":{"rendered":"<p>Cet aimant m\u00e9tallique capture l&rsquo;essence vibrante de Barcelone dans un design attrayant de 8 cm. Avec une splendide vue panoramique incluant l&rsquo;iconique Sagrada Familia et la c\u00e9l\u00e8bre mosa\u00efque du Parc G\u00fcell, cet aimant devient un souvenir visuel indispensable pour les visiteurs de cette ville embl\u00e9matique. La repr\u00e9sentation color\u00e9e pr\u00e9sente une riche palette de tons, o\u00f9 le bleu profond, le rouge ardent et le dor\u00e9 brillant rehaussent les d\u00e9tails architecturaux et artistiques, offrant une fen\u00eatre sur la magie de Barcelone. En haut, le texte \u00ab\u00a0Barcelona\u00a0\u00bb ressort avec \u00e9l\u00e9gance, garantissant que ce souvenir se distingue comme un symbole reconnaissable de cette m\u00e9tropole catalane. Cet aimant n&rsquo;est pas seulement un objet d\u00e9coratif, mais un fragment du riche h\u00e9ritage culturel de Barcelone que vous pouvez emporter chez vous. Son authenticit\u00e9 en tant que souvenir typique en fait une excellente option pour les touristes cherchant \u00e0 emporter un morceau de la ville. Chez Ol\u00e9 Mosaic, en tant que distributeurs de souvenirs en gros, nous garantissons la qualit\u00e9 et le design de tous nos produits, assurant que chaque aimant de Barcelone repr\u00e9sente fid\u00e8lement la beaut\u00e9 et la singularit\u00e9 de cette ville incroyable.<\/p>\n","protected":false},"excerpt":{"rendered":"<p>Aimant m\u00e9tallique avec une vue panoramique vibrante de Barcelone, de 8 cm. Cet aimant attrayant pr\u00e9sente une repr\u00e9sentation color\u00e9e de la Sagrada Familia et de la c\u00e9l\u00e8bre mosa\u00efque du Parc G\u00fcell, fusionnant des \u00e9l\u00e9ments culturels dans un design qui \u00e9voque l&rsquo;essence de la ville. Les tons brillants de bleu, rouge et dor\u00e9 rehaussent les d\u00e9tails architecturaux, tandis que le texte \u00ab\u00a0Barcelona\u00a0\u00bb se d\u00e9tache en haut, faisant de cet aimant un souvenir parfait pour les amoureux de cette ville embl\u00e9matique.<\/p>\n","protected":false},"featured_media":11404,"template":"","meta":{"_acf_changed":false},"product_brand":[],"product_cat":[697],"product_tag":[],"class_list":{"0":"post-30325","1":"product","2":"type-product","3":"status-publish","4":"has-post-thumbnail","6":"product_cat-aimants","7":"pa_ciudad-barcelona","8":"pa_motivo-panoramas","9":"pa_pais-espana","11":"first","12":"instock","13":"shipping-taxable","14":"product-type-simple"},"acf":[],"_links":{"self":[{"href":"https:\/\/olemosaic.com\/fr\/wp-json\/wp\/v2\/product\/30325","targetHints":{"allow":["GET"]}}],"collection":[{"href":"https:\/\/olemosaic.com\/fr\/wp-json\/wp\/v2\/product"}],"about":[{"href":"https:\/\/olemosaic.com\/fr\/wp-json\/wp\/v2\/types\/product"}],"wp:featuredmedia":[{"embeddable":true,"href":"https:\/\/olemosaic.com\/fr\/wp-json\/wp\/v2\/media\/11404"}],"wp:attachment":[{"href":"https:\/\/olemosaic.com\/fr\/wp-json\/wp\/v2\/media?parent=30325"}],"wp:term":[{"taxonomy":"product_brand","embeddable":true,"href":"https:\/\/olemosaic.com\/fr\/wp-json\/wp\/v2\/product_brand?post=30325"},{"taxonomy":"product_cat","embeddable":true,"href":"https:\/\/olemosaic.com\/fr\/wp-json\/wp\/v2\/product_cat?post=30325"},{"taxonomy":"product_tag","embeddable":true,"href":"https:\/\/olemosaic.com\/fr\/wp-json\/wp\/v2\/product_tag?post=30325"}],"curies":[{"name":"wp","href":"https:\/\/api.w.org\/{rel}","templated":true}]}}