{"id":30314,"date":"2025-02-20T22:32:08","date_gmt":"2025-02-20T22:32:08","guid":{"rendered":"http:\/\/olemosaic.com\/producto\/iman-de-madera-cordoba\/"},"modified":"2025-07-25T20:12:42","modified_gmt":"2025-07-25T18:12:42","slug":"aimant-en-bois-cordoue","status":"publish","type":"product","link":"https:\/\/olemosaic.com\/fr\/produit\/aimant-en-bois-cordoue\/","title":{"rendered":"Aimant en bois. Cordoue."},"content":{"rendered":"<p>Cet aimant en bois, repr\u00e9sentant la magnifique ville de Cordoue, est un souvenir vibrant et authentique, id\u00e9al pour ceux qui souhaitent emporter un morceau de cette ville andalouse charg\u00e9e d&rsquo;histoire. Le design d\u00e9taill\u00e9 montre l&rsquo;impressionnante Mosqu\u00e9e-Cath\u00e9drale, c\u00e9l\u00e8bre pour ses arcades embl\u00e9matiques qui \u00e9voquent des si\u00e8cles d&rsquo;histoire et de culture. La sc\u00e8ne est compl\u00e9t\u00e9e par des palmiers qui ajoutent une touche tropicale et un soleil radieux qui brille \u00e0 l&rsquo;horizon, le tout dispos\u00e9 avec une palette de couleurs qui rehausse la beaut\u00e9 de l&rsquo;environnement.<\/p>\n<p>Le mot \u00ab CORDOUE \u00bb appara\u00eet dans une typographie frappante, d\u00e9cor\u00e9e d&rsquo;une finition en mosa\u00efque qui rappelle les azulejos traditionnels de la r\u00e9gion. Cet \u00e9l\u00e9ment ne rend pas seulement l&rsquo;aimant visuellement attrayant, mais souligne \u00e9galement la richesse culturelle de Cordoue, un lieu o\u00f9 s&rsquo;entrem\u00ealent diverses influences historiques, de l&rsquo;\u00e9poque romaine \u00e0 nos jours.<\/p>\n<p>Cet aimant n&rsquo;est pas seulement un objet d\u00e9coratif, mais un v\u00e9ritable rappel de l&rsquo;essence de Cordoue, parfait pour les touristes \u00e0 la recherche d&rsquo;un souvenir significatif de leur visite. Chez Ol\u00e9 Mosaic, nous sommes fiers de proposer des produits comme cet aimant en bois, qui non seulement capturent la beaut\u00e9 de leurs lieux d&rsquo;origine, mais refl\u00e8tent \u00e9galement l&rsquo;authenticit\u00e9 et la valeur culturelle recherch\u00e9es par ceux qui souhaitent emporter un souvenir repr\u00e9sentatif de l&rsquo;Espagne. Nous sommes convaincus que cet aimant de Cordoue sera une excellente option pour les boutiques de cadeaux touristiques souhaitant offrir des souvenirs de qualit\u00e9 \u00e0 leurs clients.<\/p>\n","protected":false},"excerpt":{"rendered":"<p>Aimant en bois repr\u00e9sentant la belle ville de Cordoue. Cet aimant color\u00e9 inclut un design d\u00e9taill\u00e9 montrant la c\u00e9l\u00e8bre Mosqu\u00e9e-Cath\u00e9drale avec ses arcades embl\u00e9matiques et une vue panoramique vibrante de l&rsquo;environnement, compl\u00e9t\u00e9e par des palmiers et un soleil radieux. Le mot \u00ab CORDOUE \u00bb se distingue par une typographie frappante avec une finition en mosa\u00efque, \u00e9voquant la riche culture et le patrimoine artistique de cette ville andalouse historique.<\/p>\n","protected":false},"featured_media":9554,"template":"","meta":{"_acf_changed":false},"product_brand":[],"product_cat":[697],"product_tag":[],"class_list":{"0":"post-30314","1":"product","2":"type-product","3":"status-publish","4":"has-post-thumbnail","6":"product_cat-aimants","7":"pa_ciudad-cordoba","8":"pa_pais-espana","10":"first","11":"instock","12":"shipping-taxable","13":"product-type-simple"},"acf":[],"_links":{"self":[{"href":"https:\/\/olemosaic.com\/fr\/wp-json\/wp\/v2\/product\/30314","targetHints":{"allow":["GET"]}}],"collection":[{"href":"https:\/\/olemosaic.com\/fr\/wp-json\/wp\/v2\/product"}],"about":[{"href":"https:\/\/olemosaic.com\/fr\/wp-json\/wp\/v2\/types\/product"}],"wp:featuredmedia":[{"embeddable":true,"href":"https:\/\/olemosaic.com\/fr\/wp-json\/wp\/v2\/media\/9554"}],"wp:attachment":[{"href":"https:\/\/olemosaic.com\/fr\/wp-json\/wp\/v2\/media?parent=30314"}],"wp:term":[{"taxonomy":"product_brand","embeddable":true,"href":"https:\/\/olemosaic.com\/fr\/wp-json\/wp\/v2\/product_brand?post=30314"},{"taxonomy":"product_cat","embeddable":true,"href":"https:\/\/olemosaic.com\/fr\/wp-json\/wp\/v2\/product_cat?post=30314"},{"taxonomy":"product_tag","embeddable":true,"href":"https:\/\/olemosaic.com\/fr\/wp-json\/wp\/v2\/product_tag?post=30314"}],"curies":[{"name":"wp","href":"https:\/\/api.w.org\/{rel}","templated":true}]}}