{"id":30313,"date":"2025-02-20T23:32:07","date_gmt":"2025-02-20T22:32:07","guid":{"rendered":"http:\/\/olemosaic.com\/producto\/iman-de-madera-panoramica-barcelona-2\/"},"modified":"2025-07-25T18:52:37","modified_gmt":"2025-07-25T16:52:37","slug":"aimant-en-bois-panoramique-casa-batllo-barcelone","status":"publish","type":"product","link":"https:\/\/olemosaic.com\/fr\/produit\/aimant-en-bois-panoramique-casa-batllo-barcelone\/","title":{"rendered":"Aimant en bois. Panoramique. Casa Batll\u00f3. Barcelone."},"content":{"rendered":"<p>Cet aimant en bois pr\u00e9sente une vue panoramique vibrante de Barcelone, capturant l&rsquo;essence unique de la capitale catalane \u00e0 travers ses ic\u00f4nes les plus embl\u00e9matiques, telles que la majestueuse Sagrada Familia et la color\u00e9e Casa Batll\u00f3. Peint \u00e0 la main avec une palette de couleurs vives, le design inclut un soleil radieux qui brille sur un horizon aquatique, soulignant les tonalit\u00e9s intenses et joyeuses qui caract\u00e9risent la ville. Le mot \u00ab Barcelone \u00bb, en lettres multicolores, se d\u00e9ploie dans la partie inf\u00e9rieure, symbolisant l&rsquo;esprit artistique et moderne qui enveloppe la m\u00e9tropole.<\/p>\n<p>Cet aimant n&rsquo;est pas seulement une pi\u00e8ce d\u00e9corative, mais un authentique souvenir de la riche culture et de l&rsquo;architecture innovante de Barcelone. En tant que symbole de la cr\u00e9ativit\u00e9 d&rsquo;artistes comme Antoni Gaud\u00ed, ce souvenir en bois est parfait pour ceux qui souhaitent emporter un petit morceau de la ville chez eux. C&rsquo;est un cadeau id\u00e9al et un souvenir attrayant pour les touristes \u00e0 la recherche de produits authentiques et repr\u00e9sentatifs.<\/p>\n<p>Chez Ol\u00e9 Mosaic, nous sommes sp\u00e9cialistes de la distribution de souvenirs en gros, et cet aimant de Barcelone est une excellente option pour les boutiques de cadeaux touristiques qui cherchent \u00e0 offrir des produits de grande qualit\u00e9 et de singularit\u00e9. Avec sa combinaison d&rsquo;art et de culture, cet aimant panoramique de Barcelone devient un souvenir inoubliable.<\/p>\n","protected":false},"excerpt":{"rendered":"<p>Aimant en bois avec une vue panoramique vibrante de Barcelone, incluant des ic\u00f4nes embl\u00e9matiques comme la Sagrada Familia et la Casa Batll\u00f3. Cet aimant, au design artisanal peint \u00e0 la main, refl\u00e8te l&rsquo;ambiance color\u00e9e de la ville, avec un soleil brillant et un fond aquatique qui rehausse les tonalit\u00e9s vives du design. Le mot \u00ab Barcelone \u00bb appara\u00eet en lettres multicolores, capturant l&rsquo;essence artistique et moderne de la capitale catalane. Id\u00e9al pour se souvenir de votre visite dans cette ville magnifique.<\/p>\n","protected":false},"featured_media":9060,"template":"","meta":{"_acf_changed":false},"product_brand":[],"product_cat":[697],"product_tag":[],"class_list":{"0":"post-30313","1":"product","2":"type-product","3":"status-publish","4":"has-post-thumbnail","6":"product_cat-aimants","7":"pa_ciudad-barcelona","8":"pa_motivo-panoramas","9":"pa_pais-espana","11":"first","12":"instock","13":"shipping-taxable","14":"product-type-simple"},"acf":[],"_links":{"self":[{"href":"https:\/\/olemosaic.com\/fr\/wp-json\/wp\/v2\/product\/30313","targetHints":{"allow":["GET"]}}],"collection":[{"href":"https:\/\/olemosaic.com\/fr\/wp-json\/wp\/v2\/product"}],"about":[{"href":"https:\/\/olemosaic.com\/fr\/wp-json\/wp\/v2\/types\/product"}],"wp:featuredmedia":[{"embeddable":true,"href":"https:\/\/olemosaic.com\/fr\/wp-json\/wp\/v2\/media\/9060"}],"wp:attachment":[{"href":"https:\/\/olemosaic.com\/fr\/wp-json\/wp\/v2\/media?parent=30313"}],"wp:term":[{"taxonomy":"product_brand","embeddable":true,"href":"https:\/\/olemosaic.com\/fr\/wp-json\/wp\/v2\/product_brand?post=30313"},{"taxonomy":"product_cat","embeddable":true,"href":"https:\/\/olemosaic.com\/fr\/wp-json\/wp\/v2\/product_cat?post=30313"},{"taxonomy":"product_tag","embeddable":true,"href":"https:\/\/olemosaic.com\/fr\/wp-json\/wp\/v2\/product_tag?post=30313"}],"curies":[{"name":"wp","href":"https:\/\/api.w.org\/{rel}","templated":true}]}}