{"id":30309,"date":"2025-02-20T23:32:07","date_gmt":"2025-02-20T22:32:07","guid":{"rendered":"http:\/\/olemosaic.com\/producto\/iman-de-madera-salamandra-y-flores-lanzarote\/"},"modified":"2025-07-25T18:41:55","modified_gmt":"2025-07-25T16:41:55","slug":"aimant-en-bois-salamandre-et-fleurs-lanzarote","status":"publish","type":"product","link":"https:\/\/olemosaic.com\/fr\/produit\/aimant-en-bois-salamandre-et-fleurs-lanzarote\/","title":{"rendered":"Aimant en bois. Salamandre et fleurs. Lanzarote."},"content":{"rendered":"<p>Cet aimant en bois, inspir\u00e9 par la faune et la flore vibrantes de Lanzarote, est un souvenir incontournable pour ceux qui souhaitent emporter un petit morceau des \u00eeles Canaries. D\u00e9cor\u00e9 de deux salamandres aux couleurs vives, rouge et bleu, cet aimant souligne la diversit\u00e9 et le coloris de la nature locale. Les salamandres sont entour\u00e9es d&rsquo;un cadre luxuriant de fleurs aux tons brillants, tels que le rose, le jaune et le vert, qui ajoutent une touche tropicale \u00e0 la pi\u00e8ce. Le design, peint \u00e0 la main avec une attention particuli\u00e8re aux d\u00e9tails, inclut le mot \u00ab\u00a0Lanzarote\u00a0\u00bb en lettres color\u00e9es, capturant parfaitement l&rsquo;essence joyeuse et d\u00e9tendue de la destination.<\/p>\n<p>Cet aimant n&rsquo;est pas seulement d\u00e9coratif, mais refl\u00e8te \u00e9galement la riche biodiversit\u00e9 de Lanzarote, une \u00eele connue pour son environnement naturel unique et ses paysages volcaniques. C&rsquo;est un souvenir authentique, id\u00e9al pour ceux qui recherchent un rappel de leur passage aux Canaries, repr\u00e9sentant la vie sauvage et la culture insulaire. Chez Ol\u00e9 Mosaic, nous sommes des distributeurs de souvenirs en gros, et cet aimant de salamandres est une option parfaite pour les boutiques de cadeaux touristiques qui souhaitent offrir des produits singuliers et repr\u00e9sentatifs de l&rsquo;\u00eele. Avec son authenticit\u00e9 et son charme, cet aimant devient un cadeau id\u00e9al pour les touristes qui souhaitent se souvenir de leurs vacances \u00e0 Lanzarote.<\/p>\n","protected":false},"excerpt":{"rendered":"<p>Aimant en bois inspir\u00e9 par la faune et la flore vibrantes de Lanzarote, d\u00e9cor\u00e9 de deux salamandres aux couleurs vives entour\u00e9es de fleurs. Cet aimant pr\u00e9sente un design artisanal, peint \u00e0 la main, qui se distingue par sa richesse chromatique, avec des d\u00e9tails en bleu, rose, jaune et vert, cr\u00e9ant une ambiance joyeuse et tropicale. Au centre, le mot \u00ab\u00a0Lanzarote\u00a0\u00bb en lettres color\u00e9es capture l&rsquo;essence de la destination. Un souvenir parfait pour ramener un morceau des \u00eeles Canaries chez soi.<\/p>\n","protected":false},"featured_media":10018,"template":"","meta":{"_acf_changed":false},"product_brand":[],"product_cat":[697],"product_tag":[530],"class_list":{"0":"post-30309","1":"product","2":"type-product","3":"status-publish","4":"has-post-thumbnail","6":"product_cat-aimants","7":"product_tag-animaux","8":"pa_ciudad-lanzarote","9":"pa_motivo-salamandres","10":"pa_pais-espana","12":"first","13":"instock","14":"shipping-taxable","15":"product-type-simple"},"acf":[],"_links":{"self":[{"href":"https:\/\/olemosaic.com\/fr\/wp-json\/wp\/v2\/product\/30309","targetHints":{"allow":["GET"]}}],"collection":[{"href":"https:\/\/olemosaic.com\/fr\/wp-json\/wp\/v2\/product"}],"about":[{"href":"https:\/\/olemosaic.com\/fr\/wp-json\/wp\/v2\/types\/product"}],"wp:featuredmedia":[{"embeddable":true,"href":"https:\/\/olemosaic.com\/fr\/wp-json\/wp\/v2\/media\/10018"}],"wp:attachment":[{"href":"https:\/\/olemosaic.com\/fr\/wp-json\/wp\/v2\/media?parent=30309"}],"wp:term":[{"taxonomy":"product_brand","embeddable":true,"href":"https:\/\/olemosaic.com\/fr\/wp-json\/wp\/v2\/product_brand?post=30309"},{"taxonomy":"product_cat","embeddable":true,"href":"https:\/\/olemosaic.com\/fr\/wp-json\/wp\/v2\/product_cat?post=30309"},{"taxonomy":"product_tag","embeddable":true,"href":"https:\/\/olemosaic.com\/fr\/wp-json\/wp\/v2\/product_tag?post=30309"}],"curies":[{"name":"wp","href":"https:\/\/api.w.org\/{rel}","templated":true}]}}