{"id":30306,"date":"2025-02-20T22:32:06","date_gmt":"2025-02-20T22:32:06","guid":{"rendered":"http:\/\/olemosaic.com\/producto\/iman-de-madera-salamandra-mosaico\/"},"modified":"2025-07-25T20:32:49","modified_gmt":"2025-07-25T18:32:49","slug":"aimant-en-bois-salamandre-mosaique","status":"publish","type":"product","link":"https:\/\/olemosaic.com\/fr\/produit\/aimant-en-bois-salamandre-mosaique\/","title":{"rendered":"Aimant en bois. Salamandre. Mosa\u00efque."},"content":{"rendered":"<p>Cet aimant en bois en forme de salamandre est une repr\u00e9sentation captivante de la riche tradition artistique espagnole, \u00e9voquant particuli\u00e8rement la beaut\u00e9 des mosa\u00efques andalouses. Avec un design complexe combinant des tons vibrants de bleu, rouge et jaune, cet aimant n&rsquo;est pas seulement un objet d\u00e9coratif, mais une authentique pi\u00e8ce d&rsquo;art populaire. La salamandre, symbole de transformation et de r\u00e9silience, prend vie \u00e0 travers une mosa\u00efque soigneusement \u00e9labor\u00e9e, refl\u00e9tant l&rsquo;h\u00e9ritage culturel de la c\u00e9ramique espagnole.<\/p>\n<p>Chaque d\u00e9tail du design souligne le savoir-faire artisanal, o\u00f9 les couleurs vibrantes s&rsquo;entrelacent dans des motifs g\u00e9om\u00e9triques rappelant les azulejos andalous traditionnels, c\u00e9l\u00e8bres pour leur beaut\u00e9 et leur h\u00e9ritage historique. Cet aimant ajoute non seulement une touche de couleur \u00e0 n&rsquo;importe quel r\u00e9frig\u00e9rateur ou surface m\u00e9tallique, mais sert \u00e9galement de rappel constant des traditions et de la culture vibrante qui caract\u00e9risent l&rsquo;Espagne.<\/p>\n<p>Chez Ol\u00e9 Mosaic, nous nous sp\u00e9cialisons dans la distribution de souvenirs de qualit\u00e9 en gros, et cet aimant de salamandre est un choix id\u00e9al pour les boutiques de cadeaux touristiques cherchant \u00e0 offrir des souvenirs authentiques. Parfait pour les touristes qui souhaitent ramener un morceau de la culture espagnole chez eux, cet aimant n&rsquo;est pas seulement d\u00e9coratif, mais aussi un symbole repr\u00e9sentatif de nos riches traditions artistiques. En tant que grossistes de souvenirs, nous garantissons que chaque pi\u00e8ce refl\u00e8te l&rsquo;authenticit\u00e9 et la beaut\u00e9 de l&rsquo;Espagne.<\/p>\n","protected":false},"excerpt":{"rendered":"<p>Aimant en bois en forme de salamandre d\u00e9cor\u00e9 dans des tons vibrants de bleu, rouge et jaune, \u00e9voquant une mosa\u00efque typique. Cet aimant charmant, \u00e9labor\u00e9 avec des techniques artisanales, refl\u00e8te le riche h\u00e9ritage culturel de la c\u00e9ramique espagnole. Son design complexe \u00e9voque la beaut\u00e9 des mosa\u00efques andalouses, en faisant un souvenir attrayant qui apportera une touche de couleur et de tradition \u00e0 n&rsquo;importe quel espace. Id\u00e9al pour les amateurs de d\u00e9coration et de culture.<\/p>\n","protected":false},"featured_media":9544,"template":"","meta":{"_acf_changed":false},"product_brand":[],"product_cat":[697],"product_tag":[530],"class_list":{"0":"post-30306","1":"product","2":"type-product","3":"status-publish","4":"has-post-thumbnail","6":"product_cat-aimants","7":"product_tag-animaux","8":"pa_motivo-salamandres","10":"first","11":"instock","12":"shipping-taxable","13":"product-type-simple"},"acf":[],"_links":{"self":[{"href":"https:\/\/olemosaic.com\/fr\/wp-json\/wp\/v2\/product\/30306","targetHints":{"allow":["GET"]}}],"collection":[{"href":"https:\/\/olemosaic.com\/fr\/wp-json\/wp\/v2\/product"}],"about":[{"href":"https:\/\/olemosaic.com\/fr\/wp-json\/wp\/v2\/types\/product"}],"wp:featuredmedia":[{"embeddable":true,"href":"https:\/\/olemosaic.com\/fr\/wp-json\/wp\/v2\/media\/9544"}],"wp:attachment":[{"href":"https:\/\/olemosaic.com\/fr\/wp-json\/wp\/v2\/media?parent=30306"}],"wp:term":[{"taxonomy":"product_brand","embeddable":true,"href":"https:\/\/olemosaic.com\/fr\/wp-json\/wp\/v2\/product_brand?post=30306"},{"taxonomy":"product_cat","embeddable":true,"href":"https:\/\/olemosaic.com\/fr\/wp-json\/wp\/v2\/product_cat?post=30306"},{"taxonomy":"product_tag","embeddable":true,"href":"https:\/\/olemosaic.com\/fr\/wp-json\/wp\/v2\/product_tag?post=30306"}],"curies":[{"name":"wp","href":"https:\/\/api.w.org\/{rel}","templated":true}]}}