{"id":30305,"date":"2025-02-20T23:32:06","date_gmt":"2025-02-20T22:32:06","guid":{"rendered":"http:\/\/olemosaic.com\/producto\/iman-de-madera-guitarra-sevilla\/"},"modified":"2025-07-25T19:37:32","modified_gmt":"2025-07-25T17:37:32","slug":"aimant-en-bois-guitare-seville","status":"publish","type":"product","link":"https:\/\/olemosaic.com\/fr\/produit\/aimant-en-bois-guitare-seville\/","title":{"rendered":"Aimant en bois. Guitare. S\u00e9ville."},"content":{"rendered":"<p>Cet aimant en bois en forme de guitare est une pi\u00e8ce charmante qui rend hommage au folklore vibrant de S\u00e9ville. Avec un design peint \u00e0 la main, il pr\u00e9sente une illustration captivante de l&#8217;embl\u00e9matique Place d&rsquo;Espagne, o\u00f9 ses tours orn\u00e9es et ses d\u00e9tails architecturaux color\u00e9s prennent vie. Le mot \u00ab\u00a0Sevilla\u00a0\u00bb, \u00e9l\u00e9gamment inscrit sur le dessus de l&rsquo;aimant, souligne l&rsquo;authenticit\u00e9 et la connexion culturelle du produit, ce qui en fait un excellent souvenir de la belle ville andalouse. La palette de couleurs chaudes, avec des tons jaunes, rouges et verts, capture l&rsquo;essence de l&rsquo;ambiance s\u00e9villane, \u00e9voquant la chaleur de ses habitants et la richesse de son histoire. Cet aimant n&rsquo;est pas seulement une d\u00e9coration attrayante pour la maison, mais un authentique souvenir repr\u00e9sentatif de S\u00e9ville, id\u00e9al pour les touristes qui cherchent \u00e0 emporter un morceau de la culture andalouse. Chez Ol\u00e9 Mosaic, nous nous sp\u00e9cialisons dans la distribution de souvenirs en gros. Cet aimant de guitare est parfait pour les boutiques de cadeaux touristiques qui cherchent \u00e0 offrir des produits uniques et pertinents, assurant une connexion durable avec la tradition espagnole \u00e0 travers des souvenirs m\u00e9morables.<\/p>\n","protected":false},"excerpt":{"rendered":"<p>Aimant en bois en forme de guitare, inspir\u00e9 du folklore vibrant de S\u00e9ville. Cet aimant attrayant pr\u00e9sente une illustration au design artisanal, peinte \u00e0 la main, de l&#8217;embl\u00e9matique Place d&rsquo;Espagne, mettant en valeur ses tours orn\u00e9es et ses d\u00e9tails architecturaux color\u00e9s. Avec le nom \u00ab\u00a0Sevilla\u00a0\u00bb \u00e9l\u00e9gamment inscrit sur le dessus, le design incorpore des \u00e9l\u00e9ments d\u00e9coratifs qui \u00e9voquent la riche culture andalouse, utilisant une palette de couleurs chaudes qui capturent l&rsquo;essence de la ville.<\/p>\n","protected":false},"featured_media":9550,"template":"","meta":{"_acf_changed":false},"product_brand":[],"product_cat":[697],"product_tag":[],"class_list":{"0":"post-30305","1":"product","2":"type-product","3":"status-publish","4":"has-post-thumbnail","6":"product_cat-aimants","7":"pa_ciudad-sevilla","8":"pa_motivo-guitares","9":"pa_pais-espana","11":"first","12":"instock","13":"shipping-taxable","14":"product-type-simple"},"acf":[],"_links":{"self":[{"href":"https:\/\/olemosaic.com\/fr\/wp-json\/wp\/v2\/product\/30305","targetHints":{"allow":["GET"]}}],"collection":[{"href":"https:\/\/olemosaic.com\/fr\/wp-json\/wp\/v2\/product"}],"about":[{"href":"https:\/\/olemosaic.com\/fr\/wp-json\/wp\/v2\/types\/product"}],"wp:featuredmedia":[{"embeddable":true,"href":"https:\/\/olemosaic.com\/fr\/wp-json\/wp\/v2\/media\/9550"}],"wp:attachment":[{"href":"https:\/\/olemosaic.com\/fr\/wp-json\/wp\/v2\/media?parent=30305"}],"wp:term":[{"taxonomy":"product_brand","embeddable":true,"href":"https:\/\/olemosaic.com\/fr\/wp-json\/wp\/v2\/product_brand?post=30305"},{"taxonomy":"product_cat","embeddable":true,"href":"https:\/\/olemosaic.com\/fr\/wp-json\/wp\/v2\/product_cat?post=30305"},{"taxonomy":"product_tag","embeddable":true,"href":"https:\/\/olemosaic.com\/fr\/wp-json\/wp\/v2\/product_tag?post=30305"}],"curies":[{"name":"wp","href":"https:\/\/api.w.org\/{rel}","templated":true}]}}