{"id":30292,"date":"2025-02-20T23:32:05","date_gmt":"2025-02-20T22:32:05","guid":{"rendered":"http:\/\/olemosaic.com\/producto\/iman-de-madera-guitarra-madrid-2\/"},"modified":"2025-07-25T18:46:38","modified_gmt":"2025-07-25T16:46:38","slug":"aimant-bois-guitare-madrid-paco-de-lucia","status":"publish","type":"product","link":"https:\/\/olemosaic.com\/fr\/produit\/aimant-bois-guitare-madrid-paco-de-lucia\/","title":{"rendered":"Aimant en bois. Guitare. Paco de Lucia. Madrid."},"content":{"rendered":"<p>Cet aimant en bois en forme de guitare est un souvenir vibrant qui capture l&rsquo;essence du folklore madril\u00e8ne. Con\u00e7u avec un style moderne et color\u00e9, il pr\u00e9sente une combinaison \u00e9clatante de tons bleus, verts et rouges qui attire instantan\u00e9ment l&rsquo;attention. Sur la partie sup\u00e9rieure de l&rsquo;aimant, le mot \u00ab\u00a0Madrid\u00a0\u00bb est \u00e9l\u00e9gamment imprim\u00e9, ajoutant une touche distinctive qui rappelle la ville. L&rsquo;illustration comprend des personnages traditionnels qui \u00e9voquent la riche culture et les traditions espagnoles, faisant de ce produit un excellent rappel d&rsquo;une visite inoubliable.<\/p>\n<p>La guitare, symbole universel de la musique, devient une repr\u00e9sentation visuelle percutante de l&rsquo;amour pour l&rsquo;art \u00e0 Madrid. Chaque d\u00e9tail illustr\u00e9 refl\u00e8te les couleurs et les motifs de la vie quotidienne dans la ville, cr\u00e9ant un lien culturel \u00e0 la fois nostalgique et festif. Cet aimant n&rsquo;est pas seulement un objet d\u00e9coratif, mais une pi\u00e8ce qui c\u00e9l\u00e8bre l&rsquo;h\u00e9ritage artistique de l&rsquo;Espagne, parfaite pour ceux qui appr\u00e9cient autant l&rsquo;esth\u00e9tique que la signification derri\u00e8re leurs souvenirs.<\/p>\n<p>Chez Ol\u00e9 Mosaic, nous nous sp\u00e9cialisons dans la distribution de souvenirs en gros, et cet aimant de guitare est id\u00e9al pour les boutiques de cadeaux touristiques \u00e0 la recherche de produits authentiques et pertinents. Avec son design attrayant et sa connexion culturelle, c&rsquo;est une excellente option pour ceux qui recherchent des souvenirs de Madrid qui capturent r\u00e9ellement l&rsquo;essence de la ville.<\/p>\n","protected":false},"excerpt":{"rendered":"<p>Aimant en bois en forme de guitare, d\u00e9cor\u00e9 d&rsquo;illustrations joyeuses repr\u00e9sentant le folklore madril\u00e8ne. Cet aimant color\u00e9 pr\u00e9sente une combinaison vibrante de tons bleus, verts et rouges, avec des personnages traditionnels \u00e9voquant la culture espagnole. Le mot \u00ab\u00a0Madrid\u00a0\u00bb est \u00e9l\u00e9gamment imprim\u00e9 sur la partie sup\u00e9rieure du design, capturant l&rsquo;essence de la ville. Id\u00e9al pour se souvenir de votre visite ou pour les amoureux de la musique et de l&rsquo;art.<\/p>\n","protected":false},"featured_media":9548,"template":"","meta":{"_acf_changed":false},"product_brand":[],"product_cat":[697],"product_tag":[],"class_list":{"0":"post-30292","1":"product","2":"type-product","3":"status-publish","4":"has-post-thumbnail","6":"product_cat-aimants","7":"pa_ciudad-madrid","8":"pa_motivo-guitares","9":"pa_pais-espana","11":"first","12":"instock","13":"shipping-taxable","14":"product-type-simple"},"acf":[],"_links":{"self":[{"href":"https:\/\/olemosaic.com\/fr\/wp-json\/wp\/v2\/product\/30292","targetHints":{"allow":["GET"]}}],"collection":[{"href":"https:\/\/olemosaic.com\/fr\/wp-json\/wp\/v2\/product"}],"about":[{"href":"https:\/\/olemosaic.com\/fr\/wp-json\/wp\/v2\/types\/product"}],"wp:featuredmedia":[{"embeddable":true,"href":"https:\/\/olemosaic.com\/fr\/wp-json\/wp\/v2\/media\/9548"}],"wp:attachment":[{"href":"https:\/\/olemosaic.com\/fr\/wp-json\/wp\/v2\/media?parent=30292"}],"wp:term":[{"taxonomy":"product_brand","embeddable":true,"href":"https:\/\/olemosaic.com\/fr\/wp-json\/wp\/v2\/product_brand?post=30292"},{"taxonomy":"product_cat","embeddable":true,"href":"https:\/\/olemosaic.com\/fr\/wp-json\/wp\/v2\/product_cat?post=30292"},{"taxonomy":"product_tag","embeddable":true,"href":"https:\/\/olemosaic.com\/fr\/wp-json\/wp\/v2\/product_tag?post=30292"}],"curies":[{"name":"wp","href":"https:\/\/api.w.org\/{rel}","templated":true}]}}