{"id":30290,"date":"2025-02-20T22:32:05","date_gmt":"2025-02-20T22:32:05","guid":{"rendered":"http:\/\/olemosaic.com\/producto\/iman-de-madera-guitarra-valencia\/"},"modified":"2025-07-25T19:17:47","modified_gmt":"2025-07-25T17:17:47","slug":"aimant-bois-guitare-valence","status":"publish","type":"product","link":"https:\/\/olemosaic.com\/fr\/produit\/aimant-bois-guitare-valence\/","title":{"rendered":"Aimant en bois. Guitare. Valence."},"content":{"rendered":"<p>Cet aimant en bois en forme de guitare est un charmant souvenir qui capture l&rsquo;essence culturelle de Valence. Son design vibrant s&rsquo;inspire de l&rsquo;art color\u00e9 de la mosa\u00efque, rendant hommage \u00e0 deux des monuments les plus embl\u00e9matiques de la ville : l&rsquo;iconique Cit\u00e9 des Arts et des Sciences et l&rsquo;historique Loge de la Soie (Lonja de la Seda). L&rsquo;aimant pr\u00e9sente une repr\u00e9sentation artistique de ces sites, o\u00f9 les teintes \u00e9clatantes de bleu, rouge et jaune se combinent dans un motif original qui \u00e9voque la vitalit\u00e9 de cette r\u00e9gion.<\/p>\n<p>Le design de la guitare, en plus d&rsquo;\u00eatre un symbole de la musique et du folklore espagnol, met en avant le mot \u00ab\u00a0Valence\u00a0\u00bb imprim\u00e9 avec un style attrayant sur la partie sup\u00e9rieure, offrant une touche distinctive qui souligne l&rsquo;authenticit\u00e9 du souvenir. Cet aimant est non seulement id\u00e9al pour d\u00e9corer la maison, mais il sert \u00e9galement de rappel parfait du riche h\u00e9ritage culturel de Valence.<\/p>\n<p>En tant que distributeur de souvenirs en gros, Ol\u00e9 Mosaic est fier de proposer cet aimant de guitare comme une option exceptionnelle pour les boutiques de cadeaux touristiques \u00e0 la recherche de produits repr\u00e9sentatifs et authentiques. Cet aimant en bois est un excellent choix pour les touristes qui souhaitent emporter un petit morceau de Valence, ce qui en fait un cadeau id\u00e9al et un souvenir significatif de leur visite.<\/p>\n","protected":false},"excerpt":{"rendered":"<p>Aimant en bois en forme de guitare, repr\u00e9sentant les monuments embl\u00e9matiques de Valence. Ce souvenir attrayant se distingue par son design color\u00e9 inspir\u00e9 de l&rsquo;art de la mosa\u00efque, parsem\u00e9 de tons vibrants \u00e9voquant la Cit\u00e9 des Arts et des Sciences et la Loge de la Soie. Le mot \u00ab\u00a0Valence\u00a0\u00bb est imprim\u00e9 avec style sur la partie sup\u00e9rieure, ajoutant une touche distinctive \u00e0 cet aimant qui c\u00e9l\u00e8bre la culture et le patrimoine de la ville.<\/p>\n","protected":false},"featured_media":9566,"template":"","meta":{"_acf_changed":false},"product_brand":[],"product_cat":[697],"product_tag":[],"class_list":{"0":"post-30290","1":"product","2":"type-product","3":"status-publish","4":"has-post-thumbnail","6":"product_cat-aimants","7":"pa_ciudad-valencia","8":"pa_motivo-guitares","9":"pa_pais-espana","11":"first","12":"instock","13":"shipping-taxable","14":"product-type-simple"},"acf":[],"_links":{"self":[{"href":"https:\/\/olemosaic.com\/fr\/wp-json\/wp\/v2\/product\/30290","targetHints":{"allow":["GET"]}}],"collection":[{"href":"https:\/\/olemosaic.com\/fr\/wp-json\/wp\/v2\/product"}],"about":[{"href":"https:\/\/olemosaic.com\/fr\/wp-json\/wp\/v2\/types\/product"}],"wp:featuredmedia":[{"embeddable":true,"href":"https:\/\/olemosaic.com\/fr\/wp-json\/wp\/v2\/media\/9566"}],"wp:attachment":[{"href":"https:\/\/olemosaic.com\/fr\/wp-json\/wp\/v2\/media?parent=30290"}],"wp:term":[{"taxonomy":"product_brand","embeddable":true,"href":"https:\/\/olemosaic.com\/fr\/wp-json\/wp\/v2\/product_brand?post=30290"},{"taxonomy":"product_cat","embeddable":true,"href":"https:\/\/olemosaic.com\/fr\/wp-json\/wp\/v2\/product_cat?post=30290"},{"taxonomy":"product_tag","embeddable":true,"href":"https:\/\/olemosaic.com\/fr\/wp-json\/wp\/v2\/product_tag?post=30290"}],"curies":[{"name":"wp","href":"https:\/\/api.w.org\/{rel}","templated":true}]}}