{"id":30280,"date":"2025-02-20T23:32:04","date_gmt":"2025-02-20T22:32:04","guid":{"rendered":"http:\/\/olemosaic.com\/producto\/iman-de-madera-salamandra-y-flores\/"},"modified":"2025-07-25T19:59:17","modified_gmt":"2025-07-25T17:59:17","slug":"aimant-en-bois-salamandre-et-fleurs","status":"publish","type":"product","link":"https:\/\/olemosaic.com\/fr\/produit\/aimant-en-bois-salamandre-et-fleurs\/","title":{"rendered":"Aimant en bois. Salamandre et fleurs."},"content":{"rendered":"<p>Cet aimant en bois, d\u00e9cor\u00e9 d&rsquo;une illustration vibrante de salamandres et de fleurs, est un souvenir qui capture l&rsquo;essence du folklore color\u00e9 espagnol. Avec un design peint \u00e0 la main, cet aimant se distingue par ses salamandres frappantes dans des tons bleus et rouges, entour\u00e9es d&rsquo;un fond floral multicolore exub\u00e9rant, symbolisant la riche biodiversit\u00e9 et la joie de l&rsquo;environnement m\u00e9diterran\u00e9en. Les salamandres, embl\u00e9matiques dans de nombreuses traditions culturelles, ajoutent une touche distinctive, symbolisant la renaissance et la transformation, tandis que les fleurs apportent fra\u00eecheur et connexion avec la nature. Cet aimant n&rsquo;est pas seulement un objet d\u00e9coratif, mais aussi un rappel artistique des traditions de l&rsquo;Espagne, \u00e9voquant des moments sp\u00e9ciaux \u00e0 chaque regard. Parfait pour orner toute surface m\u00e9tallique, comme les r\u00e9frig\u00e9rateurs ou les tableaux magn\u00e9tiques, il permet d&rsquo;apporter un petit morceau d&rsquo;Espagne dans votre foyer. Chez Ol\u00e9 Mosaic, nous nous consacrons \u00e0 la distribution de souvenirs de haute qualit\u00e9, et cet aimant de salamandres est une excellente option pour les boutiques de cadeaux touristiques \u00e0 la recherche de produits uniques et authentiques. Avec une esth\u00e9tique captivante et une profonde valeur culturelle, cet aimant devient le cadeau parfait pour se souvenir d&rsquo;exp\u00e9riences inoubliables.<\/p>\n","protected":false},"excerpt":{"rendered":"<p>Aimant en bois d\u00e9cor\u00e9 d&rsquo;une illustration vibrante de salamandres et de fleurs. Ce design attrayant pr\u00e9sente deux salamandres aux couleurs vives, entour\u00e9es d&rsquo;un fond floral multicolore, inspir\u00e9 du folklore color\u00e9 espagnol. Peint dans un style artisanal, l&rsquo;aimant se distingue par ses d\u00e9tails artistiques et sa finition distinctive, id\u00e9al pour \u00e9voquer des moments sp\u00e9ciaux \u00e0 chaque regard. Parfait pour orner toute surface m\u00e9tallique et apporter un petit morceau d&rsquo;Espagne dans votre foyer.<\/p>\n","protected":false},"featured_media":9551,"template":"","meta":{"_acf_changed":false},"product_brand":[],"product_cat":[697],"product_tag":[530],"class_list":{"0":"post-30280","1":"product","2":"type-product","3":"status-publish","4":"has-post-thumbnail","6":"product_cat-aimants","7":"product_tag-animaux","8":"pa_motivo-salamandres","10":"first","11":"instock","12":"shipping-taxable","13":"product-type-simple"},"acf":[],"_links":{"self":[{"href":"https:\/\/olemosaic.com\/fr\/wp-json\/wp\/v2\/product\/30280","targetHints":{"allow":["GET"]}}],"collection":[{"href":"https:\/\/olemosaic.com\/fr\/wp-json\/wp\/v2\/product"}],"about":[{"href":"https:\/\/olemosaic.com\/fr\/wp-json\/wp\/v2\/types\/product"}],"wp:featuredmedia":[{"embeddable":true,"href":"https:\/\/olemosaic.com\/fr\/wp-json\/wp\/v2\/media\/9551"}],"wp:attachment":[{"href":"https:\/\/olemosaic.com\/fr\/wp-json\/wp\/v2\/media?parent=30280"}],"wp:term":[{"taxonomy":"product_brand","embeddable":true,"href":"https:\/\/olemosaic.com\/fr\/wp-json\/wp\/v2\/product_brand?post=30280"},{"taxonomy":"product_cat","embeddable":true,"href":"https:\/\/olemosaic.com\/fr\/wp-json\/wp\/v2\/product_cat?post=30280"},{"taxonomy":"product_tag","embeddable":true,"href":"https:\/\/olemosaic.com\/fr\/wp-json\/wp\/v2\/product_tag?post=30280"}],"curies":[{"name":"wp","href":"https:\/\/api.w.org\/{rel}","templated":true}]}}