{"id":30258,"date":"2025-02-20T22:32:04","date_gmt":"2025-02-20T22:32:04","guid":{"rendered":"http:\/\/olemosaic.com\/producto\/iman-de-madera-sevilla-65-cm\/"},"modified":"2025-07-25T20:27:56","modified_gmt":"2025-07-25T18:27:56","slug":"aimant-en-bois-seville-6-5-cm","status":"publish","type":"product","link":"https:\/\/olemosaic.com\/fr\/produit\/aimant-en-bois-seville-6-5-cm\/","title":{"rendered":"Aimant en bois. S\u00e9ville. 6,5 cm."},"content":{"rendered":"<p>Cet aimant en bois de 6,5 cm est une charmante repr\u00e9sentation de la splendeur de S\u00e9ville, con\u00e7u pour capturer l&rsquo;essence vibrante de cette ville andalouse historique. La pi\u00e8ce pr\u00e9sente la tour embl\u00e9matique d&rsquo;un monument local, qui s&rsquo;\u00e9l\u00e8ve majestueusement au centre de l&rsquo;aimant. Autour de la tour, un magnifique motif d&rsquo;oranges et de feuilles apporte une touche fra\u00eeche et estivale, \u00e9voquant les c\u00e9l\u00e8bres oranges s\u00e9villanes qui poussent dans ses rues. Avec une palette de couleurs vives comprenant des tons intenses d&rsquo;orange, de bleu et de vert, cet aimant se distingue sur n&rsquo;importe quelle surface, devenant un \u00e9l\u00e9ment d\u00e9coratif attrayant pour les maisons et les bureaux.<\/p>\n<p>Le nom \u00ab\u00a0SEVILLE\u00a0\u00bb est imprim\u00e9 en grandes lettres audacieuses, renfor\u00e7ant son identit\u00e9 en tant que souvenir authentique et repr\u00e9sentatif de la ville. Cet aimant n&rsquo;est pas seulement un article d\u00e9coratif, mais aussi un souvenir tangible des moments sp\u00e9ciaux v\u00e9cus \u00e0 S\u00e9ville, ce qui en fait une excellente option pour les touristes \u00e0 la recherche de souvenirs significatifs. Chez Ol\u00e9 Mosaic, nous nous sp\u00e9cialisons dans la distribution de souvenirs en gros, offrant cet aimant comme l&rsquo;un de nos exemples de la riche culture et tradition espagnole. Id\u00e9al pour les boutiques de cadeaux touristiques, cet aimant de S\u00e9ville est une combinaison parfaite d&rsquo;artisanat, de couleur et d&rsquo;authenticit\u00e9.<\/p>\n","protected":false},"excerpt":{"rendered":"<p>Aimant en bois de 6,5 cm d\u00e9cor\u00e9 d&rsquo;une repr\u00e9sentation vibrante de la splendeur de S\u00e9ville. Cet aimant attrayant montre la tour embl\u00e9matique d&rsquo;un monument local, entour\u00e9e d&rsquo;un motif d&rsquo;oranges et de feuilles, le tout dans une palette de couleurs vives comprenant des tons orange, bleu et vert. Avec le nom \u00ab\u00a0SEVILLE\u00a0\u00bb imprim\u00e9 en grandes lettres audacieuses, c&rsquo;est le souvenir parfait pour capturer l&rsquo;essence de la ville andalouse. Id\u00e9al pour d\u00e9corer votre maison et vous souvenir des moments sp\u00e9ciaux de votre visite.<\/p>\n","protected":false},"featured_media":9495,"template":"","meta":{"_acf_changed":false},"product_brand":[],"product_cat":[697],"product_tag":[],"class_list":{"0":"post-30258","1":"product","2":"type-product","3":"status-publish","4":"has-post-thumbnail","6":"product_cat-aimants","7":"pa_ciudad-sevilla","8":"pa_pais-espana","10":"first","11":"instock","12":"shipping-taxable","13":"product-type-simple"},"acf":[],"_links":{"self":[{"href":"https:\/\/olemosaic.com\/fr\/wp-json\/wp\/v2\/product\/30258","targetHints":{"allow":["GET"]}}],"collection":[{"href":"https:\/\/olemosaic.com\/fr\/wp-json\/wp\/v2\/product"}],"about":[{"href":"https:\/\/olemosaic.com\/fr\/wp-json\/wp\/v2\/types\/product"}],"wp:featuredmedia":[{"embeddable":true,"href":"https:\/\/olemosaic.com\/fr\/wp-json\/wp\/v2\/media\/9495"}],"wp:attachment":[{"href":"https:\/\/olemosaic.com\/fr\/wp-json\/wp\/v2\/media?parent=30258"}],"wp:term":[{"taxonomy":"product_brand","embeddable":true,"href":"https:\/\/olemosaic.com\/fr\/wp-json\/wp\/v2\/product_brand?post=30258"},{"taxonomy":"product_cat","embeddable":true,"href":"https:\/\/olemosaic.com\/fr\/wp-json\/wp\/v2\/product_cat?post=30258"},{"taxonomy":"product_tag","embeddable":true,"href":"https:\/\/olemosaic.com\/fr\/wp-json\/wp\/v2\/product_tag?post=30258"}],"curies":[{"name":"wp","href":"https:\/\/api.w.org\/{rel}","templated":true}]}}