{"id":30256,"date":"2025-02-20T22:32:04","date_gmt":"2025-02-20T22:32:04","guid":{"rendered":"http:\/\/olemosaic.com\/producto\/iman-de-madera-panoramica-malaga\/"},"modified":"2025-07-25T23:23:06","modified_gmt":"2025-07-25T21:23:06","slug":"aimant-en-bois-panoramique-malaga","status":"publish","type":"product","link":"https:\/\/olemosaic.com\/fr\/produit\/aimant-en-bois-panoramique-malaga\/","title":{"rendered":"Aimant en bois. Panoramique. Malaga."},"content":{"rendered":"<p>Cet aimant en bois avec une vue panoramique vibrante de Malaga est une pi\u00e8ce authentique qui capture l&rsquo;essence de cette belle ville andalouse. Son design pr\u00e9sente des \u00e9l\u00e9ments embl\u00e9matiques tels que le majestueux Th\u00e9\u00e2tre Romain, avec sa splendide architecture \u00e9voquant l&rsquo;histoire de la ville, et le Centre Pompidou contemporain, avec ses panneaux color\u00e9s contrastant modernit\u00e9 et tradition. L&rsquo;ensemble est encadr\u00e9 par un soleil radieux symbolisant le climat ensoleill\u00e9 de Malaga, et un ciel bleu qui souligne la beaut\u00e9 du paysage urbain. Cet aimant se distingue par sa finition polie qui lui conf\u00e8re non seulement une touche de distinction, mais assure \u00e9galement sa durabilit\u00e9 en tant que souvenir.<\/p>\n<p>Les lettres \u00ab\u00a0MALAGA\u00a0\u00bb dans un arc-en-ciel de couleurs ajoutent une touche de joie et compl\u00e8tent ce souvenir vibrant. Cet aimant ne repr\u00e9sente pas seulement un objet d\u00e9coratif, mais aussi un symbole tangible de la culture locale et de l&rsquo;architecture de Malaga. Id\u00e9al pour les touristes \u00e0 la recherche de souvenirs de qualit\u00e9, ce produit d&rsquo;Ol\u00e9 Mosaic est le choix parfait pour les boutiques de cadeaux touristiques souhaitant offrir \u00e0 leurs clients un morceau authentique de Malaga. En tant que distributeur de souvenirs, nous garantissons que cet aimant en bois est une alternative charmante et inoubliable pour se souvenir de son voyage.<\/p>\n","protected":false},"excerpt":{"rendered":"<p>Aimant en bois avec une vue panoramique vibrante de Malaga qui capture l&rsquo;essence de la ville andalouse. Cet aimant pr\u00e9sente une repr\u00e9sentation artistique du Th\u00e9\u00e2tre Romain et du c\u00e9l\u00e8bre Centre Pompidou, encadr\u00e9s par un soleil radieux et un ciel bleu. Le design inclut des \u00e9l\u00e9ments picturaux color\u00e9s, mettant en valeur l&rsquo;architecture typique et le paysage urbain. Sa finition polie et les lettres \u00ab MALAGA \u00bb dans un arc-en-ciel de couleurs font de cet aimant un souvenir attrayant et joyeux de cette belle ville.<\/p>\n","protected":false},"featured_media":9557,"template":"","meta":{"_acf_changed":false},"product_brand":[],"product_cat":[697],"product_tag":[],"class_list":{"0":"post-30256","1":"product","2":"type-product","3":"status-publish","4":"has-post-thumbnail","6":"product_cat-aimants","7":"pa_ciudad-malaga","8":"pa_motivo-panoramas","9":"pa_pais-espana","11":"first","12":"instock","13":"shipping-taxable","14":"product-type-simple"},"acf":[],"_links":{"self":[{"href":"https:\/\/olemosaic.com\/fr\/wp-json\/wp\/v2\/product\/30256","targetHints":{"allow":["GET"]}}],"collection":[{"href":"https:\/\/olemosaic.com\/fr\/wp-json\/wp\/v2\/product"}],"about":[{"href":"https:\/\/olemosaic.com\/fr\/wp-json\/wp\/v2\/types\/product"}],"wp:featuredmedia":[{"embeddable":true,"href":"https:\/\/olemosaic.com\/fr\/wp-json\/wp\/v2\/media\/9557"}],"wp:attachment":[{"href":"https:\/\/olemosaic.com\/fr\/wp-json\/wp\/v2\/media?parent=30256"}],"wp:term":[{"taxonomy":"product_brand","embeddable":true,"href":"https:\/\/olemosaic.com\/fr\/wp-json\/wp\/v2\/product_brand?post=30256"},{"taxonomy":"product_cat","embeddable":true,"href":"https:\/\/olemosaic.com\/fr\/wp-json\/wp\/v2\/product_cat?post=30256"},{"taxonomy":"product_tag","embeddable":true,"href":"https:\/\/olemosaic.com\/fr\/wp-json\/wp\/v2\/product_tag?post=30256"}],"curies":[{"name":"wp","href":"https:\/\/api.w.org\/{rel}","templated":true}]}}