{"id":30255,"date":"2025-02-20T22:32:04","date_gmt":"2025-02-20T22:32:04","guid":{"rendered":"http:\/\/olemosaic.com\/producto\/iman-de-madera-panoramica-mijas\/"},"modified":"2025-07-25T20:03:51","modified_gmt":"2025-07-25T18:03:51","slug":"aimant-en-bois-panoramique-mijas","status":"publish","type":"product","link":"https:\/\/olemosaic.com\/fr\/produit\/aimant-en-bois-panoramique-mijas\/","title":{"rendered":"Aimant en bois. Panoramique. Mijas."},"content":{"rendered":"<p>Cet aimant en bois avec une vue panoramique color\u00e9e de Mijas est le souvenir parfait pour ramener un petit morceau de ce charmant village andalou chez soi. Il repr\u00e9sente de mani\u00e8re vibrante et artistique les \u00e9l\u00e9ments les plus embl\u00e9matiques de la localit\u00e9, tels que l&rsquo;attachant \u00e2ne d\u00e9cor\u00e9, symbole de la tradition rurale, et l&rsquo;\u00e9glise embl\u00e9matique du village, qui se distingue par son architecture blanche et ses d\u00e9tails bleus. Le tout est encadr\u00e9 par un soleil radieux et de majestueuses montagnes en arri\u00e8re-plan, \u00e9voquant la beaut\u00e9 naturelle qui entoure Mijas.<\/p>\n<p>Le mot \u00ab\u00a0Mijas\u00a0\u00bb est pr\u00e9sent\u00e9 en lettres vibrantes qui ajoutent une touche festive au design, capturant l&rsquo;essence du folklore andalou. Cet aimant n&rsquo;est pas seulement un souvenir visuel, mais aussi une pi\u00e8ce culturelle qui refl\u00e8te la chaleur et l&rsquo;hospitalit\u00e9 de la r\u00e9gion, devenant un tr\u00e9sor qui ravive les moments v\u00e9cus dans cette magnifique destination.<\/p>\n<p>Chez Ol\u00e9 Mosaic, nous sommes sp\u00e9cialistes de la distribution de souvenirs en gros et nous proposons cet aimant de Mijas, id\u00e9al pour les boutiques de cadeaux touristiques \u00e0 la recherche de produits authentiques et riches en histoire. Avec cet aimant en bois, vous n&rsquo;acqu\u00e9rez pas seulement un article d\u00e9coratif, mais une connexion tangible avec la riche culture de l&rsquo;Andalousie, id\u00e9ale pour les touristes souhaitant un souvenir significatif.<\/p>\n","protected":false},"excerpt":{"rendered":"<p>Aimant en bois avec une vue panoramique color\u00e9e de Mijas, un charmant village andalou. L&rsquo;aimant pr\u00e9sente des illustrations d&rsquo;\u00e9l\u00e9ments embl\u00e9matiques, tels que le symbole de l&rsquo;\u00e2ne-taxi et l&rsquo;\u00e9glise du village, encadr\u00e9s par un soleil radieux et des montagnes en arri\u00e8re-plan. Le mot \u00ab Mijas \u00bb se distingue par des lettres vibrantes, soulignant le caract\u00e8re festif du design, qui capture l&rsquo;essence du folklore et de la tradition de la r\u00e9gion. Id\u00e9al pour se souvenir de votre visite dans cette belle destination.<\/p>\n","protected":false},"featured_media":9559,"template":"","meta":{"_acf_changed":false},"product_brand":[],"product_cat":[697],"product_tag":[],"class_list":{"0":"post-30255","1":"product","2":"type-product","3":"status-publish","4":"has-post-thumbnail","6":"product_cat-aimants","7":"pa_ciudad-mijas","8":"pa_motivo-panoramas","9":"pa_pais-espana","11":"first","12":"instock","13":"shipping-taxable","14":"product-type-simple"},"acf":[],"_links":{"self":[{"href":"https:\/\/olemosaic.com\/fr\/wp-json\/wp\/v2\/product\/30255","targetHints":{"allow":["GET"]}}],"collection":[{"href":"https:\/\/olemosaic.com\/fr\/wp-json\/wp\/v2\/product"}],"about":[{"href":"https:\/\/olemosaic.com\/fr\/wp-json\/wp\/v2\/types\/product"}],"wp:featuredmedia":[{"embeddable":true,"href":"https:\/\/olemosaic.com\/fr\/wp-json\/wp\/v2\/media\/9559"}],"wp:attachment":[{"href":"https:\/\/olemosaic.com\/fr\/wp-json\/wp\/v2\/media?parent=30255"}],"wp:term":[{"taxonomy":"product_brand","embeddable":true,"href":"https:\/\/olemosaic.com\/fr\/wp-json\/wp\/v2\/product_brand?post=30255"},{"taxonomy":"product_cat","embeddable":true,"href":"https:\/\/olemosaic.com\/fr\/wp-json\/wp\/v2\/product_cat?post=30255"},{"taxonomy":"product_tag","embeddable":true,"href":"https:\/\/olemosaic.com\/fr\/wp-json\/wp\/v2\/product_tag?post=30255"}],"curies":[{"name":"wp","href":"https:\/\/api.w.org\/{rel}","templated":true}]}}