{"id":30253,"date":"2025-02-20T23:32:03","date_gmt":"2025-02-20T22:32:03","guid":{"rendered":"http:\/\/olemosaic.com\/producto\/iman-de-madera-toro\/"},"modified":"2025-07-25T19:38:36","modified_gmt":"2025-07-25T17:38:36","slug":"aimant-en-bois-taureau","status":"publish","type":"product","link":"https:\/\/olemosaic.com\/fr\/produit\/aimant-en-bois-taureau\/","title":{"rendered":"Aimant en bois. Taureau."},"content":{"rendered":"<p>Cet aimant en bois en forme de taureau est un magnifique exemple de la riche culture espagnole. D\u00e9cor\u00e9 d&rsquo;un motif de mosa\u00efque vibrant, ce souvenir repr\u00e9sente les couleurs embl\u00e9matiques de l&rsquo;Espagne, \u00e9voquant la chaleur et la diversit\u00e9 de son patrimoine culturel. La figure du taureau, symbole de la tradition espagnole, se distingue par sa technique de peinture \u00e0 la main, ce qui apporte une touche unique \u00e0 chaque pi\u00e8ce. Ses tons rouge, vert, bleu et jaune s&rsquo;entrelacent sur le corps du taureau, cr\u00e9ant un effet visuel captivant qui attire le regard et c\u00e9l\u00e8bre l&rsquo;essence de la f\u00eate et de la joie de vivre.<\/p>\n<p>Sur la partie frontale, le texte \u00ab ESPA\u00d1A \u00bb est pr\u00e9sent\u00e9 de mani\u00e8re pro\u00e9minente, faisant de cet aimant non seulement un objet d\u00e9coratif, mais aussi un souvenir m\u00e9morable d&rsquo;une visite dans le pays. Ce souvenir est id\u00e9al pour les touristes qui souhaitent emporter un morceau d&rsquo;Espagne chez eux, un article qui non seulement orne leur r\u00e9frig\u00e9rateur, mais \u00e9voque \u00e9galement des souvenirs chers de leur voyage.<\/p>\n<p>Chez Ol\u00e9 Mosaic, nous sommes distributeurs de souvenirs de qualit\u00e9, et cet aimant de taureau est un excellent choix pour les boutiques de cadeaux touristiques souhaitant proposer des produits authentiques et repr\u00e9sentatifs de la culture espagnole. En tant que grossistes d&rsquo;articles artisanaux, nous garantissons que chaque aimant est une pi\u00e8ce authentique qui met en valeur la riche tradition de l&rsquo;Espagne.<\/p>\n","protected":false},"excerpt":{"rendered":"<p>Aimant en bois en forme de taureau, d\u00e9cor\u00e9 d&rsquo;un motif de mosa\u00efque vibrant repr\u00e9sentant les couleurs de l&rsquo;Espagne. Cet article, qui inclut le mot \u00ab\u00a0ESPA\u00d1A\u00a0\u00bb sur le devant, se distingue par son design artisanal, peint \u00e0 la main, ce qui lui conf\u00e8re une touche unique. Les tons rouge, vert, bleu et jaune s&rsquo;entrelacent sur le corps du taureau, symbolisant la richesse culturelle du pays. Id\u00e9al comme souvenir ou cadeau.<\/p>\n","protected":false},"featured_media":9538,"template":"","meta":{"_acf_changed":false},"product_brand":[],"product_cat":[697],"product_tag":[530],"class_list":{"0":"post-30253","1":"product","2":"type-product","3":"status-publish","4":"has-post-thumbnail","6":"product_cat-aimants","7":"product_tag-animaux","8":"pa_motivo-taureaux","10":"first","11":"instock","12":"shipping-taxable","13":"product-type-simple"},"acf":[],"_links":{"self":[{"href":"https:\/\/olemosaic.com\/fr\/wp-json\/wp\/v2\/product\/30253","targetHints":{"allow":["GET"]}}],"collection":[{"href":"https:\/\/olemosaic.com\/fr\/wp-json\/wp\/v2\/product"}],"about":[{"href":"https:\/\/olemosaic.com\/fr\/wp-json\/wp\/v2\/types\/product"}],"wp:featuredmedia":[{"embeddable":true,"href":"https:\/\/olemosaic.com\/fr\/wp-json\/wp\/v2\/media\/9538"}],"wp:attachment":[{"href":"https:\/\/olemosaic.com\/fr\/wp-json\/wp\/v2\/media?parent=30253"}],"wp:term":[{"taxonomy":"product_brand","embeddable":true,"href":"https:\/\/olemosaic.com\/fr\/wp-json\/wp\/v2\/product_brand?post=30253"},{"taxonomy":"product_cat","embeddable":true,"href":"https:\/\/olemosaic.com\/fr\/wp-json\/wp\/v2\/product_cat?post=30253"},{"taxonomy":"product_tag","embeddable":true,"href":"https:\/\/olemosaic.com\/fr\/wp-json\/wp\/v2\/product_tag?post=30253"}],"curies":[{"name":"wp","href":"https:\/\/api.w.org\/{rel}","templated":true}]}}