{"id":30241,"date":"2025-02-20T22:31:47","date_gmt":"2025-02-20T22:31:47","guid":{"rendered":"http:\/\/olemosaic.com\/producto\/bol-de-ceramica-de-11-cm-salamandra-barcelona-beige\/"},"modified":"2025-07-25T19:40:47","modified_gmt":"2025-07-25T17:40:47","slug":"bol-en-ceramique-de-11-cm-salamandre-barcelone-beige","status":"publish","type":"product","link":"https:\/\/olemosaic.com\/fr\/produit\/bol-en-ceramique-de-11-cm-salamandre-barcelone-beige\/","title":{"rendered":"Bol en c\u00e9ramique de 11 cm. Salamandre. Barcelone. Beige"},"content":{"rendered":"<p>Ce charmant bol en c\u00e9ramique de 11 cm est un reflet authentique de l&rsquo;essence vibrante de Barcelone. D\u00e9cor\u00e9 de salamandres frappantes dans un design en mosa\u00efque, sur un fond beige qui met en valeur le mot \u00ab\u00a0Barcelone\u00a0\u00bb en lettres joyeuses, il \u00e9voque la chaleur et le dynamisme de cette ville embl\u00e9matique. Les salamandres, peintes dans des tons intenses de rouge, bleu et vert, sont accompagn\u00e9es de fleurs d\u00e9licates qui apportent une touche artistique et culturelle au bol, en faisant une pi\u00e8ce attrayante aussi bien pour servir des ap\u00e9ritifs que pour d\u00e9corer n&rsquo;importe quel coin de la maison. Chaque d\u00e9tail du design repr\u00e9sente la riche biodiversit\u00e9 et le style color\u00e9 qui caract\u00e9risent l&rsquo;\u0153uvre c\u00e9l\u00e8bre d&rsquo;Antoni Gaud\u00ed, connu pour ses mosa\u00efques dans l&rsquo;architecture de la ville.<\/p>\n<p>Ce bol se positionne non seulement comme un authentique souvenir de Barcelone, mais aussi comme un rappel culturel de l&rsquo;une des villes les plus embl\u00e9matiques d&rsquo;Espagne. Sa polyvalence le rend id\u00e9al pour les touristes \u00e0 la recherche de souvenirs qui encapsulent l&rsquo;essence catalane, ce qui en fait un excellent article pour les boutiques de cadeaux touristiques. Chez Ol\u00e9 Mosaic, nous sommes distributeurs de souvenirs en c\u00e9ramique en gros, garantissant l&rsquo;authenticit\u00e9 et la qualit\u00e9 de chaque pi\u00e8ce. Ce bol de salamandres est une option parfaite pour ceux qui souhaitent emporter un morceau de Barcelone avec eux, fusionnant art, culture et fonctionnalit\u00e9 en un seul produit.<\/p>\n","protected":false},"excerpt":{"rendered":"<p>Bol en c\u00e9ramique de 11 cm avec un design charmant qui capture l&rsquo;essence de Barcelone. D\u00e9cor\u00e9 de salamandres color\u00e9es en mosa\u00efque, ce bol pr\u00e9sente un fond beige orn\u00e9 du mot \u00ab\u00a0Barcelone\u00a0\u00bb en lettres joyeuses. Les salamandres, aux tons vibrants de rouge, bleu et vert, sont accompagn\u00e9es de fleurs, apportant une touche artistique et culturelle. Id\u00e9al pour servir des ap\u00e9ritifs ou comme pi\u00e8ce d\u00e9corative dans votre maison.<\/p>\n","protected":false},"featured_media":7293,"template":"","meta":{"_acf_changed":false},"product_brand":[],"product_cat":[521],"product_tag":[530,585],"class_list":{"0":"post-30241","1":"product","2":"type-product","3":"status-publish","4":"has-post-thumbnail","6":"product_cat-bols","7":"product_tag-animaux","8":"product_tag-ceramique","9":"pa_ciudad-barcelona","10":"pa_motivo-salamandres","11":"pa_pais-espana","13":"first","14":"instock","15":"shipping-taxable","16":"product-type-simple"},"acf":[],"_links":{"self":[{"href":"https:\/\/olemosaic.com\/fr\/wp-json\/wp\/v2\/product\/30241","targetHints":{"allow":["GET"]}}],"collection":[{"href":"https:\/\/olemosaic.com\/fr\/wp-json\/wp\/v2\/product"}],"about":[{"href":"https:\/\/olemosaic.com\/fr\/wp-json\/wp\/v2\/types\/product"}],"wp:featuredmedia":[{"embeddable":true,"href":"https:\/\/olemosaic.com\/fr\/wp-json\/wp\/v2\/media\/7293"}],"wp:attachment":[{"href":"https:\/\/olemosaic.com\/fr\/wp-json\/wp\/v2\/media?parent=30241"}],"wp:term":[{"taxonomy":"product_brand","embeddable":true,"href":"https:\/\/olemosaic.com\/fr\/wp-json\/wp\/v2\/product_brand?post=30241"},{"taxonomy":"product_cat","embeddable":true,"href":"https:\/\/olemosaic.com\/fr\/wp-json\/wp\/v2\/product_cat?post=30241"},{"taxonomy":"product_tag","embeddable":true,"href":"https:\/\/olemosaic.com\/fr\/wp-json\/wp\/v2\/product_tag?post=30241"}],"curies":[{"name":"wp","href":"https:\/\/api.w.org\/{rel}","templated":true}]}}