{"id":30219,"date":"2025-02-20T22:31:46","date_gmt":"2025-02-20T22:31:46","guid":{"rendered":"http:\/\/olemosaic.com\/producto\/funda-de-telefono-para-samsung-a14-tpu-mosaico-barcelona-blanco\/"},"modified":"2025-07-25T22:59:37","modified_gmt":"2025-07-25T20:59:37","slug":"coque-telephone-samsung-a14-tpu-mosaique-barcelone-blanc","status":"publish","type":"product","link":"https:\/\/olemosaic.com\/fr\/produit\/coque-telephone-samsung-a14-tpu-mosaique-barcelone-blanc\/","title":{"rendered":"Coque de t\u00e9l\u00e9phone pour Samsung A14 (TPU). Mosa\u00efque. Barcelone. Blanc"},"content":{"rendered":"<p>Ce design \u00e9l\u00e9gant et vibrant de coque pour le t\u00e9l\u00e9phone Samsung A14 est une repr\u00e9sentation authentique de l&#8217;embl\u00e9matique mosa\u00efque de Barcelone. Fabriqu\u00e9e en TPU, cette coque offre non seulement une protection efficace contre les chocs et les rayures, mais orne \u00e9galement votre appareil d&rsquo;un motif spectaculaire de mosa\u00efques dans les tons bleu, rouge et orange sur un fond blanc, \u00e9voquant la riche tradition artistique de la cit\u00e9 comtale. Le design, inspir\u00e9 de l&rsquo;architecture moderniste et des mosa\u00efques de Gaud\u00ed, est un hommage visuel \u00e0 la cr\u00e9ativit\u00e9 et \u00e0 l&rsquo;esprit de Barcelone. Le mot \u00ab\u00a0Barcelone\u00a0\u00bb est \u00e9l\u00e9gamment imprim\u00e9 en bas, faisant de cette coque un souvenir parfait pour ceux qui souhaitent emporter un morceau de cette ville vibrante avec eux.<\/p>\n<p>L&rsquo;utilisation du mat\u00e9riau TPU garantit que la coque est flexible, durable et l\u00e9g\u00e8re, offrant un ajustement parfait \u00e0 l&rsquo;appareil et un acc\u00e8s facile \u00e0 tous les boutons et ports. Cette coque en mosa\u00efque n&rsquo;est pas seulement une excellente option de souvenir pour les touristes \u00e0 la recherche de quelque chose d&rsquo;authentique de leur visite \u00e0 Barcelone, mais aussi une fa\u00e7on chic d&rsquo;exprimer son amour pour cette ville embl\u00e9matique. Chez Ol\u00e9 Mosaic, nous nous sp\u00e9cialisons dans la distribution de souvenirs en gros, offrant des produits qui capturent l&rsquo;essence et la culture de chaque coin d&rsquo;Espagne. Cet accessoire est id\u00e9al pour les boutiques de cadeaux touristiques \u00e0 la recherche d&rsquo;articles uniques et de qualit\u00e9, devenant une pi\u00e8ce essentielle de toute collection de souvenirs de Barcelone.<\/p>\n","protected":false},"excerpt":{"rendered":"<p>Coque pour t\u00e9l\u00e9phone Samsung A14 fabriqu\u00e9e en TPU, d\u00e9cor\u00e9e d&rsquo;un design vibrant de mosa\u00efque inspir\u00e9 de l&rsquo;architecture de Barcelone. Cet accessoire \u00e9l\u00e9gant pr\u00e9sente une vari\u00e9t\u00e9 de motifs dans les couleurs bleu, rouge et orange sur un fond blanc, capturant l&rsquo;essence du style artistique catalan. Avec le mot \u00ab\u00a0Barcelone\u00a0\u00bb imprim\u00e9, elle est parfaite pour ceux qui souhaitent emporter un morceau de la cit\u00e9 comtale toujours avec eux, alliant style et protection pour leur appareil.<\/p>\n","protected":false},"featured_media":12540,"template":"","meta":{"_acf_changed":false},"product_brand":[],"product_cat":[674],"product_tag":[],"class_list":{"0":"post-30219","1":"product","2":"type-product","3":"status-publish","4":"has-post-thumbnail","6":"product_cat-etuis-pour-telephones-portables","7":"pa_ciudad-barcelona","8":"pa_motivo-mosaique","9":"pa_pais-espana","11":"first","12":"instock","13":"shipping-taxable","14":"product-type-simple"},"acf":[],"_links":{"self":[{"href":"https:\/\/olemosaic.com\/fr\/wp-json\/wp\/v2\/product\/30219","targetHints":{"allow":["GET"]}}],"collection":[{"href":"https:\/\/olemosaic.com\/fr\/wp-json\/wp\/v2\/product"}],"about":[{"href":"https:\/\/olemosaic.com\/fr\/wp-json\/wp\/v2\/types\/product"}],"wp:featuredmedia":[{"embeddable":true,"href":"https:\/\/olemosaic.com\/fr\/wp-json\/wp\/v2\/media\/12540"}],"wp:attachment":[{"href":"https:\/\/olemosaic.com\/fr\/wp-json\/wp\/v2\/media?parent=30219"}],"wp:term":[{"taxonomy":"product_brand","embeddable":true,"href":"https:\/\/olemosaic.com\/fr\/wp-json\/wp\/v2\/product_brand?post=30219"},{"taxonomy":"product_cat","embeddable":true,"href":"https:\/\/olemosaic.com\/fr\/wp-json\/wp\/v2\/product_cat?post=30219"},{"taxonomy":"product_tag","embeddable":true,"href":"https:\/\/olemosaic.com\/fr\/wp-json\/wp\/v2\/product_tag?post=30219"}],"curies":[{"name":"wp","href":"https:\/\/api.w.org\/{rel}","templated":true}]}}