{"id":30217,"date":"2025-02-20T22:31:46","date_gmt":"2025-02-20T22:31:46","guid":{"rendered":"http:\/\/olemosaic.com\/producto\/funda-de-telefono-para-iphone-11-tpu-mosaico-barcelona-blanco\/"},"modified":"2025-07-25T19:35:05","modified_gmt":"2025-07-25T17:35:05","slug":"coque-telephone-iphone-11-tpu-mosaique-barcelone-blanc","status":"publish","type":"product","link":"https:\/\/olemosaic.com\/fr\/produit\/coque-telephone-iphone-11-tpu-mosaique-barcelone-blanc\/","title":{"rendered":"Coque de t\u00e9l\u00e9phone pour iPhone 11 (TPU). Mosa\u00efque. Barcelone. Blanc"},"content":{"rendered":"<p>Ce design \u00e9l\u00e9gant et color\u00e9 de coque pour iPhone 11 est un hommage au modernisme vibrant de Barcelone, l&rsquo;une des villes les plus embl\u00e9matiques d&rsquo;Espagne. Fabriqu\u00e9e en TPU r\u00e9sistant, cette coque offre non seulement une protection sup\u00e9rieure pour votre appareil, mais devient \u00e9galement une expression artistique de la riche culture visuelle catalane. La surface blanche fait ressortir une mosa\u00efque complexe qui d\u00e9ploie une palette de couleurs vibrantes, avec des bleus, des rouges, des oranges et des jaunes qui donnent vie \u00e0 ses motifs g\u00e9om\u00e9triques. Le texte \u00ab\u00a0Barcelone\u00a0\u00bb imprim\u00e9 en bas ajoute une touche distinctive, un rappel constant de la majest\u00e9 de cette m\u00e9tropole.<\/p>\n<p>Ce souvenir capture l&rsquo;essence de l&rsquo;art de Gaud\u00ed, c\u00e9l\u00e8bre pour ses mosa\u00efques color\u00e9es pr\u00e9sentes dans divers monuments de la ville, et devient un accessoire parfait pour tout amateur d&rsquo;architecture et de design. En choisissant cette coque, vous ne prot\u00e9gez pas seulement votre iPhone 11, vous emportez \u00e9galement avec vous un morceau de la culture barcelonaise. Id\u00e9al pour les touristes et les amateurs de souvenirs authentiques, ce produit est une excellente option pour les boutiques de cadeaux touristiques cherchant \u00e0 proposer des articles de qualit\u00e9 refl\u00e9tant l&rsquo;idiosyncrasie de la r\u00e9gion. Chez Ol\u00e9 Mosaic, nous nous sp\u00e9cialisons dans la distribution de souvenirs en gros, garantissant l&rsquo;authenticit\u00e9 et un design attrayant pour chaque produit. Avec notre offre de coques de t\u00e9l\u00e9phone, les clients trouveront le souvenir parfait de Barcelone.<\/p>\n","protected":false},"excerpt":{"rendered":"<p>Coque pour iPhone 11 fabriqu\u00e9e en TPU, d\u00e9cor\u00e9e d&rsquo;un design vibrant de mosa\u00efques qui rend hommage au modernisme barcelonais. Sa surface blanche affiche une palette de couleurs vari\u00e9e, combinant bleus, rouges, oranges et jaunes dans des motifs g\u00e9om\u00e9triques complexes. Avec le mot \u00ab\u00a0Barcelone\u00a0\u00bb imprim\u00e9, cette coque prot\u00e8ge non seulement votre appareil, mais c\u00e9l\u00e8bre \u00e9galement la riche culture visuelle de la ville, en faisant un accessoire attrayant et fonctionnel.<\/p>\n","protected":false},"featured_media":12139,"template":"","meta":{"_acf_changed":false},"product_brand":[],"product_cat":[674],"product_tag":[],"class_list":{"0":"post-30217","1":"product","2":"type-product","3":"status-publish","4":"has-post-thumbnail","6":"product_cat-etuis-pour-telephones-portables","7":"pa_ciudad-barcelona","8":"pa_motivo-mosaique","9":"pa_pais-espana","11":"first","12":"instock","13":"shipping-taxable","14":"product-type-simple"},"acf":[],"_links":{"self":[{"href":"https:\/\/olemosaic.com\/fr\/wp-json\/wp\/v2\/product\/30217","targetHints":{"allow":["GET"]}}],"collection":[{"href":"https:\/\/olemosaic.com\/fr\/wp-json\/wp\/v2\/product"}],"about":[{"href":"https:\/\/olemosaic.com\/fr\/wp-json\/wp\/v2\/types\/product"}],"wp:featuredmedia":[{"embeddable":true,"href":"https:\/\/olemosaic.com\/fr\/wp-json\/wp\/v2\/media\/12139"}],"wp:attachment":[{"href":"https:\/\/olemosaic.com\/fr\/wp-json\/wp\/v2\/media?parent=30217"}],"wp:term":[{"taxonomy":"product_brand","embeddable":true,"href":"https:\/\/olemosaic.com\/fr\/wp-json\/wp\/v2\/product_brand?post=30217"},{"taxonomy":"product_cat","embeddable":true,"href":"https:\/\/olemosaic.com\/fr\/wp-json\/wp\/v2\/product_cat?post=30217"},{"taxonomy":"product_tag","embeddable":true,"href":"https:\/\/olemosaic.com\/fr\/wp-json\/wp\/v2\/product_tag?post=30217"}],"curies":[{"name":"wp","href":"https:\/\/api.w.org\/{rel}","templated":true}]}}