{"id":30215,"date":"2025-02-20T23:31:46","date_gmt":"2025-02-20T22:31:46","guid":{"rendered":"http:\/\/olemosaic.com\/producto\/botella-inox-350-ml-patio\/"},"modified":"2025-07-25T18:36:17","modified_gmt":"2025-07-25T16:36:17","slug":"bouteille-inox-350-ml-patio","status":"publish","type":"product","link":"https:\/\/olemosaic.com\/fr\/produit\/bouteille-inox-350-ml-patio\/","title":{"rendered":"Bouteille inox 350 ml. Patio."},"content":{"rendered":"<p>Ce produit \u00e9l\u00e9gant est une bouteille en acier inoxydable de 350 ml, orn\u00e9e de sc\u00e8nes vibrantes refl\u00e9tant l&rsquo;essence authentique d&rsquo;un patio andalou. La d\u00e9coration pr\u00e9sente une danseuse de flamenco, v\u00eatue d&rsquo;une robe rouge \u00e0 pois, en plein mouvement, capturant la passion du flamenco. \u00c0 ses c\u00f4t\u00e9s, un danseur en costume typique compl\u00e8te la sc\u00e8ne, entour\u00e9 de pots de fleurs et d&rsquo;autres \u00e9l\u00e9ments culturels \u00e9voquant la riche tradition et la chaleur de la culture espagnole. Chaque d\u00e9tail du design, des couleurs vives \u00e0 la mosa\u00efque complexe repr\u00e9sentant le patio, a \u00e9t\u00e9 r\u00e9alis\u00e9 avec une technique d&rsquo;illustration m\u00e9ticuleuse qui fait de cette bouteille une pi\u00e8ce ma\u00eetresse comme authentique souvenir espagnol. En plus d&rsquo;\u00eatre un objet fonctionnel, elle repr\u00e9sente un souvenir culturel qui connecte les touristes \u00e0 la vie andalouse vibrante.<\/p>\n<p>Id\u00e9ale pour apporter une touche d&rsquo;Espagne n&rsquo;importe o\u00f9, cette bouteille est le cadeau parfait pour ceux qui recherchent des souvenirs d&rsquo;Andalousie \u00e0 la fois pratiques et artistiquement uniques. Chez Ol\u00e9 Mosaic, en tant que distributeurs en gros de souvenirs, nous garantissons l&rsquo;authenticit\u00e9 et la qualit\u00e9 de chacun de nos produits. Cette bouteille en acier inoxydable est une excellente option pour les boutiques de cadeaux touristiques souhaitant proposer des articles pertinents et culturellement significatifs.<\/p>\n","protected":false},"excerpt":{"rendered":"<p>Bouteille en acier inoxydable de 350 ml, d\u00e9cor\u00e9e de sc\u00e8nes vibrantes d&rsquo;un patio andalou. Le design comprend une danseuse de flamenco v\u00eatue de rouge \u00e0 pois et un danseur en costume typique, tous deux entour\u00e9s de pots de fleurs et d&rsquo;\u00e9l\u00e9ments culturels \u00e9voquant l&rsquo;essence du flamenco. L&rsquo;illustration pr\u00e9sente des couleurs vives et des d\u00e9tails qui refl\u00e8tent la chaleur de la culture espagnole, en faisant un souvenir id\u00e9al pour emporter une touche d&rsquo;Espagne partout avec soi.<\/p>\n","protected":false},"featured_media":12782,"template":"","meta":{"_acf_changed":false},"product_brand":[],"product_cat":[784],"product_tag":[],"class_list":{"0":"post-30215","1":"product","2":"type-product","3":"status-publish","4":"has-post-thumbnail","6":"product_cat-bouteilles-inox","7":"pa_motivo-cours-interieures","9":"first","10":"instock","11":"shipping-taxable","12":"product-type-simple"},"acf":[],"_links":{"self":[{"href":"https:\/\/olemosaic.com\/fr\/wp-json\/wp\/v2\/product\/30215","targetHints":{"allow":["GET"]}}],"collection":[{"href":"https:\/\/olemosaic.com\/fr\/wp-json\/wp\/v2\/product"}],"about":[{"href":"https:\/\/olemosaic.com\/fr\/wp-json\/wp\/v2\/types\/product"}],"wp:featuredmedia":[{"embeddable":true,"href":"https:\/\/olemosaic.com\/fr\/wp-json\/wp\/v2\/media\/12782"}],"wp:attachment":[{"href":"https:\/\/olemosaic.com\/fr\/wp-json\/wp\/v2\/media?parent=30215"}],"wp:term":[{"taxonomy":"product_brand","embeddable":true,"href":"https:\/\/olemosaic.com\/fr\/wp-json\/wp\/v2\/product_brand?post=30215"},{"taxonomy":"product_cat","embeddable":true,"href":"https:\/\/olemosaic.com\/fr\/wp-json\/wp\/v2\/product_cat?post=30215"},{"taxonomy":"product_tag","embeddable":true,"href":"https:\/\/olemosaic.com\/fr\/wp-json\/wp\/v2\/product_tag?post=30215"}],"curies":[{"name":"wp","href":"https:\/\/api.w.org\/{rel}","templated":true}]}}