{"id":30204,"date":"2025-02-20T22:31:45","date_gmt":"2025-02-20T22:31:45","guid":{"rendered":"http:\/\/olemosaic.com\/producto\/posavasos-de-ceramica-salamandra\/"},"modified":"2025-07-25T20:04:49","modified_gmt":"2025-07-25T18:04:49","slug":"dessous-de-verre-en-ceramique-salamandre","status":"publish","type":"product","link":"https:\/\/olemosaic.com\/fr\/produit\/dessous-de-verre-en-ceramique-salamandre\/","title":{"rendered":"Dessous de verre en c\u00e9ramique. Salamandre."},"content":{"rendered":"<p>Cet \u00e9l\u00e9gant dessous de verre en c\u00e9ramique au design de salamandres est une repr\u00e9sentation artistique unique de l&rsquo;esth\u00e9tique vibrante de l&rsquo;architecture m\u00e9diterran\u00e9enne. Sur un fond gris clair, le dessous de verre se distingue par ses mosa\u00efques color\u00e9es montrant des salamandres dans les tons rouge, bleu et vert, comme si elles dansaient parmi des fleurs aux nuances joyeuses de jaune et de bleu. Chaque salamandre est soigneusement \u00e9labor\u00e9e, soulignant sa forme et sa couleur gr\u00e2ce \u00e0 une technique de peinture d\u00e9taill\u00e9e qui offre une finition brillante, apportant une touche contemporaine \u00e0 n&rsquo;importe quel environnement.<\/p>\n<p>Ce dessous de verre n&rsquo;est pas seulement un accessoire fonctionnel, mais il symbolise \u00e9galement la riche tradition de la c\u00e9ramique m\u00e9diterran\u00e9enne, reliant les touristes \u00e0 l&rsquo;h\u00e9ritage culturel de la r\u00e9gion. Les salamandres, consid\u00e9r\u00e9es dans de nombreuses cultures comme des symboles de transformation et de renouveau, ajoutent une valeur suppl\u00e9mentaire au souvenir, en faisant un \u00e9l\u00e9ment repr\u00e9sentatif des paysages et du folklore local.<\/p>\n<p>Chez Ol\u00e9 Mosaic, nous proposons des produits authentiques et de qualit\u00e9. Ce dessous de verre en c\u00e9ramique est un cadeau parfait pour ceux qui recherchent des souvenirs en c\u00e9ramique uniques, et aussi une excellente option pour les boutiques de cadeaux touristiques qui souhaitent pr\u00e9senter des pi\u00e8ces c\u00e9l\u00e9brant la beaut\u00e9 et la tradition de la M\u00e9diterran\u00e9e. En tant que grossiste en c\u00e9ramique, nous garantissons des produits artisanaux qui se distinguent par leur originalit\u00e9 et leur connexion culturelle.<\/p>\n","protected":false},"excerpt":{"rendered":"<p>Dessous de verre en c\u00e9ramique au design de salamandres, inspir\u00e9 par l&rsquo;esth\u00e9tique vibrante de l&rsquo;architecture m\u00e9diterran\u00e9enne. Cet \u00e9l\u00e9gant dessous de verre pr\u00e9sente un fond gris clair orn\u00e9 de mosa\u00efques color\u00e9es de salamandres rouges, bleues et vertes, entrelac\u00e9es avec des fleurs dans les tons jaunes et bleus. La finition brillante et la technique de peinture d\u00e9taill\u00e9e ajoutent une touche artistique et contemporaine, faisant de cet accessoire une pi\u00e8ce id\u00e9ale pour compl\u00e9ter n&rsquo;importe quelle table.<\/p>\n","protected":false},"featured_media":8668,"template":"","meta":{"_acf_changed":false},"product_brand":[],"product_cat":[812],"product_tag":[530,585],"class_list":{"0":"post-30204","1":"product","2":"type-product","3":"status-publish","4":"has-post-thumbnail","6":"product_cat-sous-verres","7":"product_tag-animaux","8":"product_tag-ceramique","9":"pa_motivo-salamandres","11":"first","12":"instock","13":"shipping-taxable","14":"product-type-simple"},"acf":[],"_links":{"self":[{"href":"https:\/\/olemosaic.com\/fr\/wp-json\/wp\/v2\/product\/30204","targetHints":{"allow":["GET"]}}],"collection":[{"href":"https:\/\/olemosaic.com\/fr\/wp-json\/wp\/v2\/product"}],"about":[{"href":"https:\/\/olemosaic.com\/fr\/wp-json\/wp\/v2\/types\/product"}],"wp:featuredmedia":[{"embeddable":true,"href":"https:\/\/olemosaic.com\/fr\/wp-json\/wp\/v2\/media\/8668"}],"wp:attachment":[{"href":"https:\/\/olemosaic.com\/fr\/wp-json\/wp\/v2\/media?parent=30204"}],"wp:term":[{"taxonomy":"product_brand","embeddable":true,"href":"https:\/\/olemosaic.com\/fr\/wp-json\/wp\/v2\/product_brand?post=30204"},{"taxonomy":"product_cat","embeddable":true,"href":"https:\/\/olemosaic.com\/fr\/wp-json\/wp\/v2\/product_cat?post=30204"},{"taxonomy":"product_tag","embeddable":true,"href":"https:\/\/olemosaic.com\/fr\/wp-json\/wp\/v2\/product_tag?post=30204"}],"curies":[{"name":"wp","href":"https:\/\/api.w.org\/{rel}","templated":true}]}}