{"id":30203,"date":"2025-02-20T23:31:45","date_gmt":"2025-02-20T22:31:45","guid":{"rendered":"http:\/\/olemosaic.com\/producto\/portavelas-de-ceramica-ronda-blanco\/"},"modified":"2025-07-25T18:40:22","modified_gmt":"2025-07-25T16:40:22","slug":"photophore-en-ceramique-ronda-blanc","status":"publish","type":"product","link":"https:\/\/olemosaic.com\/fr\/produit\/photophore-en-ceramique-ronda-blanc\/","title":{"rendered":"Photophore en c\u00e9ramique. Ronda. Blanc."},"content":{"rendered":"<p>Ce photophore \u00e9l\u00e9gant en c\u00e9ramique, inspir\u00e9 par la ville embl\u00e9matique de Ronda, est une pi\u00e8ce artisanale qui apporte une touche de lumi\u00e8re et de tradition \u00e0 n&rsquo;importe quel espace. Son design de couleur blanche cr\u00e9e un fond parfait pour mettre en valeur les illustrations vibrantes qui ornent sa surface. Le photophore pr\u00e9sente des vues panoramiques captivantes du c\u00e9l\u00e8bre Pont Neuf de Ronda, symbole architectural de la ville, accompagn\u00e9 de la figure d&rsquo;un taureau, \u00e9l\u00e9ment traditionnel qui rend hommage \u00e0 la culture taurine de la r\u00e9gion. D\u00e9cor\u00e9 d&rsquo;une mosa\u00efque color\u00e9e et de d\u00e9tails textur\u00e9s, ce photophore capture l&rsquo;essence du paysage andalou.<\/p>\n<p>L&rsquo;inscription \u00ab\u00a0RONDA\u00a0\u00bb, dans un style frappant, souligne le caract\u00e8re authentique de ce souvenir, \u00e9labor\u00e9 de mani\u00e8re artisanale par des artisans locaux. Ce produit n&rsquo;est pas seulement une source de lumi\u00e8re, mais aussi un souvenir repr\u00e9sentatif de la riche histoire et culture de Ronda, une destination touristique acclam\u00e9e pour sa beaut\u00e9 naturelle et son patrimoine culturel. Chez Ol\u00e9 Mosaic, nous nous sp\u00e9cialisons dans la distribution en gros de souvenirs authentiques, et ce photophore en c\u00e9ramique est une excellente option pour les boutiques de cadeaux touristiques qui cherchent \u00e0 offrir des produits uniques et significatifs. Sa pertinence culturelle et son esth\u00e9tique attrayante en font un cadeau id\u00e9al pour ceux qui souhaitent ramener un morceau d&rsquo;Espagne.<\/p>\n","protected":false},"excerpt":{"rendered":"<p>Photophore en c\u00e9ramique inspir\u00e9 par la belle ville de Ronda. Cet \u00e9l\u00e9gant photophore blanc pr\u00e9sente un design vibrant avec des vues panoramiques du c\u00e9l\u00e8bre pont de Ronda et une figure de taureau, d\u00e9cor\u00e9 d&rsquo;une mosa\u00efque color\u00e9e et de d\u00e9tails textur\u00e9s. Le texte \u00ab\u00a0RONDA\u00a0\u00bb est imprim\u00e9 dans un style frappant, compl\u00e9tant l&rsquo;artisanat de design artisanal, peint \u00e0 la main, qui souligne la richesse culturelle de cette destination andalouse embl\u00e9matique. Parfait pour apporter une touche de lumi\u00e8re et de tradition \u00e0 n&rsquo;importe quel espace.<\/p>\n","protected":false},"featured_media":9994,"template":"","meta":{"_acf_changed":false},"product_brand":[],"product_cat":[809],"product_tag":[530,585],"class_list":{"0":"post-30203","1":"product","2":"type-product","3":"status-publish","4":"has-post-thumbnail","6":"product_cat-photophores","7":"product_tag-animaux","8":"product_tag-ceramique","9":"pa_ciudad-ronda","10":"pa_pais-espana","12":"first","13":"instock","14":"shipping-taxable","15":"product-type-simple"},"acf":[],"_links":{"self":[{"href":"https:\/\/olemosaic.com\/fr\/wp-json\/wp\/v2\/product\/30203","targetHints":{"allow":["GET"]}}],"collection":[{"href":"https:\/\/olemosaic.com\/fr\/wp-json\/wp\/v2\/product"}],"about":[{"href":"https:\/\/olemosaic.com\/fr\/wp-json\/wp\/v2\/types\/product"}],"wp:featuredmedia":[{"embeddable":true,"href":"https:\/\/olemosaic.com\/fr\/wp-json\/wp\/v2\/media\/9994"}],"wp:attachment":[{"href":"https:\/\/olemosaic.com\/fr\/wp-json\/wp\/v2\/media?parent=30203"}],"wp:term":[{"taxonomy":"product_brand","embeddable":true,"href":"https:\/\/olemosaic.com\/fr\/wp-json\/wp\/v2\/product_brand?post=30203"},{"taxonomy":"product_cat","embeddable":true,"href":"https:\/\/olemosaic.com\/fr\/wp-json\/wp\/v2\/product_cat?post=30203"},{"taxonomy":"product_tag","embeddable":true,"href":"https:\/\/olemosaic.com\/fr\/wp-json\/wp\/v2\/product_tag?post=30203"}],"curies":[{"name":"wp","href":"https:\/\/api.w.org\/{rel}","templated":true}]}}