{"id":30200,"date":"2025-02-20T22:31:45","date_gmt":"2025-02-20T22:31:45","guid":{"rendered":"http:\/\/olemosaic.com\/producto\/funda-de-telefono-para-samsung-a14-tpu-mosaico-azul\/"},"modified":"2025-07-25T20:25:00","modified_gmt":"2025-07-25T18:25:00","slug":"coque-de-telephone-pour-samsung-a14-tpu-mosaique-bleu","status":"publish","type":"product","link":"https:\/\/olemosaic.com\/fr\/produit\/coque-de-telephone-pour-samsung-a14-tpu-mosaique-bleu\/","title":{"rendered":"Coque de t\u00e9l\u00e9phone pour Samsung A14 (TPU). Mosa\u00efque. Bleu"},"content":{"rendered":"<p>Cette \u00e9l\u00e9gante coque pour t\u00e9l\u00e9phone Samsung A14 est une combinaison parfaite de fonctionnalit\u00e9 et de style, con\u00e7ue pour ceux qui souhaitent exprimer leur appr\u00e9ciation pour la riche tradition artistique andalouse. Fabriqu\u00e9e en TPU, cette coque est extr\u00eamement durable et offre une protection robuste contre les chocs et les rayures. Son magnifique design en mosa\u00efque dans les tons bleus \u00e9voque la c\u00e9ramique andalouse embl\u00e9matique, connue pour ses motifs complexes et ses couleurs vibrantes. Le fond bleu intense est orn\u00e9 d&rsquo;un design sophistiqu\u00e9 de pi\u00e8ces g\u00e9om\u00e9triques blanches, qui s&rsquo;entrelacent pour cr\u00e9er un effet visuel percutant et attrayant.<\/p>\n<p>L&rsquo;azulejo, symbole de la culture et de l&rsquo;esth\u00e9tique espagnole, se refl\u00e8te dans ce produit, ce qui en fait un cadeau id\u00e9al pour les touristes qui cherchent \u00e0 ramener chez eux un morceau d&rsquo;Andalousie. De plus, la coque ne se distingue pas seulement par son design artistique, mais elle assure \u00e9galement la protection de l&rsquo;appareil sans renoncer \u00e0 l&rsquo;\u00e9l\u00e9gance. Chez Ol\u00e9 Mosaic, nous sommes des distributeurs de souvenirs authentiques et repr\u00e9sentatifs, et cette coque de t\u00e9l\u00e9phone est une excellente option pour les boutiques de cadeaux touristiques qui souhaitent proposer des produits de qualit\u00e9 capturant l&rsquo;essence du patrimoine culturel espagnol. Ce souvenir design est non seulement pratique, mais il raconte aussi une histoire, transformant chaque utilisation en un rappel de la beaut\u00e9 de l&rsquo;Andalousie.<\/p>\n","protected":false},"excerpt":{"rendered":"<p>Coque pour Samsung A14 fabriqu\u00e9e en TPU, d\u00e9cor\u00e9e d&rsquo;un \u00e9l\u00e9gant design de mosa\u00efque dans les tons bleus. La coque pr\u00e9sente un motif de pi\u00e8ces g\u00e9om\u00e9triques blanches sur un fond bleu intense, \u00e9voquant la riche tradition de la c\u00e9ramique andalouse. Son design prot\u00e8ge non seulement l&rsquo;appareil, mais apporte \u00e9galement une touche artistique et distinctive. Id\u00e9al pour ceux qui recherchent une combinaison de fonctionnalit\u00e9 et de style inspir\u00e9e par la beaut\u00e9 du patrimoine culturel espagnol.<\/p>\n","protected":false},"featured_media":12549,"template":"","meta":{"_acf_changed":false},"product_brand":[],"product_cat":[674],"product_tag":[],"class_list":{"0":"post-30200","1":"product","2":"type-product","3":"status-publish","4":"has-post-thumbnail","6":"product_cat-etuis-pour-telephones-portables","7":"pa_motivo-mosaique","9":"first","10":"instock","11":"shipping-taxable","12":"product-type-simple"},"acf":[],"_links":{"self":[{"href":"https:\/\/olemosaic.com\/fr\/wp-json\/wp\/v2\/product\/30200","targetHints":{"allow":["GET"]}}],"collection":[{"href":"https:\/\/olemosaic.com\/fr\/wp-json\/wp\/v2\/product"}],"about":[{"href":"https:\/\/olemosaic.com\/fr\/wp-json\/wp\/v2\/types\/product"}],"wp:featuredmedia":[{"embeddable":true,"href":"https:\/\/olemosaic.com\/fr\/wp-json\/wp\/v2\/media\/12549"}],"wp:attachment":[{"href":"https:\/\/olemosaic.com\/fr\/wp-json\/wp\/v2\/media?parent=30200"}],"wp:term":[{"taxonomy":"product_brand","embeddable":true,"href":"https:\/\/olemosaic.com\/fr\/wp-json\/wp\/v2\/product_brand?post=30200"},{"taxonomy":"product_cat","embeddable":true,"href":"https:\/\/olemosaic.com\/fr\/wp-json\/wp\/v2\/product_cat?post=30200"},{"taxonomy":"product_tag","embeddable":true,"href":"https:\/\/olemosaic.com\/fr\/wp-json\/wp\/v2\/product_tag?post=30200"}],"curies":[{"name":"wp","href":"https:\/\/api.w.org\/{rel}","templated":true}]}}